{"id":583,"date":"2021-04-27T09:52:39","date_gmt":"2021-04-27T07:52:39","guid":{"rendered":"http:\/\/mas.visualmedia7.alfahosting.org\/?page_id=583"},"modified":"2024-10-22T14:03:11","modified_gmt":"2024-10-22T12:03:11","slug":"pressmembranen","status":"publish","type":"page","link":"https:\/\/mas-keltereiprodukte.de\/fr\/pressmembranen\/","title":{"rendered":"Membranes de pressurage"},"content":{"rendered":"<p>[et_pb_section fb_built=&#8220;1&#8243; _builder_version=&#8220;4.16&#8243; background_color=&#8220;#f2f2f2&#8243; custom_padding=&#8220;||34px|||&#8220; global_colors_info=&#8220;{}&#8220;][et_pb_row _builder_version=&#8220;4.16&#8243; global_colors_info=&#8220;{}&#8220;][et_pb_column type=&#8220;4_4&#8243; _builder_version=&#8220;4.16&#8243; custom_padding=&#8220;|||&#8220; global_colors_info=&#8220;{}&#8220; custom_padding__hover=&#8220;|||&#8220;][et_pb_text _builder_version=&#8220;4.16&#8243; global_colors_info=&#8220;{}&#8220;]<\/p>\n<h1 style=\"text-align: center;\"><strong>Pressmembranen<\/strong><\/h1>\n<p>[\/et_pb_text][et_pb_divider color=&#8220;#fe4701&#8243; divider_weight=&#8220;2px&#8220; _builder_version=&#8220;4.16&#8243; width=&#8220;50%&#8220; module_alignment=&#8220;center&#8220; global_colors_info=&#8220;{}&#8220;][\/et_pb_divider][\/et_pb_column][\/et_pb_row][\/et_pb_section][et_pb_section fb_built=&#8220;1&#8243; _builder_version=&#8220;4.16&#8243; background_color=&#8220;#ffffff&#8220; global_colors_info=&#8220;{}&#8220;][et_pb_row column_structure=&#8220;1_2,1_2&#8243; _builder_version=&#8220;4.16&#8243; _module_preset=&#8220;default&#8220; global_colors_info=&#8220;{}&#8220;][et_pb_column type=&#8220;1_2&#8243; _builder_version=&#8220;4.16&#8243; _module_preset=&#8220;default&#8220; global_colors_info=&#8220;{}&#8220;][et_pb_text _builder_version=&#8220;4.16&#8243; _module_preset=&#8220;default&#8220; global_colors_info=&#8220;{}&#8220;]<\/p>\n<p><strong>Eigene Produktion von Pressmembranen in garantierter Qualit\u00e4t<\/strong><\/p>\n<p>Sie ben\u00f6tigen eine neue Pressmembrane f\u00fcr Ihre Traubenpresse? Wir produzieren und liefern sie.<\/p>\n<p>G\u00e4ngige Modelle haben wir auf Lager, seltene und ausgefallene Modelle k\u00f6nnen wir innerhalb weniger Tage nach Ma\u00df fertigen.\u00a0<\/p>\n<p>Unsere Membranen werden aus einem besonderen, sehr widerstandsf\u00e4higen und dennoch au\u00dfergew\u00f6hnlich elastischen Gewebe hergestellt, das speziell f\u00fcr uns konzipiert wurde und sich bestens mit der Beschichtung verbindet.<\/p>\n<p>Modernste Hochfrequenz-Schwei\u00dfmaschinen in Kombination mit jahrzehntelanger Erfahrung wandeln dieses einzigartige Material in Pressmembranen bester Qualit\u00e4t um.<\/p>\n<p>&nbsp;<\/p>\n<p>[\/et_pb_text][\/et_pb_column][et_pb_column type=&#8220;1_2&#8243; _builder_version=&#8220;4.16&#8243; _module_preset=&#8220;default&#8220; global_colors_info=&#8220;{}&#8220;][et_pb_image src=&#8220;https:\/\/mas-keltereiprodukte.de\/wp-content\/uploads\/2021\/04\/pressmembranenweb1-e1728976242992.jpg&#8220; title_text=&#8220;pressmembranenweb1&#8243; show_in_lightbox=&#8220;on&#8220; _builder_version=&#8220;4.27.2&#8243; _module_preset=&#8220;default&#8220; global_colors_info=&#8220;{}&#8220;][\/et_pb_image][\/et_pb_column][\/et_pb_row][et_pb_row column_structure=&#8220;1_3,1_3,1_3&#8243; _builder_version=&#8220;4.16&#8243; _module_preset=&#8220;default&#8220; global_colors_info=&#8220;{}&#8220;][et_pb_column type=&#8220;1_3&#8243; _builder_version=&#8220;4.16&#8243; _module_preset=&#8220;default&#8220; global_colors_info=&#8220;{}&#8220;][et_pb_image src=&#8220;https:\/\/mas-keltereiprodukte.de\/wp-content\/uploads\/2021\/04\/pressmembranenweb3.jpg&#8220; title_text=&#8220;pressmembranenweb3&#8243; show_in_lightbox=&#8220;on&#8220; _builder_version=&#8220;4.16&#8243; _module_preset=&#8220;default&#8220; global_colors_info=&#8220;{}&#8220;][\/et_pb_image][\/et_pb_column][et_pb_column type=&#8220;1_3&#8243; _builder_version=&#8220;4.16&#8243; _module_preset=&#8220;default&#8220; global_colors_info=&#8220;{}&#8220;][et_pb_image src=&#8220;https:\/\/mas-keltereiprodukte.de\/wp-content\/uploads\/2021\/04\/pressmembranenweb4.jpg&#8220; title_text=&#8220;pressmembranenweb4&#8243; show_in_lightbox=&#8220;on&#8220; _builder_version=&#8220;4.16&#8243; _module_preset=&#8220;default&#8220; global_colors_info=&#8220;{}&#8220;][\/et_pb_image][\/et_pb_column][et_pb_column type=&#8220;1_3&#8243; _builder_version=&#8220;4.16&#8243; _module_preset=&#8220;default&#8220; global_colors_info=&#8220;{}&#8220;][et_pb_image src=&#8220;https:\/\/mas-keltereiprodukte.de\/wp-content\/uploads\/2021\/04\/pressmembranenweb5.jpg&#8220; title_text=&#8220;pressmembranenweb5&#8243; show_in_lightbox=&#8220;on&#8220; _builder_version=&#8220;4.16&#8243; _module_preset=&#8220;default&#8220; global_colors_info=&#8220;{}&#8220;][\/et_pb_image][\/et_pb_column][\/et_pb_row][\/et_pb_section][et_pb_section fb_built=&#8220;1&#8243; _builder_version=&#8220;4.16&#8243; background_color=&#8220;#f7f7f7&#8243; global_colors_info=&#8220;{}&#8220;][et_pb_row _builder_version=&#8220;4.16&#8243; global_colors_info=&#8220;{}&#8220;][et_pb_column type=&#8220;4_4&#8243; _builder_version=&#8220;4.16&#8243; custom_padding=&#8220;|||&#8220; global_colors_info=&#8220;{}&#8220; custom_padding__hover=&#8220;|||&#8220;][et_pb_text _builder_version=&#8220;4.16&#8243; global_colors_info=&#8220;{}&#8220;]<\/p>\n<h1 style=\"text-align: center;\">Kontaktieren Sie uns<\/h1>\n<p>[\/et_pb_text][et_pb_button button_text=&#8220;Anfrage &#8220; button_alignment=&#8220;center&#8220; _builder_version=&#8220;4.27.2&#8243; custom_button=&#8220;on&#8220; button_text_size=&#8220;18px&#8220; button_text_color=&#8220;#ffffff&#8220; button_bg_color=&#8220;#fe4701&#8243; button_border_width=&#8220;1px&#8220; button_font=&#8220;||||||||&#8220; hover_enabled=&#8220;0&#8243; global_colors_info=&#8220;{}&#8220; button_url=&#8220;https:\/\/mas-keltereiprodukte.de\/kontakt\/&#8220; sticky_enabled=&#8220;0&#8243;][\/et_pb_button][\/et_pb_column][\/et_pb_row][\/et_pb_section]<\/p>\n","protected":false},"excerpt":{"rendered":"<p>PressmembranenEigene Produktion von Pressmembranen in garantierter Qualit\u00e4t Sie ben\u00f6tigen eine neue Pressmembrane f\u00fcr Ihre Traubenpresse? Wir produzieren und liefern sie. G\u00e4ngige Modelle haben wir auf Lager, seltene und ausgefallene Modelle k\u00f6nnen wir innerhalb weniger Tage nach Ma\u00df fertigen.\u00a0 Unsere Membranen werden aus einem besonderen, sehr widerstandsf\u00e4higen und dennoch au\u00dfergew\u00f6hnlich elastischen Gewebe hergestellt, das speziell f\u00fcr [&hellip;]<\/p>\n","protected":false},"author":1,"featured_media":0,"parent":0,"menu_order":0,"comment_status":"closed","ping_status":"closed","template":"","meta":{"_et_pb_use_builder":"on","_et_pb_old_content":"<!-- wp:divi\/placeholder \/-->","_et_gb_content_width":"","footnotes":""},"class_list":["post-583","page","type-page","status-publish","hentry"],"yoast_head":"<!-- This site is optimized with the Yoast SEO plugin v27.4 - https:\/\/yoast.com\/product\/yoast-seo-wordpress\/ -->\n<title>Pressmembranen - Weinpressen und Keltereianlagen - M.A.S. Keltereiprodukte GMBH<\/title>\n<meta name=\"robots\" content=\"index, follow, max-snippet:-1, max-image-preview:large, max-video-preview:-1\" \/>\n<link rel=\"canonical\" href=\"https:\/\/mas-keltereiprodukte.de\/fr\/pressmembranen\/\" \/>\n<meta property=\"og:locale\" content=\"fr_FR\" \/>\n<meta property=\"og:type\" content=\"article\" \/>\n<meta property=\"og:title\" content=\"Pressmembranen - Weinpressen und Keltereianlagen - M.A.S. Keltereiprodukte GMBH\" \/>\n<meta property=\"og:description\" content=\"PressmembranenEigene Produktion von Pressmembranen in garantierter Qualit\u00e4t Sie ben\u00f6tigen eine neue Pressmembrane f\u00fcr Ihre Traubenpresse? Wir produzieren und liefern sie. G\u00e4ngige Modelle haben wir auf Lager, seltene und ausgefallene Modelle k\u00f6nnen wir innerhalb weniger Tage nach Ma\u00df fertigen.\u00a0 Unsere Membranen werden aus einem besonderen, sehr widerstandsf\u00e4higen und dennoch au\u00dfergew\u00f6hnlich elastischen Gewebe hergestellt, das speziell f\u00fcr [&hellip;]\" \/>\n<meta property=\"og:url\" content=\"https:\/\/mas-keltereiprodukte.de\/fr\/pressmembranen\/\" \/>\n<meta property=\"og:site_name\" content=\"Weinpressen und Keltereianlagen - M.A.S. Keltereiprodukte GMBH\" \/>\n<meta property=\"article:modified_time\" content=\"2024-10-22T12:03:11+00:00\" \/>\n<meta name=\"twitter:card\" content=\"summary_large_image\" \/>\n<script type=\"application\/ld+json\" class=\"yoast-schema-graph\">{\"@context\":\"https:\\\/\\\/schema.org\",\"@graph\":[{\"@type\":\"WebPage\",\"@id\":\"https:\\\/\\\/mas-keltereiprodukte.de\\\/pressmembranen\\\/\",\"url\":\"https:\\\/\\\/mas-keltereiprodukte.de\\\/pressmembranen\\\/\",\"name\":\"Pressmembranen - Weinpressen und Keltereianlagen - M.A.S. Keltereiprodukte GMBH\",\"isPartOf\":{\"@id\":\"https:\\\/\\\/mas-keltereiprodukte.de\\\/#website\"},\"datePublished\":\"2021-04-27T07:52:39+00:00\",\"dateModified\":\"2024-10-22T12:03:11+00:00\",\"breadcrumb\":{\"@id\":\"https:\\\/\\\/mas-keltereiprodukte.de\\\/pressmembranen\\\/#breadcrumb\"},\"inLanguage\":\"fr-FR\",\"potentialAction\":[{\"@type\":\"ReadAction\",\"target\":[\"https:\\\/\\\/mas-keltereiprodukte.de\\\/pressmembranen\\\/\"]}]},{\"@type\":\"BreadcrumbList\",\"@id\":\"https:\\\/\\\/mas-keltereiprodukte.de\\\/pressmembranen\\\/#breadcrumb\",\"itemListElement\":[{\"@type\":\"ListItem\",\"position\":1,\"name\":\"Startseite\",\"item\":\"https:\\\/\\\/mas-keltereiprodukte.de\\\/\"},{\"@type\":\"ListItem\",\"position\":2,\"name\":\"Pressmembranen\"}]},{\"@type\":\"WebSite\",\"@id\":\"https:\\\/\\\/mas-keltereiprodukte.de\\\/#website\",\"url\":\"https:\\\/\\\/mas-keltereiprodukte.de\\\/\",\"name\":\"Weinpressen und Keltereianlagen - M.A.S. Keltereiprodukte GMBH\",\"description\":\"\",\"potentialAction\":[{\"@type\":\"SearchAction\",\"target\":{\"@type\":\"EntryPoint\",\"urlTemplate\":\"https:\\\/\\\/mas-keltereiprodukte.de\\\/?s={search_term_string}\"},\"query-input\":{\"@type\":\"PropertyValueSpecification\",\"valueRequired\":true,\"valueName\":\"search_term_string\"}}],\"inLanguage\":\"fr-FR\"}]}<\/script>\n<!-- \/ Yoast SEO plugin. -->","yoast_head_json":{"title":"Pressmembranen - Weinpressen und Keltereianlagen - M.A.S. Keltereiprodukte GMBH","robots":{"index":"index","follow":"follow","max-snippet":"max-snippet:-1","max-image-preview":"max-image-preview:large","max-video-preview":"max-video-preview:-1"},"canonical":"https:\/\/mas-keltereiprodukte.de\/fr\/pressmembranen\/","og_locale":"fr_FR","og_type":"article","og_title":"Pressmembranen - Weinpressen und Keltereianlagen - M.A.S. Keltereiprodukte GMBH","og_description":"PressmembranenEigene Produktion von Pressmembranen in garantierter Qualit\u00e4t Sie ben\u00f6tigen eine neue Pressmembrane f\u00fcr Ihre Traubenpresse? Wir produzieren und liefern sie. G\u00e4ngige Modelle haben wir auf Lager, seltene und ausgefallene Modelle k\u00f6nnen wir innerhalb weniger Tage nach Ma\u00df fertigen.\u00a0 Unsere Membranen werden aus einem besonderen, sehr widerstandsf\u00e4higen und dennoch au\u00dfergew\u00f6hnlich elastischen Gewebe hergestellt, das speziell f\u00fcr [&hellip;]","og_url":"https:\/\/mas-keltereiprodukte.de\/fr\/pressmembranen\/","og_site_name":"Weinpressen und Keltereianlagen - M.A.S. Keltereiprodukte GMBH","article_modified_time":"2024-10-22T12:03:11+00:00","twitter_card":"summary_large_image","schema":{"@context":"https:\/\/schema.org","@graph":[{"@type":"WebPage","@id":"https:\/\/mas-keltereiprodukte.de\/pressmembranen\/","url":"https:\/\/mas-keltereiprodukte.de\/pressmembranen\/","name":"Pressmembranen - Weinpressen und Keltereianlagen - M.A.S. Keltereiprodukte GMBH","isPartOf":{"@id":"https:\/\/mas-keltereiprodukte.de\/#website"},"datePublished":"2021-04-27T07:52:39+00:00","dateModified":"2024-10-22T12:03:11+00:00","breadcrumb":{"@id":"https:\/\/mas-keltereiprodukte.de\/pressmembranen\/#breadcrumb"},"inLanguage":"fr-FR","potentialAction":[{"@type":"ReadAction","target":["https:\/\/mas-keltereiprodukte.de\/pressmembranen\/"]}]},{"@type":"BreadcrumbList","@id":"https:\/\/mas-keltereiprodukte.de\/pressmembranen\/#breadcrumb","itemListElement":[{"@type":"ListItem","position":1,"name":"Startseite","item":"https:\/\/mas-keltereiprodukte.de\/"},{"@type":"ListItem","position":2,"name":"Pressmembranen"}]},{"@type":"WebSite","@id":"https:\/\/mas-keltereiprodukte.de\/#website","url":"https:\/\/mas-keltereiprodukte.de\/","name":"Weinpressen und Keltereianlagen - M.A.S. Keltereiprodukte GMBH","description":"","potentialAction":[{"@type":"SearchAction","target":{"@type":"EntryPoint","urlTemplate":"https:\/\/mas-keltereiprodukte.de\/?s={search_term_string}"},"query-input":{"@type":"PropertyValueSpecification","valueRequired":true,"valueName":"search_term_string"}}],"inLanguage":"fr-FR"}]}},"_links":{"self":[{"href":"https:\/\/mas-keltereiprodukte.de\/fr\/wp-json\/wp\/v2\/pages\/583","targetHints":{"allow":["GET"]}}],"collection":[{"href":"https:\/\/mas-keltereiprodukte.de\/fr\/wp-json\/wp\/v2\/pages"}],"about":[{"href":"https:\/\/mas-keltereiprodukte.de\/fr\/wp-json\/wp\/v2\/types\/page"}],"author":[{"embeddable":true,"href":"https:\/\/mas-keltereiprodukte.de\/fr\/wp-json\/wp\/v2\/users\/1"}],"replies":[{"embeddable":true,"href":"https:\/\/mas-keltereiprodukte.de\/fr\/wp-json\/wp\/v2\/comments?post=583"}],"version-history":[{"count":6,"href":"https:\/\/mas-keltereiprodukte.de\/fr\/wp-json\/wp\/v2\/pages\/583\/revisions"}],"predecessor-version":[{"id":2004,"href":"https:\/\/mas-keltereiprodukte.de\/fr\/wp-json\/wp\/v2\/pages\/583\/revisions\/2004"}],"wp:attachment":[{"href":"https:\/\/mas-keltereiprodukte.de\/fr\/wp-json\/wp\/v2\/media?parent=583"}],"curies":[{"name":"wp","href":"https:\/\/api.w.org\/{rel}","templated":true}]}}