{"id":534,"date":"2021-04-27T09:09:13","date_gmt":"2021-04-27T07:09:13","guid":{"rendered":"http:\/\/mas.visualmedia7.alfahosting.org\/?page_id=534"},"modified":"2024-10-22T14:10:52","modified_gmt":"2024-10-22T12:10:52","slug":"wasseraufbereitung","status":"publish","type":"page","link":"https:\/\/mas-keltereiprodukte.de\/fr\/wasseraufbereitung\/","title":{"rendered":"Traitement de l'eau"},"content":{"rendered":"<p>[et_pb_section fb_built=&#8220;1&#8243; _builder_version=&#8220;4.16&#8243; background_color=&#8220;#f2f2f2&#8243; custom_padding=&#8220;||34px|||&#8220; global_colors_info=&#8220;{}&#8220;][et_pb_row _builder_version=&#8220;4.16&#8243; global_colors_info=&#8220;{}&#8220;][et_pb_column type=&#8220;4_4&#8243; _builder_version=&#8220;4.16&#8243; custom_padding=&#8220;|||&#8220; global_colors_info=&#8220;{}&#8220; custom_padding__hover=&#8220;|||&#8220;][et_pb_text _builder_version=&#8220;4.16&#8243; global_colors_info=&#8220;{}&#8220;]<\/p>\n<h1 style=\"text-align: center;\"><strong>Wasseraufbereitung<\/strong><\/h1>\n<p>[\/et_pb_text][et_pb_divider color=&#8220;#fe4701&#8243; divider_weight=&#8220;2px&#8220; _builder_version=&#8220;4.16&#8243; width=&#8220;50%&#8220; module_alignment=&#8220;center&#8220; global_colors_info=&#8220;{}&#8220;][\/et_pb_divider][\/et_pb_column][\/et_pb_row][\/et_pb_section][et_pb_section fb_built=&#8220;1&#8243; _builder_version=&#8220;4.16&#8243; background_color=&#8220;#ffffff&#8220; global_colors_info=&#8220;{}&#8220;][et_pb_row column_structure=&#8220;3_5,2_5&#8243; _builder_version=&#8220;4.16&#8243; _module_preset=&#8220;default&#8220; custom_padding=&#8220;||10px|||&#8220; global_colors_info=&#8220;{}&#8220;][et_pb_column type=&#8220;3_5&#8243; _builder_version=&#8220;4.16&#8243; _module_preset=&#8220;default&#8220; global_colors_info=&#8220;{}&#8220;][et_pb_text _builder_version=&#8220;4.21.0&#8243; _module_preset=&#8220;default&#8220; global_colors_info=&#8220;{}&#8220;]<\/p>\n<h2>MicroFlex Wasser<\/h2>\n<p><strong>Technische Beschreibung<\/strong><br \/>AquaFlex 800 ist eine Anlage zur Behandlung des Trinkwassers, imstande, kaltes und warmes Wasser (T &gt; 60\u00b0C) ohne schwebende Feststoffe und mit H\u00e4rte niedriger als 10\u00b0f (d.h. mit Inhalt an Kalzium niedriger als 100 mg\/L ausgedr\u00fcckt als CaCO3) zu liefern. AquaFlex 800 ist daher der ideale Partner zur Kopplung mit den Filtern MicroFlex 12, MicroFlex 24 und MicroFlex 48 f\u00fcr die korrekte Regeneration der Mikrofiltrationsmembranen. Die Einheit umfasst drei Behandlungsstufen, und zwar:<\/p>\n<ol>\n<li>Mikrofiltration<\/li>\n<li>Enth\u00e4rtung des mikrofiltrierten Wassers<\/li>\n<li>Erhitzung des mikrofiltrierten und enth\u00e4rteten Wassers bis zu einer Temperatur von 85\u00b0C<\/li>\n<\/ol>\n<p>AquaFlex 800 nutzt den Druck des Beschickungskreises des zu behandelnden Wassers, hat nur einen Eintritt (DIN 11851 DN40\/Garolla 50) im Bereich der Mikrofiltrationsstufe und drei Ausg\u00e4nge, aus denen es jeweils m\u00f6glich ist, zu entnehmen:<\/p>\n<ul>\n<li>Mikrofiltriertes Wasser (kalt) \u2013 Anschluss DIN 11851 DN40 \/ Garolla DN 50<\/li>\n<li>Mikrofiltriertes und enth\u00e4rtetes Wasser (kalt) \u2013 Anschluss DIN 11851 DN40\/ Garolla DN 50<\/li>\n<li>Mikrofiltriertes, enth\u00e4rtetes und erhitztes Wasser \u2013 Anschluss DIN 11851 DN40\/ Garolla DN 50<\/li>\n<\/ul>\n<p>Die Einheit verf\u00fcgt \u00fcber eine elektrische Schalttafel, welche sich in der Standardkonfiguration an das elektrische Netz mit einer vierpoligen Steckdose (3 Phasen + Erde) von 400 V 50 Hz \/ 63 A anschlie\u00dfen l\u00e4sst.<\/p>\n<p>Das System zur Behandlung des Trinkwassers AquaFlex 800 bietet folgende Vorteile:<\/p>\n<ul>\n<li>Einfach zu verwenden<\/li>\n<li>Sehr gute Hygiene der Anlage<\/li>\n<li>Sehr gute Qualit\u00e4t des Produkts<\/li>\n<li>Austauschbare Membrane (f\u00fcr die Filtrationsphase)<\/li>\n<li>Regeneration der Harze nach Volumen oder Zeit<\/li>\n<li>Geeignet f\u00fcr alle Kellereien<\/li>\n<li>AquaFlex 800<\/li>\n<\/ul>\n<p>[\/et_pb_text][\/et_pb_column][et_pb_column type=&#8220;2_5&#8243; _builder_version=&#8220;4.16&#8243; _module_preset=&#8220;default&#8220; global_colors_info=&#8220;{}&#8220;][et_pb_image src=&#8220;https:\/\/mas-keltereiprodukte.de\/wp-content\/uploads\/2021\/04\/microflex-009614web.jpg&#8220; title_text=&#8220;microflex-009614web&#8220; _builder_version=&#8220;4.16&#8243; _module_preset=&#8220;default&#8220; global_colors_info=&#8220;{}&#8220;][\/et_pb_image][\/et_pb_column][\/et_pb_row][et_pb_row _builder_version=&#8220;4.16&#8243; _module_preset=&#8220;default&#8220; custom_padding=&#8220;5px|||||&#8220; global_colors_info=&#8220;{}&#8220;][et_pb_column type=&#8220;4_4&#8243; _builder_version=&#8220;4.16&#8243; _module_preset=&#8220;default&#8220; global_colors_info=&#8220;{}&#8220;][et_pb_text _builder_version=&#8220;4.21.0&#8243; _module_preset=&#8220;default&#8220; global_colors_info=&#8220;{}&#8220;]<\/p>\n<h2>AQUAFLEX<\/h2>\n<p><strong>Automatisierung<\/strong><br \/>Die Einheit AquaFlex 800 ist mit einem Druckminderer auf der Trinkwassereintrittslinie versehen, damit der Wasserdruck auf der hydraulischen Linie beschr\u00e4nkt wird. Die Regeneration des Mikrofiltrationseinsatzes muss manuell im Gleichstrom oder im Gegenstrom durchgef\u00fchrt werden, mit Verwendung des dazu geeigneten Bypass Kreises, einer Umw\u00e4lzpumpe (in der Lieferung nicht inbegriffen) und einem Beh\u00e4lter (in der Lieferung nicht inbegriffen). Die Regeneration der Harze wird mit einer salzhaltigen L\u00f6sung, in einem dazu geeigneten, in der Einheit integrierten Beh\u00e4lter betrieben. Au\u00dferdem ist die Regeneration der Harze automatisiert und kann im Modus \u201evolumetrisch\u201c oder \u201ezeitabh\u00e4ngig\u201c eingestellt werden. Die volumetrische Kontrolle liegt darin, die Menge des enth\u00e4rteten Wassers zu messen, damit die Regeneration vor dem Versiegen der Harze durchgef\u00fchrt wird. Die zeitabh\u00e4ngige Modalit\u00e4t sieht die Regeneration nach einem fixen zeitlichem Ablauf vor (z.B. t\u00e4glich, w\u00f6chentlich usw.). Was die Erhitzung des enth\u00e4rteten Wassers in dem Speicherbeh\u00e4lter angeht, sind zwei Thermostate vorgesehen, beide auf die Temperatur von 85\u00b0C eingestellt: ein Thermometer zur Visualisierung der Temperatur des enth\u00e4rteten Wassers und ein Sicherheitsventil mit kombinierter Wirkung f\u00fcr Temperatur und Druck.<\/p>\n<p>[\/et_pb_text][\/et_pb_column][\/et_pb_row][\/et_pb_section][et_pb_section fb_built=&#8220;1&#8243; _builder_version=&#8220;4.16&#8243; background_color=&#8220;#f7f7f7&#8243; global_colors_info=&#8220;{}&#8220;][et_pb_row _builder_version=&#8220;4.16&#8243; global_colors_info=&#8220;{}&#8220;][et_pb_column type=&#8220;4_4&#8243; _builder_version=&#8220;4.16&#8243; custom_padding=&#8220;|||&#8220; global_colors_info=&#8220;{}&#8220; custom_padding__hover=&#8220;|||&#8220;][et_pb_text _builder_version=&#8220;4.16&#8243; global_colors_info=&#8220;{}&#8220;]<\/p>\n<h1 style=\"text-align: center;\">Kontaktieren Sie uns<\/h1>\n<p>[\/et_pb_text][et_pb_button button_text=&#8220;Anfrage &#8220; button_alignment=&#8220;center&#8220; _builder_version=&#8220;4.27.2&#8243; custom_button=&#8220;on&#8220; button_text_size=&#8220;18px&#8220; button_text_color=&#8220;#ffffff&#8220; button_bg_color=&#8220;#fe4701&#8243; button_border_width=&#8220;1px&#8220; button_font=&#8220;||||||||&#8220; hover_enabled=&#8220;0&#8243; global_colors_info=&#8220;{}&#8220; button_url=&#8220;https:\/\/mas-keltereiprodukte.de\/kontakt\/&#8220; sticky_enabled=&#8220;0&#8243;][\/et_pb_button][\/et_pb_column][\/et_pb_row][\/et_pb_section]<\/p>\n","protected":false},"excerpt":{"rendered":"<p>WasseraufbereitungMicroFlex Wasser Technische BeschreibungAquaFlex 800 ist eine Anlage zur Behandlung des Trinkwassers, imstande, kaltes und warmes Wasser (T &gt; 60\u00b0C) ohne schwebende Feststoffe und mit H\u00e4rte niedriger als 10\u00b0f (d.h. mit Inhalt an Kalzium niedriger als 100 mg\/L ausgedr\u00fcckt als CaCO3) zu liefern. AquaFlex 800 ist daher der ideale Partner zur Kopplung mit den Filtern [&hellip;]<\/p>\n","protected":false},"author":1,"featured_media":0,"parent":0,"menu_order":0,"comment_status":"closed","ping_status":"closed","template":"","meta":{"_et_pb_use_builder":"on","_et_pb_old_content":"<!-- wp:divi\/placeholder \/-->","_et_gb_content_width":"","footnotes":""},"class_list":["post-534","page","type-page","status-publish","hentry"],"yoast_head":"<!-- This site is optimized with the Yoast SEO plugin v27.4 - https:\/\/yoast.com\/product\/yoast-seo-wordpress\/ -->\n<title>Wasseraufbereitung - Weinpressen und Keltereianlagen - M.A.S. Keltereiprodukte GMBH<\/title>\n<meta name=\"robots\" content=\"index, follow, max-snippet:-1, max-image-preview:large, max-video-preview:-1\" \/>\n<link rel=\"canonical\" href=\"https:\/\/mas-keltereiprodukte.de\/fr\/wasseraufbereitung\/\" \/>\n<meta property=\"og:locale\" content=\"fr_FR\" \/>\n<meta property=\"og:type\" content=\"article\" \/>\n<meta property=\"og:title\" content=\"Wasseraufbereitung - Weinpressen und Keltereianlagen - M.A.S. Keltereiprodukte GMBH\" \/>\n<meta property=\"og:description\" content=\"WasseraufbereitungMicroFlex Wasser Technische BeschreibungAquaFlex 800 ist eine Anlage zur Behandlung des Trinkwassers, imstande, kaltes und warmes Wasser (T &gt; 60\u00b0C) ohne schwebende Feststoffe und mit H\u00e4rte niedriger als 10\u00b0f (d.h. mit Inhalt an Kalzium niedriger als 100 mg\/L ausgedr\u00fcckt als CaCO3) zu liefern. AquaFlex 800 ist daher der ideale Partner zur Kopplung mit den Filtern [&hellip;]\" \/>\n<meta property=\"og:url\" content=\"https:\/\/mas-keltereiprodukte.de\/fr\/wasseraufbereitung\/\" \/>\n<meta property=\"og:site_name\" content=\"Weinpressen und Keltereianlagen - M.A.S. Keltereiprodukte GMBH\" \/>\n<meta property=\"article:modified_time\" content=\"2024-10-22T12:10:52+00:00\" \/>\n<meta name=\"twitter:card\" content=\"summary_large_image\" \/>\n<script type=\"application\/ld+json\" class=\"yoast-schema-graph\">{\"@context\":\"https:\\\/\\\/schema.org\",\"@graph\":[{\"@type\":\"WebPage\",\"@id\":\"https:\\\/\\\/mas-keltereiprodukte.de\\\/wasseraufbereitung\\\/\",\"url\":\"https:\\\/\\\/mas-keltereiprodukte.de\\\/wasseraufbereitung\\\/\",\"name\":\"Wasseraufbereitung - Weinpressen und Keltereianlagen - M.A.S. Keltereiprodukte GMBH\",\"isPartOf\":{\"@id\":\"https:\\\/\\\/mas-keltereiprodukte.de\\\/#website\"},\"datePublished\":\"2021-04-27T07:09:13+00:00\",\"dateModified\":\"2024-10-22T12:10:52+00:00\",\"breadcrumb\":{\"@id\":\"https:\\\/\\\/mas-keltereiprodukte.de\\\/wasseraufbereitung\\\/#breadcrumb\"},\"inLanguage\":\"fr-FR\",\"potentialAction\":[{\"@type\":\"ReadAction\",\"target\":[\"https:\\\/\\\/mas-keltereiprodukte.de\\\/wasseraufbereitung\\\/\"]}]},{\"@type\":\"BreadcrumbList\",\"@id\":\"https:\\\/\\\/mas-keltereiprodukte.de\\\/wasseraufbereitung\\\/#breadcrumb\",\"itemListElement\":[{\"@type\":\"ListItem\",\"position\":1,\"name\":\"Startseite\",\"item\":\"https:\\\/\\\/mas-keltereiprodukte.de\\\/\"},{\"@type\":\"ListItem\",\"position\":2,\"name\":\"Wasseraufbereitung\"}]},{\"@type\":\"WebSite\",\"@id\":\"https:\\\/\\\/mas-keltereiprodukte.de\\\/#website\",\"url\":\"https:\\\/\\\/mas-keltereiprodukte.de\\\/\",\"name\":\"Weinpressen und Keltereianlagen - M.A.S. Keltereiprodukte GMBH\",\"description\":\"\",\"potentialAction\":[{\"@type\":\"SearchAction\",\"target\":{\"@type\":\"EntryPoint\",\"urlTemplate\":\"https:\\\/\\\/mas-keltereiprodukte.de\\\/?s={search_term_string}\"},\"query-input\":{\"@type\":\"PropertyValueSpecification\",\"valueRequired\":true,\"valueName\":\"search_term_string\"}}],\"inLanguage\":\"fr-FR\"}]}<\/script>\n<!-- \/ Yoast SEO plugin. -->","yoast_head_json":{"title":"Wasseraufbereitung - Weinpressen und Keltereianlagen - M.A.S. Keltereiprodukte GMBH","robots":{"index":"index","follow":"follow","max-snippet":"max-snippet:-1","max-image-preview":"max-image-preview:large","max-video-preview":"max-video-preview:-1"},"canonical":"https:\/\/mas-keltereiprodukte.de\/fr\/wasseraufbereitung\/","og_locale":"fr_FR","og_type":"article","og_title":"Wasseraufbereitung - Weinpressen und Keltereianlagen - M.A.S. Keltereiprodukte GMBH","og_description":"WasseraufbereitungMicroFlex Wasser Technische BeschreibungAquaFlex 800 ist eine Anlage zur Behandlung des Trinkwassers, imstande, kaltes und warmes Wasser (T &gt; 60\u00b0C) ohne schwebende Feststoffe und mit H\u00e4rte niedriger als 10\u00b0f (d.h. mit Inhalt an Kalzium niedriger als 100 mg\/L ausgedr\u00fcckt als CaCO3) zu liefern. AquaFlex 800 ist daher der ideale Partner zur Kopplung mit den Filtern [&hellip;]","og_url":"https:\/\/mas-keltereiprodukte.de\/fr\/wasseraufbereitung\/","og_site_name":"Weinpressen und Keltereianlagen - M.A.S. Keltereiprodukte GMBH","article_modified_time":"2024-10-22T12:10:52+00:00","twitter_card":"summary_large_image","schema":{"@context":"https:\/\/schema.org","@graph":[{"@type":"WebPage","@id":"https:\/\/mas-keltereiprodukte.de\/wasseraufbereitung\/","url":"https:\/\/mas-keltereiprodukte.de\/wasseraufbereitung\/","name":"Wasseraufbereitung - Weinpressen und Keltereianlagen - M.A.S. Keltereiprodukte GMBH","isPartOf":{"@id":"https:\/\/mas-keltereiprodukte.de\/#website"},"datePublished":"2021-04-27T07:09:13+00:00","dateModified":"2024-10-22T12:10:52+00:00","breadcrumb":{"@id":"https:\/\/mas-keltereiprodukte.de\/wasseraufbereitung\/#breadcrumb"},"inLanguage":"fr-FR","potentialAction":[{"@type":"ReadAction","target":["https:\/\/mas-keltereiprodukte.de\/wasseraufbereitung\/"]}]},{"@type":"BreadcrumbList","@id":"https:\/\/mas-keltereiprodukte.de\/wasseraufbereitung\/#breadcrumb","itemListElement":[{"@type":"ListItem","position":1,"name":"Startseite","item":"https:\/\/mas-keltereiprodukte.de\/"},{"@type":"ListItem","position":2,"name":"Wasseraufbereitung"}]},{"@type":"WebSite","@id":"https:\/\/mas-keltereiprodukte.de\/#website","url":"https:\/\/mas-keltereiprodukte.de\/","name":"Weinpressen und Keltereianlagen - M.A.S. Keltereiprodukte GMBH","description":"","potentialAction":[{"@type":"SearchAction","target":{"@type":"EntryPoint","urlTemplate":"https:\/\/mas-keltereiprodukte.de\/?s={search_term_string}"},"query-input":{"@type":"PropertyValueSpecification","valueRequired":true,"valueName":"search_term_string"}}],"inLanguage":"fr-FR"}]}},"_links":{"self":[{"href":"https:\/\/mas-keltereiprodukte.de\/fr\/wp-json\/wp\/v2\/pages\/534","targetHints":{"allow":["GET"]}}],"collection":[{"href":"https:\/\/mas-keltereiprodukte.de\/fr\/wp-json\/wp\/v2\/pages"}],"about":[{"href":"https:\/\/mas-keltereiprodukte.de\/fr\/wp-json\/wp\/v2\/types\/page"}],"author":[{"embeddable":true,"href":"https:\/\/mas-keltereiprodukte.de\/fr\/wp-json\/wp\/v2\/users\/1"}],"replies":[{"embeddable":true,"href":"https:\/\/mas-keltereiprodukte.de\/fr\/wp-json\/wp\/v2\/comments?post=534"}],"version-history":[{"count":6,"href":"https:\/\/mas-keltereiprodukte.de\/fr\/wp-json\/wp\/v2\/pages\/534\/revisions"}],"predecessor-version":[{"id":2024,"href":"https:\/\/mas-keltereiprodukte.de\/fr\/wp-json\/wp\/v2\/pages\/534\/revisions\/2024"}],"wp:attachment":[{"href":"https:\/\/mas-keltereiprodukte.de\/fr\/wp-json\/wp\/v2\/media?parent=534"}],"curies":[{"name":"wp","href":"https:\/\/api.w.org\/{rel}","templated":true}]}}