{"id":458,"date":"2021-04-22T11:51:58","date_gmt":"2021-04-22T09:51:58","guid":{"rendered":"http:\/\/mas.visualmedia7.alfahosting.org\/?page_id=458"},"modified":"2024-10-22T14:12:58","modified_gmt":"2024-10-22T12:12:58","slug":"rollensortierer","status":"publish","type":"page","link":"https:\/\/mas-keltereiprodukte.de\/fr\/traubensortierung\/rollensortierer\/","title":{"rendered":"Trieur \u00e0 rouleaux"},"content":{"rendered":"<p>[et_pb_section fb_built=&#8220;1&#8243; _builder_version=&#8220;4.16&#8243; background_color=&#8220;#f2f2f2&#8243; custom_padding=&#8220;||34px|||&#8220; global_colors_info=&#8220;{}&#8220;][et_pb_row _builder_version=&#8220;4.16&#8243; global_colors_info=&#8220;{}&#8220;][et_pb_column type=&#8220;4_4&#8243; _builder_version=&#8220;4.16&#8243; custom_padding=&#8220;|||&#8220; global_colors_info=&#8220;{}&#8220; custom_padding__hover=&#8220;|||&#8220;][et_pb_text _builder_version=&#8220;4.16&#8243; global_colors_info=&#8220;{}&#8220;]<\/p>\n<h1 style=\"text-align: center;\"><strong>Rollensortierer<\/strong><\/h1>\n<p>[\/et_pb_text][et_pb_divider color=&#8220;#fe4701&#8243; divider_weight=&#8220;2px&#8220; _builder_version=&#8220;4.16&#8243; width=&#8220;50%&#8220; module_alignment=&#8220;center&#8220; global_colors_info=&#8220;{}&#8220;][\/et_pb_divider][\/et_pb_column][\/et_pb_row][\/et_pb_section][et_pb_section fb_built=&#8220;1&#8243; _builder_version=&#8220;4.16&#8243; background_color=&#8220;#ffffff&#8220; global_colors_info=&#8220;{}&#8220;][et_pb_row column_structure=&#8220;1_2,1_2&#8243; _builder_version=&#8220;4.16&#8243; _module_preset=&#8220;default&#8220; global_colors_info=&#8220;{}&#8220;][et_pb_column type=&#8220;1_2&#8243; _builder_version=&#8220;4.16&#8243; _module_preset=&#8220;default&#8220; global_colors_info=&#8220;{}&#8220;][et_pb_text _builder_version=&#8220;4.21.0&#8243; _module_preset=&#8220;default&#8220; global_colors_info=&#8220;{}&#8220;]<\/p>\n<p><strong>Rolltec: Ein Rollensortierer ohnegleichen<\/strong><\/p>\n<p><strong>Rollengeschwindigkeit und Rollenabstand sind w\u00e4hrend des Betriebs justierbar!<\/strong><\/p>\n<p>Zwei aufeinanderfolgende Rollenstrecken, eine f\u00fcr Kleinteile (Kerne, Insekten u.s.w.) und eine f\u00fcr Rappen, Bl\u00e4tter und andere gr\u00f6\u00dfere Fremdk\u00f6rper lassen sich in Abstand und Geschwindigkeit w\u00e4hrend des Betriebs justieren.<\/p>\n<ul>\n<li>Rolltec von M.A.S.\u00a0 ist vielseitig einsetzbar:<\/li>\n<li>Eigenst\u00e4ndige Einheit, auf einem h\u00f6henverstellbaren Fahrgestell<\/li>\n<li>Als Anlagenteil direkt am Auswurf der Annahmewanne<\/li>\n<li>Integriert in eine herk\u00f6mmliche oder oszillierende Abbeermaschine<\/li>\n<li>u.v.m<\/li>\n<\/ul>\n<p>Durchsatz, je nach Modell und Anwendungsfall, bis zu 25 Tonnen\/Std.<\/p>\n<p><strong>\u00a0<\/strong><\/p>\n<p>[\/et_pb_text][\/et_pb_column][et_pb_column type=&#8220;1_2&#8243; _builder_version=&#8220;4.16&#8243; _module_preset=&#8220;default&#8220; global_colors_info=&#8220;{}&#8220;][et_pb_image src=&#8220;https:\/\/mas-keltereiprodukte.de\/wp-content\/uploads\/2021\/04\/Rollensortierer-TR-15-und-25.jpg&#8220; title_text=&#8220;Rollensortierer TR 15 und 25&#8243; _builder_version=&#8220;4.16&#8243; _module_preset=&#8220;default&#8220; custom_margin=&#8220;||2px|||&#8220; global_colors_info=&#8220;{}&#8220;][\/et_pb_image][et_pb_image src=&#8220;https:\/\/mas-keltereiprodukte.de\/wp-content\/uploads\/2021\/04\/Detail-Rollensortierer-Zwei-Walzentypen.jpg&#8220; title_text=&#8220;Detail Rollensortierer Zwei Walzentypen&#8220; _builder_version=&#8220;4.16&#8243; _module_preset=&#8220;default&#8220; custom_margin=&#8220;||2px|||&#8220; global_colors_info=&#8220;{}&#8220;][\/et_pb_image][\/et_pb_column][\/et_pb_row][\/et_pb_section][et_pb_section fb_built=&#8220;1&#8243; _builder_version=&#8220;4.16&#8243; background_color=&#8220;#f7f7f7&#8243; global_colors_info=&#8220;{}&#8220;][et_pb_row _builder_version=&#8220;4.16&#8243; global_colors_info=&#8220;{}&#8220;][et_pb_column type=&#8220;4_4&#8243; _builder_version=&#8220;4.16&#8243; custom_padding=&#8220;|||&#8220; global_colors_info=&#8220;{}&#8220; custom_padding__hover=&#8220;|||&#8220;][et_pb_text _builder_version=&#8220;4.16&#8243; global_colors_info=&#8220;{}&#8220;]<\/p>\n<h1 style=\"text-align: center;\">Kontaktieren Sie uns<\/h1>\n<p>[\/et_pb_text][et_pb_button button_text=&#8220;Anfrage &#8220; button_alignment=&#8220;center&#8220; _builder_version=&#8220;4.27.2&#8243; custom_button=&#8220;on&#8220; button_text_size=&#8220;18px&#8220; button_text_color=&#8220;#ffffff&#8220; button_bg_color=&#8220;#fe4701&#8243; button_border_width=&#8220;1px&#8220; button_font=&#8220;||||||||&#8220; hover_enabled=&#8220;0&#8243; global_colors_info=&#8220;{}&#8220; button_url=&#8220;https:\/\/mas-keltereiprodukte.de\/kontakt\/&#8220; sticky_enabled=&#8220;0&#8243;][\/et_pb_button][\/et_pb_column][\/et_pb_row][\/et_pb_section]<\/p>\n","protected":false},"excerpt":{"rendered":"<p>RollensortiererRolltec: Ein Rollensortierer ohnegleichen Rollengeschwindigkeit und Rollenabstand sind w\u00e4hrend des Betriebs justierbar! Zwei aufeinanderfolgende Rollenstrecken, eine f\u00fcr Kleinteile (Kerne, Insekten u.s.w.) und eine f\u00fcr Rappen, Bl\u00e4tter und andere gr\u00f6\u00dfere Fremdk\u00f6rper lassen sich in Abstand und Geschwindigkeit w\u00e4hrend des Betriebs justieren. Rolltec von M.A.S.\u00a0 ist vielseitig einsetzbar: Eigenst\u00e4ndige Einheit, auf einem h\u00f6henverstellbaren Fahrgestell Als Anlagenteil direkt [&hellip;]<\/p>\n","protected":false},"author":1,"featured_media":0,"parent":181,"menu_order":0,"comment_status":"closed","ping_status":"closed","template":"","meta":{"_et_pb_use_builder":"on","_et_pb_old_content":"","_et_gb_content_width":"","footnotes":""},"class_list":["post-458","page","type-page","status-publish","hentry"],"yoast_head":"<!-- This site is optimized with the Yoast SEO plugin v27.4 - https:\/\/yoast.com\/product\/yoast-seo-wordpress\/ -->\n<title>Rollensortierer - Weinpressen und Keltereianlagen - M.A.S. Keltereiprodukte GMBH<\/title>\n<meta name=\"robots\" content=\"index, follow, max-snippet:-1, max-image-preview:large, max-video-preview:-1\" \/>\n<link rel=\"canonical\" href=\"https:\/\/mas-keltereiprodukte.de\/fr\/traubensortierung\/rollensortierer\/\" \/>\n<meta property=\"og:locale\" content=\"fr_FR\" \/>\n<meta property=\"og:type\" content=\"article\" \/>\n<meta property=\"og:title\" content=\"Rollensortierer - Weinpressen und Keltereianlagen - M.A.S. Keltereiprodukte GMBH\" \/>\n<meta property=\"og:description\" content=\"RollensortiererRolltec: Ein Rollensortierer ohnegleichen Rollengeschwindigkeit und Rollenabstand sind w\u00e4hrend des Betriebs justierbar! Zwei aufeinanderfolgende Rollenstrecken, eine f\u00fcr Kleinteile (Kerne, Insekten u.s.w.) und eine f\u00fcr Rappen, Bl\u00e4tter und andere gr\u00f6\u00dfere Fremdk\u00f6rper lassen sich in Abstand und Geschwindigkeit w\u00e4hrend des Betriebs justieren. Rolltec von M.A.S.\u00a0 ist vielseitig einsetzbar: Eigenst\u00e4ndige Einheit, auf einem h\u00f6henverstellbaren Fahrgestell Als Anlagenteil direkt [&hellip;]\" \/>\n<meta property=\"og:url\" content=\"https:\/\/mas-keltereiprodukte.de\/fr\/traubensortierung\/rollensortierer\/\" \/>\n<meta property=\"og:site_name\" content=\"Weinpressen und Keltereianlagen - M.A.S. Keltereiprodukte GMBH\" \/>\n<meta property=\"article:modified_time\" content=\"2024-10-22T12:12:58+00:00\" \/>\n<meta name=\"twitter:card\" content=\"summary_large_image\" \/>\n<script type=\"application\/ld+json\" class=\"yoast-schema-graph\">{\"@context\":\"https:\\\/\\\/schema.org\",\"@graph\":[{\"@type\":\"WebPage\",\"@id\":\"https:\\\/\\\/mas-keltereiprodukte.de\\\/traubensortierung\\\/rollensortierer\\\/\",\"url\":\"https:\\\/\\\/mas-keltereiprodukte.de\\\/traubensortierung\\\/rollensortierer\\\/\",\"name\":\"Rollensortierer - Weinpressen und Keltereianlagen - M.A.S. Keltereiprodukte GMBH\",\"isPartOf\":{\"@id\":\"https:\\\/\\\/mas-keltereiprodukte.de\\\/#website\"},\"datePublished\":\"2021-04-22T09:51:58+00:00\",\"dateModified\":\"2024-10-22T12:12:58+00:00\",\"breadcrumb\":{\"@id\":\"https:\\\/\\\/mas-keltereiprodukte.de\\\/traubensortierung\\\/rollensortierer\\\/#breadcrumb\"},\"inLanguage\":\"fr-FR\",\"potentialAction\":[{\"@type\":\"ReadAction\",\"target\":[\"https:\\\/\\\/mas-keltereiprodukte.de\\\/traubensortierung\\\/rollensortierer\\\/\"]}]},{\"@type\":\"BreadcrumbList\",\"@id\":\"https:\\\/\\\/mas-keltereiprodukte.de\\\/traubensortierung\\\/rollensortierer\\\/#breadcrumb\",\"itemListElement\":[{\"@type\":\"ListItem\",\"position\":1,\"name\":\"Startseite\",\"item\":\"https:\\\/\\\/mas-keltereiprodukte.de\\\/\"},{\"@type\":\"ListItem\",\"position\":2,\"name\":\"Traubensortierung\",\"item\":\"https:\\\/\\\/mas-keltereiprodukte.de\\\/traubensortierung\\\/\"},{\"@type\":\"ListItem\",\"position\":3,\"name\":\"Rollensortierer\"}]},{\"@type\":\"WebSite\",\"@id\":\"https:\\\/\\\/mas-keltereiprodukte.de\\\/#website\",\"url\":\"https:\\\/\\\/mas-keltereiprodukte.de\\\/\",\"name\":\"Weinpressen und Keltereianlagen - M.A.S. Keltereiprodukte GMBH\",\"description\":\"\",\"potentialAction\":[{\"@type\":\"SearchAction\",\"target\":{\"@type\":\"EntryPoint\",\"urlTemplate\":\"https:\\\/\\\/mas-keltereiprodukte.de\\\/?s={search_term_string}\"},\"query-input\":{\"@type\":\"PropertyValueSpecification\",\"valueRequired\":true,\"valueName\":\"search_term_string\"}}],\"inLanguage\":\"fr-FR\"}]}<\/script>\n<!-- \/ Yoast SEO plugin. -->","yoast_head_json":{"title":"Rollensortierer - Weinpressen und Keltereianlagen - M.A.S. Keltereiprodukte GMBH","robots":{"index":"index","follow":"follow","max-snippet":"max-snippet:-1","max-image-preview":"max-image-preview:large","max-video-preview":"max-video-preview:-1"},"canonical":"https:\/\/mas-keltereiprodukte.de\/fr\/traubensortierung\/rollensortierer\/","og_locale":"fr_FR","og_type":"article","og_title":"Rollensortierer - Weinpressen und Keltereianlagen - M.A.S. Keltereiprodukte GMBH","og_description":"RollensortiererRolltec: Ein Rollensortierer ohnegleichen Rollengeschwindigkeit und Rollenabstand sind w\u00e4hrend des Betriebs justierbar! Zwei aufeinanderfolgende Rollenstrecken, eine f\u00fcr Kleinteile (Kerne, Insekten u.s.w.) und eine f\u00fcr Rappen, Bl\u00e4tter und andere gr\u00f6\u00dfere Fremdk\u00f6rper lassen sich in Abstand und Geschwindigkeit w\u00e4hrend des Betriebs justieren. Rolltec von M.A.S.\u00a0 ist vielseitig einsetzbar: Eigenst\u00e4ndige Einheit, auf einem h\u00f6henverstellbaren Fahrgestell Als Anlagenteil direkt [&hellip;]","og_url":"https:\/\/mas-keltereiprodukte.de\/fr\/traubensortierung\/rollensortierer\/","og_site_name":"Weinpressen und Keltereianlagen - M.A.S. Keltereiprodukte GMBH","article_modified_time":"2024-10-22T12:12:58+00:00","twitter_card":"summary_large_image","schema":{"@context":"https:\/\/schema.org","@graph":[{"@type":"WebPage","@id":"https:\/\/mas-keltereiprodukte.de\/traubensortierung\/rollensortierer\/","url":"https:\/\/mas-keltereiprodukte.de\/traubensortierung\/rollensortierer\/","name":"Rollensortierer - Weinpressen und Keltereianlagen - M.A.S. Keltereiprodukte GMBH","isPartOf":{"@id":"https:\/\/mas-keltereiprodukte.de\/#website"},"datePublished":"2021-04-22T09:51:58+00:00","dateModified":"2024-10-22T12:12:58+00:00","breadcrumb":{"@id":"https:\/\/mas-keltereiprodukte.de\/traubensortierung\/rollensortierer\/#breadcrumb"},"inLanguage":"fr-FR","potentialAction":[{"@type":"ReadAction","target":["https:\/\/mas-keltereiprodukte.de\/traubensortierung\/rollensortierer\/"]}]},{"@type":"BreadcrumbList","@id":"https:\/\/mas-keltereiprodukte.de\/traubensortierung\/rollensortierer\/#breadcrumb","itemListElement":[{"@type":"ListItem","position":1,"name":"Startseite","item":"https:\/\/mas-keltereiprodukte.de\/"},{"@type":"ListItem","position":2,"name":"Traubensortierung","item":"https:\/\/mas-keltereiprodukte.de\/traubensortierung\/"},{"@type":"ListItem","position":3,"name":"Rollensortierer"}]},{"@type":"WebSite","@id":"https:\/\/mas-keltereiprodukte.de\/#website","url":"https:\/\/mas-keltereiprodukte.de\/","name":"Weinpressen und Keltereianlagen - M.A.S. Keltereiprodukte GMBH","description":"","potentialAction":[{"@type":"SearchAction","target":{"@type":"EntryPoint","urlTemplate":"https:\/\/mas-keltereiprodukte.de\/?s={search_term_string}"},"query-input":{"@type":"PropertyValueSpecification","valueRequired":true,"valueName":"search_term_string"}}],"inLanguage":"fr-FR"}]}},"_links":{"self":[{"href":"https:\/\/mas-keltereiprodukte.de\/fr\/wp-json\/wp\/v2\/pages\/458","targetHints":{"allow":["GET"]}}],"collection":[{"href":"https:\/\/mas-keltereiprodukte.de\/fr\/wp-json\/wp\/v2\/pages"}],"about":[{"href":"https:\/\/mas-keltereiprodukte.de\/fr\/wp-json\/wp\/v2\/types\/page"}],"author":[{"embeddable":true,"href":"https:\/\/mas-keltereiprodukte.de\/fr\/wp-json\/wp\/v2\/users\/1"}],"replies":[{"embeddable":true,"href":"https:\/\/mas-keltereiprodukte.de\/fr\/wp-json\/wp\/v2\/comments?post=458"}],"version-history":[{"count":4,"href":"https:\/\/mas-keltereiprodukte.de\/fr\/wp-json\/wp\/v2\/pages\/458\/revisions"}],"predecessor-version":[{"id":2030,"href":"https:\/\/mas-keltereiprodukte.de\/fr\/wp-json\/wp\/v2\/pages\/458\/revisions\/2030"}],"up":[{"embeddable":true,"href":"https:\/\/mas-keltereiprodukte.de\/fr\/wp-json\/wp\/v2\/pages\/181"}],"wp:attachment":[{"href":"https:\/\/mas-keltereiprodukte.de\/fr\/wp-json\/wp\/v2\/media?parent=458"}],"curies":[{"name":"wp","href":"https:\/\/api.w.org\/{rel}","templated":true}]}}