{"id":263,"date":"2019-08-06T09:18:07","date_gmt":"2019-08-06T07:18:07","guid":{"rendered":"http:\/\/mas.visualmedia7.alfahosting.org\/?page_id=263"},"modified":"2024-10-22T14:08:07","modified_gmt":"2024-10-22T12:08:07","slug":"abbeermaschine-mit-schwingkorb-und-rollensortierer-dream","status":"publish","type":"page","link":"https:\/\/mas-keltereiprodukte.de\/fr\/abbeermaschine-mit-schwingkorb-und-rollensortierer-dream\/","title":{"rendered":"DREAM"},"content":{"rendered":"<p>[et_pb_section fb_built=&#8220;1&#8243; _builder_version=&#8220;4.16&#8243; background_color=&#8220;#f2f2f2&#8243; custom_padding=&#8220;||34px|||&#8220; global_colors_info=&#8220;{}&#8220;][et_pb_row _builder_version=&#8220;4.16&#8243; global_colors_info=&#8220;{}&#8220;][et_pb_column type=&#8220;4_4&#8243; _builder_version=&#8220;4.16&#8243; custom_padding=&#8220;|||&#8220; global_colors_info=&#8220;{}&#8220; custom_padding__hover=&#8220;|||&#8220;][et_pb_text _builder_version=&#8220;4.16&#8243; global_colors_info=&#8220;{}&#8220;]<\/p>\n<h1 style=\"text-align: center;\"><b>Abbeermaschine mit Schwingkorb und Rollensortierer &#8222;DREAM&#8220;<\/b><\/h1>\n<p>[\/et_pb_text][et_pb_divider color=&#8220;#ff9000&#8243; divider_weight=&#8220;2px&#8220; _builder_version=&#8220;4.16&#8243; width=&#8220;50%&#8220; module_alignment=&#8220;center&#8220; global_colors_info=&#8220;{}&#8220;][\/et_pb_divider][\/et_pb_column][\/et_pb_row][\/et_pb_section][et_pb_section fb_built=&#8220;1&#8243; _builder_version=&#8220;4.16&#8243; custom_margin=&#8220;||34px|||&#8220; custom_padding=&#8220;||2px|||&#8220; global_colors_info=&#8220;{}&#8220;][et_pb_row column_structure=&#8220;1_2,1_2&#8243; _builder_version=&#8220;4.16&#8243; global_colors_info=&#8220;{}&#8220;][et_pb_column type=&#8220;1_2&#8243; _builder_version=&#8220;4.16&#8243; custom_padding=&#8220;|||&#8220; global_colors_info=&#8220;{}&#8220; custom_padding__hover=&#8220;|||&#8220;][et_pb_text _builder_version=&#8220;4.21.0&#8243; custom_padding=&#8220;||0px|||&#8220; global_colors_info=&#8220;{}&#8220;]<\/p>\n<p style=\"font-weight: 400;\">DREAM ist ein neu entwickeltes Abbeermaschinen Konzept, das speziell f\u00fcr die \u00e4u\u00dferst schonende Verarbeitung von Trauben entwickelt wurde.<\/p>\n<p style=\"font-weight: 400;\">Die Trennung der Beeren von den Stielen erfolgt durch die wellenf\u00f6rmige Bewegung eines Kunststoffkorbes mit entsprechender Lochung. Auf diese Weise erreicht man eine behutsame Entrappung auch schwieriger Leseg\u00fcter, ohne die Rappen zu besch\u00e4digen.<\/p>\n<p style=\"font-weight: 400;\"><span style=\"font-size: 14px;\">Die Amplitude der Schwingungen steigt im Verlauf der Abbeerstrecke stetig an, so dass empfindliche Teile gleich am Anfang ausgesondert werden und die strengeren Sch\u00fcttelbewegungen nur auf die fester sitzenden Beeren angewandt werden.<\/span><\/p>\n<p style=\"font-weight: 400;\"><span style=\"font-size: 14px;\">Die Frequenz der Schwingungen des Korbes ist mittels Frequenzumrichter regelbar, wodurch die Maschine den unterschiedlichen Sorten und Zust\u00e4nden der Trauben angepasst werden kann, ohne Stiele oder Beeren zu besch\u00e4digen.<\/span><\/p>\n<p style=\"font-weight: 400;\">Am Auswurf der Abbeereinheit befindet sich ein Rollensortierer, in dem Kleinteile, Kerne, Ungeziefer, Pflanzenteile und Rappen von den gesunden Beeren getrennt werden.<span style=\"font-size: 14px;\"><\/span><\/p>\n<p><strong><\/strong><\/p>\n<p>[\/et_pb_text][\/et_pb_column][et_pb_column type=&#8220;1_2&#8243; _builder_version=&#8220;4.16&#8243; custom_padding=&#8220;|||&#8220; global_colors_info=&#8220;{}&#8220; custom_padding__hover=&#8220;|||&#8220;][et_pb_image src=&#8220;https:\/\/mas-keltereiprodukte.de\/wp-content\/uploads\/2019\/08\/dream_freisteller.jpg&#8220; align=&#8220;center&#8220; force_fullwidth=&#8220;on&#8220; align_tablet=&#8220;center&#8220; align_phone=&#8220;&#8220; align_last_edited=&#8220;on|desktop&#8220; _builder_version=&#8220;4.16&#8243; custom_margin=&#8220;||0px|||&#8220; custom_padding=&#8220;0px|||||&#8220; global_colors_info=&#8220;{}&#8220;][\/et_pb_image][et_pb_text _builder_version=&#8220;4.16&#8243; global_colors_info=&#8220;{}&#8220;]<\/p>\n<p style=\"text-align: center;\"><strong>Frontansicht<\/strong><\/p>\n<p>[\/et_pb_text][\/et_pb_column][\/et_pb_row][\/et_pb_section][et_pb_section fb_built=&#8220;1&#8243; _builder_version=&#8220;4.16&#8243; background_color=&#8220;#f7f7f7&#8243; custom_padding=&#8220;47px|||||&#8220; global_colors_info=&#8220;{}&#8220;][et_pb_row _builder_version=&#8220;4.16&#8243; custom_padding=&#8220;10px|||||&#8220; global_colors_info=&#8220;{}&#8220;][et_pb_column type=&#8220;4_4&#8243; _builder_version=&#8220;4.16&#8243; custom_padding=&#8220;|||&#8220; global_colors_info=&#8220;{}&#8220; custom_padding__hover=&#8220;|||&#8220;][et_pb_text _builder_version=&#8220;4.21.0&#8243; custom_margin=&#8220;-4px|||||&#8220; custom_padding=&#8220;19px|||||&#8220; global_colors_info=&#8220;{}&#8220;]<\/p>\n<p><span style=\"font-size: 14px;\">Der optimale Rollenabstand der zwei aufeinander folgenden Rollenbahnen wird einfach und pr\u00e4zise, auch bei laufender Maschine, mit einem einzigen Handgriff justiert.<\/span><span style=\"font-size: 14px;\">\u00a0<\/span><\/p>\n<p>Das DREAM System ist \u00fcbersichtlich und linear aufgebaut, mit nur zwei, an Scharnieren aufklappbaren, Enden: dem Einlauftrichter und dem Auswurf. Beide erleichtern die Inspektion und Reinigung des Inneren.<\/p>\n<p>DREAM ist auf einem robusten, h\u00f6henverstellbaren Edelstahlgestell montiert, das sich so leicht an die vorhandene Anlage anpassen l\u00e4sst. Vier Schwenkrollen mit Bremse erleichtern den Standortwechsel und ein Wegstellen, wenn die Maschine nicht gebraucht wird.<\/p>\n<p>Der Edelstahlschaltpult erlaubt es, die Frequenz der Schwingungen und die Geschwindigkeit der Sortierrollen unabh\u00e4ngig voneinander einzustellen.<\/p>\n<p>Anschlusswert : 3.0 kW &#8211;\u00a0<span style=\"font-size: 14px;\">Durchsatz : 1 bis 15 Tonnen\/h<\/span><\/p>\n<p>[\/et_pb_text][\/et_pb_column][\/et_pb_row][\/et_pb_section][et_pb_section fb_built=&#8220;1&#8243; _builder_version=&#8220;4.16&#8243; background_color=&#8220;#f7f7f7&#8243; global_colors_info=&#8220;{}&#8220;][et_pb_row _builder_version=&#8220;4.16&#8243; global_colors_info=&#8220;{}&#8220;][et_pb_column type=&#8220;4_4&#8243; _builder_version=&#8220;4.16&#8243; custom_padding=&#8220;|||&#8220; global_colors_info=&#8220;{}&#8220; custom_padding__hover=&#8220;|||&#8220;][et_pb_text _builder_version=&#8220;4.16&#8243; global_colors_info=&#8220;{}&#8220;]<\/p>\n<h1 style=\"text-align: center;\">Kontaktieren Sie uns<\/h1>\n<p>[\/et_pb_text][et_pb_button button_text=&#8220;Anfrage &#8220; button_alignment=&#8220;center&#8220; _builder_version=&#8220;4.27.2&#8243; custom_button=&#8220;on&#8220; button_text_size=&#8220;18px&#8220; button_text_color=&#8220;#ffffff&#8220; button_bg_color=&#8220;#ff9000&#8243; button_border_width=&#8220;1px&#8220; button_font=&#8220;||||||||&#8220; hover_enabled=&#8220;0&#8243; global_colors_info=&#8220;{}&#8220; button_url=&#8220;https:\/\/mas-keltereiprodukte.de\/kontakt\/&#8220; sticky_enabled=&#8220;0&#8243;][\/et_pb_button][\/et_pb_column][\/et_pb_row][\/et_pb_section]<\/p>\n","protected":false},"excerpt":{"rendered":"<p>Abbeermaschine mit Schwingkorb und Rollensortierer &#8222;DREAM&#8220;DREAM ist ein neu entwickeltes Abbeermaschinen Konzept, das speziell f\u00fcr die \u00e4u\u00dferst schonende Verarbeitung von Trauben entwickelt wurde. Die Trennung der Beeren von den Stielen erfolgt durch die wellenf\u00f6rmige Bewegung eines Kunststoffkorbes mit entsprechender Lochung. Auf diese Weise erreicht man eine behutsame Entrappung auch schwieriger Leseg\u00fcter, ohne die Rappen zu [&hellip;]<\/p>\n","protected":false},"author":1,"featured_media":0,"parent":0,"menu_order":0,"comment_status":"closed","ping_status":"closed","template":"","meta":{"_et_pb_use_builder":"on","_et_pb_old_content":"","_et_gb_content_width":"","footnotes":""},"class_list":["post-263","page","type-page","status-publish","hentry"],"yoast_head":"<!-- This site is optimized with the Yoast SEO plugin v27.4 - https:\/\/yoast.com\/product\/yoast-seo-wordpress\/ -->\n<title>DREAM - Weinpressen und Keltereianlagen - M.A.S. Keltereiprodukte GMBH<\/title>\n<meta name=\"robots\" content=\"index, follow, max-snippet:-1, max-image-preview:large, max-video-preview:-1\" \/>\n<link rel=\"canonical\" href=\"https:\/\/mas-keltereiprodukte.de\/fr\/abbeermaschine-mit-schwingkorb-und-rollensortierer-dream\/\" \/>\n<meta property=\"og:locale\" content=\"fr_FR\" \/>\n<meta property=\"og:type\" content=\"article\" \/>\n<meta property=\"og:title\" content=\"DREAM - Weinpressen und Keltereianlagen - M.A.S. Keltereiprodukte GMBH\" \/>\n<meta property=\"og:description\" content=\"Abbeermaschine mit Schwingkorb und Rollensortierer &quot;DREAM&quot;DREAM ist ein neu entwickeltes Abbeermaschinen Konzept, das speziell f\u00fcr die \u00e4u\u00dferst schonende Verarbeitung von Trauben entwickelt wurde. Die Trennung der Beeren von den Stielen erfolgt durch die wellenf\u00f6rmige Bewegung eines Kunststoffkorbes mit entsprechender Lochung. Auf diese Weise erreicht man eine behutsame Entrappung auch schwieriger Leseg\u00fcter, ohne die Rappen zu [&hellip;]\" \/>\n<meta property=\"og:url\" content=\"https:\/\/mas-keltereiprodukte.de\/fr\/abbeermaschine-mit-schwingkorb-und-rollensortierer-dream\/\" \/>\n<meta property=\"og:site_name\" content=\"Weinpressen und Keltereianlagen - M.A.S. Keltereiprodukte GMBH\" \/>\n<meta property=\"article:modified_time\" content=\"2024-10-22T12:08:07+00:00\" \/>\n<meta name=\"twitter:card\" content=\"summary_large_image\" \/>\n<meta name=\"twitter:label1\" content=\"Dur\u00e9e de lecture estim\u00e9e\" \/>\n\t<meta name=\"twitter:data1\" content=\"2 minutes\" \/>\n<script type=\"application\/ld+json\" class=\"yoast-schema-graph\">{\"@context\":\"https:\\\/\\\/schema.org\",\"@graph\":[{\"@type\":\"WebPage\",\"@id\":\"https:\\\/\\\/mas-keltereiprodukte.de\\\/abbeermaschine-mit-schwingkorb-und-rollensortierer-dream\\\/\",\"url\":\"https:\\\/\\\/mas-keltereiprodukte.de\\\/abbeermaschine-mit-schwingkorb-und-rollensortierer-dream\\\/\",\"name\":\"DREAM - Weinpressen und Keltereianlagen - M.A.S. Keltereiprodukte GMBH\",\"isPartOf\":{\"@id\":\"https:\\\/\\\/mas-keltereiprodukte.de\\\/#website\"},\"datePublished\":\"2019-08-06T07:18:07+00:00\",\"dateModified\":\"2024-10-22T12:08:07+00:00\",\"breadcrumb\":{\"@id\":\"https:\\\/\\\/mas-keltereiprodukte.de\\\/abbeermaschine-mit-schwingkorb-und-rollensortierer-dream\\\/#breadcrumb\"},\"inLanguage\":\"fr-FR\",\"potentialAction\":[{\"@type\":\"ReadAction\",\"target\":[\"https:\\\/\\\/mas-keltereiprodukte.de\\\/abbeermaschine-mit-schwingkorb-und-rollensortierer-dream\\\/\"]}]},{\"@type\":\"BreadcrumbList\",\"@id\":\"https:\\\/\\\/mas-keltereiprodukte.de\\\/abbeermaschine-mit-schwingkorb-und-rollensortierer-dream\\\/#breadcrumb\",\"itemListElement\":[{\"@type\":\"ListItem\",\"position\":1,\"name\":\"Startseite\",\"item\":\"https:\\\/\\\/mas-keltereiprodukte.de\\\/\"},{\"@type\":\"ListItem\",\"position\":2,\"name\":\"DREAM\"}]},{\"@type\":\"WebSite\",\"@id\":\"https:\\\/\\\/mas-keltereiprodukte.de\\\/#website\",\"url\":\"https:\\\/\\\/mas-keltereiprodukte.de\\\/\",\"name\":\"Weinpressen und Keltereianlagen - M.A.S. Keltereiprodukte GMBH\",\"description\":\"\",\"potentialAction\":[{\"@type\":\"SearchAction\",\"target\":{\"@type\":\"EntryPoint\",\"urlTemplate\":\"https:\\\/\\\/mas-keltereiprodukte.de\\\/?s={search_term_string}\"},\"query-input\":{\"@type\":\"PropertyValueSpecification\",\"valueRequired\":true,\"valueName\":\"search_term_string\"}}],\"inLanguage\":\"fr-FR\"}]}<\/script>\n<!-- \/ Yoast SEO plugin. -->","yoast_head_json":{"title":"DREAM - Weinpressen und Keltereianlagen - M.A.S. Keltereiprodukte GMBH","robots":{"index":"index","follow":"follow","max-snippet":"max-snippet:-1","max-image-preview":"max-image-preview:large","max-video-preview":"max-video-preview:-1"},"canonical":"https:\/\/mas-keltereiprodukte.de\/fr\/abbeermaschine-mit-schwingkorb-und-rollensortierer-dream\/","og_locale":"fr_FR","og_type":"article","og_title":"DREAM - Weinpressen und Keltereianlagen - M.A.S. Keltereiprodukte GMBH","og_description":"Abbeermaschine mit Schwingkorb und Rollensortierer \"DREAM\"DREAM ist ein neu entwickeltes Abbeermaschinen Konzept, das speziell f\u00fcr die \u00e4u\u00dferst schonende Verarbeitung von Trauben entwickelt wurde. Die Trennung der Beeren von den Stielen erfolgt durch die wellenf\u00f6rmige Bewegung eines Kunststoffkorbes mit entsprechender Lochung. Auf diese Weise erreicht man eine behutsame Entrappung auch schwieriger Leseg\u00fcter, ohne die Rappen zu [&hellip;]","og_url":"https:\/\/mas-keltereiprodukte.de\/fr\/abbeermaschine-mit-schwingkorb-und-rollensortierer-dream\/","og_site_name":"Weinpressen und Keltereianlagen - M.A.S. Keltereiprodukte GMBH","article_modified_time":"2024-10-22T12:08:07+00:00","twitter_card":"summary_large_image","twitter_misc":{"Dur\u00e9e de lecture estim\u00e9e":"2 minutes"},"schema":{"@context":"https:\/\/schema.org","@graph":[{"@type":"WebPage","@id":"https:\/\/mas-keltereiprodukte.de\/abbeermaschine-mit-schwingkorb-und-rollensortierer-dream\/","url":"https:\/\/mas-keltereiprodukte.de\/abbeermaschine-mit-schwingkorb-und-rollensortierer-dream\/","name":"DREAM - Weinpressen und Keltereianlagen - M.A.S. Keltereiprodukte GMBH","isPartOf":{"@id":"https:\/\/mas-keltereiprodukte.de\/#website"},"datePublished":"2019-08-06T07:18:07+00:00","dateModified":"2024-10-22T12:08:07+00:00","breadcrumb":{"@id":"https:\/\/mas-keltereiprodukte.de\/abbeermaschine-mit-schwingkorb-und-rollensortierer-dream\/#breadcrumb"},"inLanguage":"fr-FR","potentialAction":[{"@type":"ReadAction","target":["https:\/\/mas-keltereiprodukte.de\/abbeermaschine-mit-schwingkorb-und-rollensortierer-dream\/"]}]},{"@type":"BreadcrumbList","@id":"https:\/\/mas-keltereiprodukte.de\/abbeermaschine-mit-schwingkorb-und-rollensortierer-dream\/#breadcrumb","itemListElement":[{"@type":"ListItem","position":1,"name":"Startseite","item":"https:\/\/mas-keltereiprodukte.de\/"},{"@type":"ListItem","position":2,"name":"DREAM"}]},{"@type":"WebSite","@id":"https:\/\/mas-keltereiprodukte.de\/#website","url":"https:\/\/mas-keltereiprodukte.de\/","name":"Weinpressen und Keltereianlagen - M.A.S. Keltereiprodukte GMBH","description":"","potentialAction":[{"@type":"SearchAction","target":{"@type":"EntryPoint","urlTemplate":"https:\/\/mas-keltereiprodukte.de\/?s={search_term_string}"},"query-input":{"@type":"PropertyValueSpecification","valueRequired":true,"valueName":"search_term_string"}}],"inLanguage":"fr-FR"}]}},"_links":{"self":[{"href":"https:\/\/mas-keltereiprodukte.de\/fr\/wp-json\/wp\/v2\/pages\/263","targetHints":{"allow":["GET"]}}],"collection":[{"href":"https:\/\/mas-keltereiprodukte.de\/fr\/wp-json\/wp\/v2\/pages"}],"about":[{"href":"https:\/\/mas-keltereiprodukte.de\/fr\/wp-json\/wp\/v2\/types\/page"}],"author":[{"embeddable":true,"href":"https:\/\/mas-keltereiprodukte.de\/fr\/wp-json\/wp\/v2\/users\/1"}],"replies":[{"embeddable":true,"href":"https:\/\/mas-keltereiprodukte.de\/fr\/wp-json\/wp\/v2\/comments?post=263"}],"version-history":[{"count":8,"href":"https:\/\/mas-keltereiprodukte.de\/fr\/wp-json\/wp\/v2\/pages\/263\/revisions"}],"predecessor-version":[{"id":2016,"href":"https:\/\/mas-keltereiprodukte.de\/fr\/wp-json\/wp\/v2\/pages\/263\/revisions\/2016"}],"wp:attachment":[{"href":"https:\/\/mas-keltereiprodukte.de\/fr\/wp-json\/wp\/v2\/media?parent=263"}],"curies":[{"name":"wp","href":"https:\/\/api.w.org\/{rel}","templated":true}]}}