{"id":8,"date":"2019-05-22T08:48:59","date_gmt":"2019-05-22T06:48:59","guid":{"rendered":"http:\/\/mas.visualmedia7.alfahosting.org\/?page_id=8"},"modified":"2026-02-20T11:17:00","modified_gmt":"2026-02-20T10:17:00","slug":"startseite","status":"publish","type":"page","link":"https:\/\/mas-keltereiprodukte.de\/en\/","title":{"rendered":"Startseite"},"content":{"rendered":"<p>[et_pb_section fb_built=&#8220;1&#8243; _builder_version=&#8220;4.16&#8243; background_color=&#8220;RGBA(0,0,0,0)&#8220; background_image=&#8220;https:\/\/mas-keltereiprodukte.de\/wp-content\/uploads\/2019\/05\/mythos_2016_grau_banner.jpg&#8220; background_size=&#8220;contain&#8220; custom_padding=&#8220;186px||98px|||&#8220; background_color_phone=&#8220;#7a7a7a&#8220; background_last_edited=&#8220;on|phone&#8220; background_enable_color_phone=&#8220;on&#8220; use_background_color_gradient_phone=&#8220;off&#8220; background_color_gradient_end_phone=&#8220;#29c4a9&#8243; background_image_phone=&#8220;https:\/\/mas-keltereiprodukte.de\/wp-content\/uploads\/2021\/12\/mobilehead.jpg&#8220; background_enable_image_phone=&#8220;on&#8220; background_size_phone=&#8220;cover&#8220; background_position_phone=&#8220;bottom_left&#8220; background_repeat_phone=&#8220;no-repeat&#8220; global_colors_info=&#8220;{}&#8220;][et_pb_row _builder_version=&#8220;4.16&#8243; background_color=&#8220;rgba(0,0,0,0.4)&#8220; width_tablet=&#8220;&#8220; width_phone=&#8220;100%&#8220; width_last_edited=&#8220;on|phone&#8220; custom_margin=&#8220;|||&#8220; custom_padding=&#8220;|||20px&#8220; border_radii=&#8220;on|20px|20px|20px|20px&#8220; border_radii_tablet=&#8220;&#8220; border_radii_phone=&#8220;on|0px|0px|0px|0px&#8220; border_radii_last_edited=&#8220;on|phone&#8220; global_colors_info=&#8220;{}&#8220;][et_pb_column type=&#8220;4_4&#8243; _builder_version=&#8220;4.16&#8243; custom_padding=&#8220;|||&#8220; global_colors_info=&#8220;{}&#8220; custom_padding__hover=&#8220;|||&#8220;][et_pb_text _builder_version=&#8220;4.16&#8243; text_font=&#8220;||||||||&#8220; text_text_color=&#8220;#ffffff&#8220; header_font=&#8220;|600|||||||&#8220; header_text_color=&#8220;#ffffff&#8220; header_line_height=&#8220;1.3em&#8220; custom_margin=&#8220;||5px&#8220; custom_padding=&#8220;||&#8220; header_text_align_tablet=&#8220;&#8220; header_text_align_phone=&#8220;center&#8220; header_text_align_last_edited=&#8220;on|phone&#8220; global_colors_info=&#8220;{}&#8220;]<\/p>\n<h1>Traubenpressen und Keltereiprodukte f\u00fcr Weinbaubetriebe<\/h1>\n<p>[\/et_pb_text][et_pb_text _builder_version=&#8220;4.16&#8243; header_font=&#8220;||||||||&#8220; header_2_font=&#8220;||||||||&#8220; header_2_text_color=&#8220;#ffffff&#8220; header_2_line_height=&#8220;1.3em&#8220; header_2_text_align_tablet=&#8220;&#8220; header_2_text_align_phone=&#8220;center&#8220; header_2_text_align_last_edited=&#8220;on|phone&#8220; header_2_font_size_tablet=&#8220;&#8220; header_2_font_size_phone=&#8220;20px&#8220; header_2_font_size_last_edited=&#8220;on|phone&#8220; global_colors_info=&#8220;{}&#8220;]<\/p>\n<h2>Weintraubenpressen mit innovativer Technik f\u00fcr h\u00f6chste Qualit\u00e4t<\/h2>\n<p>[\/et_pb_text][\/et_pb_column][\/et_pb_row][et_pb_row _builder_version=&#8220;4.16&#8243; _module_preset=&#8220;default&#8220; width_tablet=&#8220;&#8220; width_phone=&#8220;100%&#8220; width_last_edited=&#8220;on|phone&#8220; custom_margin=&#8220;-31px|auto||auto||&#8220; custom_padding=&#8220;31px|||||&#8220; global_colors_info=&#8220;{}&#8220;][et_pb_column type=&#8220;4_4&#8243; _builder_version=&#8220;4.16&#8243; custom_padding=&#8220;|||&#8220; global_colors_info=&#8220;{}&#8220; custom_padding__hover=&#8220;|||&#8220;][et_pb_button button_text=&#8220;Mehr Erfahren&#8220; button_alignment=&#8220;center&#8220; _builder_version=&#8220;4.16&#8243; custom_button=&#8220;on&#8220; button_text_size=&#8220;18px&#8220; button_text_color=&#8220;#ffffff&#8220; button_bg_color=&#8220;#ff9000&#8243; button_border_width=&#8220;1px&#8220; button_font=&#8220;||||||||&#8220; custom_margin=&#8220;20px|||20px&#8220; custom_padding=&#8220;|||&#8220; global_colors_info=&#8220;{}&#8220;][\/et_pb_button][\/et_pb_column][\/et_pb_row][\/et_pb_section][et_pb_section fb_built=&#8220;1&#8243; _builder_version=&#8220;4.16&#8243; custom_padding=&#8220;0px|||||&#8220; global_colors_info=&#8220;{}&#8220;][et_pb_row _builder_version=&#8220;4.16&#8243; global_colors_info=&#8220;{}&#8220;][et_pb_column type=&#8220;4_4&#8243; _builder_version=&#8220;4.16&#8243; custom_padding=&#8220;|||&#8220; global_colors_info=&#8220;{}&#8220; custom_padding__hover=&#8220;|||&#8220;][et_pb_text content_tablet=&#8220;<\/p>\n<h1>M.A.S. Keltereiprodukte &#8211; Partner f\u00fcr Traubenpressen und Keltereianlagen<\/h1>\n<p>&#8220; content_phone=&#8220;<\/p>\n<h1>M.A.S. Keltereiprodukte &#8211; Partner f\u00fcr Traubenpressen und Keltereianlagen<\/h1>\n<p>&#8220; content_last_edited=&#8220;off|desktop&#8220; _builder_version=&#8220;4.21.0&#8243; text_text_color=&#8220;#000000&#8243; text_font_size=&#8220;22px&#8220; text_line_height=&#8220;1.5em&#8220; header_text_align=&#8220;center&#8220; header_font_size=&#8220;22px&#8220; text_orientation=&#8220;center&#8220; header_font_tablet=&#8220;&#8220; header_font_phone=&#8220;|600|||||||&#8220; header_font_last_edited=&#8220;on|phone&#8220; global_colors_info=&#8220;{}&#8220;]<\/p>\n<p>Ihr Partner f\u00fcr Traubenpressen und Keltereianlagen<\/p>\n<p>[\/et_pb_text][\/et_pb_column][\/et_pb_row][et_pb_row column_structure=&#8220;1_3,1_3,1_3&#8243; _builder_version=&#8220;4.16&#8243; global_colors_info=&#8220;{}&#8220;][et_pb_column type=&#8220;1_3&#8243; _builder_version=&#8220;4.16&#8243; custom_padding=&#8220;|||&#8220; global_colors_info=&#8220;{}&#8220; custom_padding__hover=&#8220;|||&#8220;][et_pb_cta title=&#8220;Pressmembranen&#8220; button_text=&#8220;Click Here&#8220; _builder_version=&#8220;4.16&#8243; header_font=&#8220;||||||||&#8220; header_text_color=&#8220;#000000&#8243; body_font=&#8220;||||||||&#8220; body_text_color=&#8220;#000000&#8243; background_color=&#8220;#ffffff&#8220; box_shadow_style=&#8220;preset1&#8243; global_colors_info=&#8220;{}&#8220;]<\/p>\n<p><strong>Eigene Produktion von Pressmembranen in garantierter Qualit\u00e4t<\/strong><\/p>\n<p>Sie ben\u00f6tigen eine neue Pressmembrane f\u00fcr Ihre Traubenpresse? Wir produzieren und liefern sie.<\/p>\n<p>[\/et_pb_cta][et_pb_button button_url=&#8220;\/pressmembranen&#8220; button_text=&#8220;Mehr erfahren&#8220; button_alignment=&#8220;center&#8220; _builder_version=&#8220;4.16&#8243; custom_button=&#8220;on&#8220; button_text_size=&#8220;14px&#8220; button_text_color=&#8220;#ff9000&#8243; button_font=&#8220;||||||||&#8220; global_colors_info=&#8220;{}&#8220;][\/et_pb_button][\/et_pb_column][et_pb_column type=&#8220;1_3&#8243; _builder_version=&#8220;4.16&#8243; custom_padding=&#8220;|||&#8220; global_colors_info=&#8220;{}&#8220; custom_padding__hover=&#8220;|||&#8220;][et_pb_cta title=&#8220;24 Stunden Service und Reparatur&#8220; button_text=&#8220;Click Here&#8220; _builder_version=&#8220;4.16&#8243; header_font=&#8220;||||||||&#8220; header_text_color=&#8220;#000000&#8243; body_font=&#8220;||||||||&#8220; body_text_color=&#8220;#000000&#8243; background_color=&#8220;#ffffff&#8220; box_shadow_style=&#8220;preset1&#8243; global_colors_info=&#8220;{}&#8220;]<\/p>\n<p><span>In der Zeit der Weinlese sind wir f\u00fcr Sie rund um die Uhr erreichbar. So gew\u00e4hren wir Ihnen einen reibungslosen Ablauf bei der Traubenernte. Sollten einmal unvorhersehbare Produktionsprobleme auftreten, sind wir in der Zeit der Traubenernte jederzeit erreichbar und Vorort<\/span><\/p>\n<p>[\/et_pb_cta][et_pb_button button_url=&#8220;\/service&#8220; button_text=&#8220;Mehr erfahren&#8220; button_alignment=&#8220;center&#8220; _builder_version=&#8220;4.16&#8243; custom_button=&#8220;on&#8220; button_text_size=&#8220;14px&#8220; button_text_color=&#8220;#ff9000&#8243; button_font=&#8220;||||||||&#8220; global_colors_info=&#8220;{}&#8220;][\/et_pb_button][\/et_pb_column][et_pb_column type=&#8220;1_3&#8243; _builder_version=&#8220;4.16&#8243; custom_padding=&#8220;|||&#8220; global_colors_info=&#8220;{}&#8220; custom_padding__hover=&#8220;|||&#8220;][et_pb_cta title=&#8220;Gebrauchte Weinpressen&#8220; button_text=&#8220;Click Here&#8220; _builder_version=&#8220;4.16&#8243; header_font=&#8220;||||||||&#8220; header_text_color=&#8220;#000000&#8243; header_font_size=&#8220;24px&#8220; body_font=&#8220;||||||||&#8220; body_text_color=&#8220;#000000&#8243; background_color=&#8220;#ffffff&#8220; custom_margin=&#8220;||23px|||&#8220; box_shadow_style=&#8220;preset1&#8243; global_colors_info=&#8220;{}&#8220;]<\/p>\n<p><span>Wir halten gebrauchte Traubenpressen von verschiedenen Herstellern in unserem st\u00e4ndig wechselnden Sortiment f\u00fcr Sie bereit. \u00a0<\/span><\/p>\n<p>[\/et_pb_cta][et_pb_button button_url=&#8220;\/gebrauchte-weinpressen&#8220; button_text=&#8220;Mehr erfahren&#8220; button_alignment=&#8220;center&#8220; _builder_version=&#8220;4.16&#8243; custom_button=&#8220;on&#8220; button_text_size=&#8220;14px&#8220; button_text_color=&#8220;#ff9000&#8243; button_font=&#8220;||||||||&#8220; global_colors_info=&#8220;{}&#8220;][\/et_pb_button][\/et_pb_column][\/et_pb_row][\/et_pb_section][et_pb_section fb_built=&#8220;1&#8243; _builder_version=&#8220;4.16&#8243; background_color=&#8220;#f7f7f7&#8243; global_colors_info=&#8220;{}&#8220;][et_pb_row _builder_version=&#8220;4.16&#8243; global_colors_info=&#8220;{}&#8220;][et_pb_column type=&#8220;4_4&#8243; _builder_version=&#8220;4.16&#8243; custom_padding=&#8220;|||&#8220; global_colors_info=&#8220;{}&#8220; custom_padding__hover=&#8220;|||&#8220;][et_pb_text _builder_version=&#8220;4.16&#8243; global_colors_info=&#8220;{}&#8220;]<\/p>\n<h1>Langj\u00e4hrige Erfahrung im Bereich Weinpressen und Keltereianlagen<\/h1>\n<p>[\/et_pb_text][et_pb_divider color=&#8220;#ff9000&#8243; _builder_version=&#8220;4.16&#8243; global_colors_info=&#8220;{}&#8220;][\/et_pb_divider][\/et_pb_column][\/et_pb_row][et_pb_row column_structure=&#8220;2_3,1_3&#8243; _builder_version=&#8220;4.23.1&#8243; global_colors_info=&#8220;{}&#8220;][et_pb_column type=&#8220;2_3&#8243; _builder_version=&#8220;4.16&#8243; custom_padding=&#8220;|||&#8220; global_colors_info=&#8220;{}&#8220; custom_padding__hover=&#8220;|||&#8220;][et_pb_text _builder_version=&#8220;4.18.0&#8243; custom_margin=&#8220;|-30px||&#8220; global_colors_info=&#8220;{}&#8220;]Unseren Kunden bieten wir hochwertige Diemme-Traubenpressen mit innovativen Technologien f\u00fcr die Weinproduktion. Des Weiteren ist unser Rund-Um-Service f\u00fcr Willmes TraubenPressen mit kompetenter Beratung, Planung und Ausf\u00fchrung im Kellereianlagenbau f\u00fcr Sie da. Rufen Sie uns an.<\/p>\n<p>Unsere Produktpalette umfasst nicht nur Traubenpressen und Abbeermaschinen, sondern auch s\u00e4mtliches Zubeh\u00f6r von Ganztraubenb\u00e4ndern, Auswahlb\u00e4ndern, Vibrationstischen und Filtern, um nur einige zu nennen. Informieren Sie sich.<\/p>\n<p>Wir, die Firma M.A.S. Keltereiprodukte GmbH, kennen die Bedeutung und Wichtigkeit einer raschen Reparatur an den Traubenpressen. Auch in der saisonalen Zeit werden s\u00e4mtliche Reparaturarbeiten von uns fachgerecht durchgef\u00fchrt (24-Stunden Service).<\/p>\n<p>Ersatzteilbestellungen werden umgehend weltweit geliefert. Unsere eigene Ersatzteilproduktion f\u00fcr Traubenpressen und unser umfassendes Ersatzteillager verk\u00fcrzen die Reparaturzeiten und Kosten. Erstklassig ausgebildetes Fachpersonal erledigt die Behebung gr\u00f6\u00dferer Sch\u00e4den und Defekte in k\u00fcrzester Zeit. Eine telefonische Beratung durch Fachpersonal ist bei uns selbstverst\u00e4ndlich! Nehmen Sie Kontakt auf.[\/et_pb_text][\/et_pb_column][et_pb_column type=&#8220;1_3&#8243; _builder_version=&#8220;4.16&#8243; custom_padding=&#8220;|||&#8220; global_colors_info=&#8220;{}&#8220; custom_padding__hover=&#8220;|||&#8220;][et_pb_text _builder_version=&#8220;4.27.5&#8243; header_font=&#8220;|700|||||||&#8220; header_text_color=&#8220;#ff9000&#8243; header_2_font=&#8220;|700|||||||&#8220; header_2_text_color=&#8220;#ff9000&#8243; global_colors_info=&#8220;{}&#8220;]<\/p>\n<h2>Messetermine<\/h2>\n<p><strong>Unsere aktuellen Messetermine:<\/strong><\/p>\n<hr \/>\n<p><strong>7. AgrarWinterTage in Mainz 2027<span> <\/span><\/strong><br \/>27. &#8211; 29. Januar 2027\u00a0 \u00a0Freigel\u00e4nde\u00a0<\/p>\n<p>[\/et_pb_text][et_pb_text _builder_version=&#8220;4.16&#8243; global_colors_info=&#8220;{}&#8220;][\/et_pb_text][\/et_pb_column][\/et_pb_row][\/et_pb_section][et_pb_section fb_built=&#8220;1&#8243; _builder_version=&#8220;4.16&#8243; global_colors_info=&#8220;{}&#8220;][et_pb_row column_structure=&#8220;1_2,1_2&#8243; _builder_version=&#8220;4.16&#8243; global_colors_info=&#8220;{}&#8220;][et_pb_column type=&#8220;1_2&#8243; _builder_version=&#8220;4.16&#8243; custom_padding=&#8220;|||&#8220; global_colors_info=&#8220;{}&#8220; custom_padding__hover=&#8220;|||&#8220;][et_pb_text _builder_version=&#8220;4.16&#8243; global_colors_info=&#8220;{}&#8220;]<\/p>\n<h1>Pressmembranen mit h\u00f6chsten Qualit\u00e4tsstandards<\/h1>\n<p>[\/et_pb_text][et_pb_text _builder_version=&#8220;4.16&#8243; global_colors_info=&#8220;{}&#8220;]<\/p>\n<p><strong>Eigene Produktion von Pressmembranen in garantierter Qualit\u00e4t<\/strong><\/p>\n<p>Sie ben\u00f6tigen eine neue Pressmembrane f\u00fcr Ihre Traubenpresse? Wir produzieren und liefern sie. G\u00e4ngige Modelle haben wir auf Lager, seltene und ausgefallene Modelle produzieren wir innerhalb weniger Tage.<\/p>\n<p>Unsere Membranen werden aus einem besonderen, sehr widerstandsf\u00e4higen und dennoch au\u00dfergew\u00f6hnlich elastischen Gewebe hergestellt, das speziell f\u00fcr uns konzipiert wurde und sich bestens mit dem Polyurethan verbindet, mit dem es beschichtet wird.<\/p>\n<p>Modernste Hochfrequenz-Schwei\u00dfmaschinen in Kombination mit jahrzehntelanger Erfahrung wandeln dieses einzigartige Material in Pressmembranen bester Qualit\u00e4t um.<\/p>\n<p>[\/et_pb_text][et_pb_button button_url=&#8220;\/pressmembranen&#8220; button_text=&#8220;Mehr Informationen&#8220; _builder_version=&#8220;4.16&#8243; custom_button=&#8220;on&#8220; button_text_size=&#8220;16px&#8220; button_text_color=&#8220;#ffffff&#8220; button_bg_color=&#8220;#ff9000&#8243; button_font=&#8220;||||||||&#8220; global_colors_info=&#8220;{}&#8220;][\/et_pb_button][\/et_pb_column][et_pb_column type=&#8220;1_2&#8243; _builder_version=&#8220;4.16&#8243; custom_padding=&#8220;|||&#8220; global_colors_info=&#8220;{}&#8220; custom_padding__hover=&#8220;|||&#8220;][et_pb_image src=&#8220;https:\/\/mas-keltereiprodukte.de\/wp-content\/uploads\/2019\/05\/pressmembranen_mas_keltereiprodukte.jpg&#8220; title_text=&#8220;pressmembranen_mas_keltereiprodukte&#8220; align_tablet=&#8220;center&#8220; align_phone=&#8220;&#8220; align_last_edited=&#8220;on|desktop&#8220; _builder_version=&#8220;4.16&#8243; global_colors_info=&#8220;{}&#8220;][\/et_pb_image][\/et_pb_column][\/et_pb_row][\/et_pb_section]<\/p>\n","protected":false},"excerpt":{"rendered":"<p>Traubenpressen und Keltereiprodukte f\u00fcr WeinbaubetriebeWeintraubenpressen mit innovativer Technik f\u00fcr h\u00f6chste Qualit\u00e4tIhr Partner f\u00fcr Traubenpressen und KeltereianlagenEigene Produktion von Pressmembranen in garantierter Qualit\u00e4t Sie ben\u00f6tigen eine neue Pressmembrane f\u00fcr Ihre Traubenpresse? Wir produzieren und liefern sie.In der Zeit der Weinlese sind wir f\u00fcr Sie rund um die Uhr erreichbar. So gew\u00e4hren wir Ihnen einen reibungslosen Ablauf [&hellip;]<\/p>\n","protected":false},"author":1,"featured_media":0,"parent":0,"menu_order":0,"comment_status":"closed","ping_status":"closed","template":"","meta":{"_et_pb_use_builder":"on","_et_pb_old_content":"","_et_gb_content_width":"","footnotes":""},"class_list":["post-8","page","type-page","status-publish","hentry"],"yoast_head":"<!-- This site is optimized with the Yoast SEO plugin v27.4 - https:\/\/yoast.com\/product\/yoast-seo-wordpress\/ -->\n<title>Startseite - Weinpressen und Keltereianlagen - M.A.S. Keltereiprodukte GMBH<\/title>\n<meta name=\"robots\" content=\"index, follow, max-snippet:-1, max-image-preview:large, max-video-preview:-1\" \/>\n<link rel=\"canonical\" href=\"https:\/\/mas-keltereiprodukte.de\/en\/\" \/>\n<meta property=\"og:locale\" content=\"en_GB\" \/>\n<meta property=\"og:type\" content=\"article\" \/>\n<meta property=\"og:title\" content=\"Startseite - Weinpressen und Keltereianlagen - M.A.S. Keltereiprodukte GMBH\" \/>\n<meta property=\"og:description\" content=\"Traubenpressen und Keltereiprodukte f\u00fcr WeinbaubetriebeWeintraubenpressen mit innovativer Technik f\u00fcr h\u00f6chste Qualit\u00e4tIhr Partner f\u00fcr Traubenpressen und KeltereianlagenEigene Produktion von Pressmembranen in garantierter Qualit\u00e4t Sie ben\u00f6tigen eine neue Pressmembrane f\u00fcr Ihre Traubenpresse? Wir produzieren und liefern sie.In der Zeit der Weinlese sind wir f\u00fcr Sie rund um die Uhr erreichbar. So gew\u00e4hren wir Ihnen einen reibungslosen Ablauf [&hellip;]\" \/>\n<meta property=\"og:url\" content=\"https:\/\/mas-keltereiprodukte.de\/en\/\" \/>\n<meta property=\"og:site_name\" content=\"Weinpressen und Keltereianlagen - M.A.S. Keltereiprodukte GMBH\" \/>\n<meta property=\"article:modified_time\" content=\"2026-02-20T10:17:00+00:00\" \/>\n<meta name=\"twitter:card\" content=\"summary_large_image\" \/>\n<meta name=\"twitter:label1\" content=\"Estimated reading time\" \/>\n\t<meta name=\"twitter:data1\" content=\"7 minutes\" \/>\n<script type=\"application\/ld+json\" class=\"yoast-schema-graph\">{\"@context\":\"https:\\\/\\\/schema.org\",\"@graph\":[{\"@type\":\"WebPage\",\"@id\":\"https:\\\/\\\/mas-keltereiprodukte.de\\\/\",\"url\":\"https:\\\/\\\/mas-keltereiprodukte.de\\\/\",\"name\":\"Startseite - Weinpressen und Keltereianlagen - M.A.S. Keltereiprodukte GMBH\",\"isPartOf\":{\"@id\":\"https:\\\/\\\/mas-keltereiprodukte.de\\\/#website\"},\"datePublished\":\"2019-05-22T06:48:59+00:00\",\"dateModified\":\"2026-02-20T10:17:00+00:00\",\"breadcrumb\":{\"@id\":\"https:\\\/\\\/mas-keltereiprodukte.de\\\/#breadcrumb\"},\"inLanguage\":\"en-GB\",\"potentialAction\":[{\"@type\":\"ReadAction\",\"target\":[\"https:\\\/\\\/mas-keltereiprodukte.de\\\/\"]}]},{\"@type\":\"BreadcrumbList\",\"@id\":\"https:\\\/\\\/mas-keltereiprodukte.de\\\/#breadcrumb\",\"itemListElement\":[{\"@type\":\"ListItem\",\"position\":1,\"name\":\"Startseite\",\"item\":\"https:\\\/\\\/mas-keltereiprodukte.de\\\/\"},{\"@type\":\"ListItem\",\"position\":2,\"name\":\"Startseite\"}]},{\"@type\":\"WebSite\",\"@id\":\"https:\\\/\\\/mas-keltereiprodukte.de\\\/#website\",\"url\":\"https:\\\/\\\/mas-keltereiprodukte.de\\\/\",\"name\":\"Weinpressen und Keltereianlagen - M.A.S. Keltereiprodukte GMBH\",\"description\":\"\",\"potentialAction\":[{\"@type\":\"SearchAction\",\"target\":{\"@type\":\"EntryPoint\",\"urlTemplate\":\"https:\\\/\\\/mas-keltereiprodukte.de\\\/?s={search_term_string}\"},\"query-input\":{\"@type\":\"PropertyValueSpecification\",\"valueRequired\":true,\"valueName\":\"search_term_string\"}}],\"inLanguage\":\"en-GB\"}]}<\/script>\n<!-- \/ Yoast SEO plugin. -->","yoast_head_json":{"title":"Startseite - Weinpressen und Keltereianlagen - M.A.S. Keltereiprodukte GMBH","robots":{"index":"index","follow":"follow","max-snippet":"max-snippet:-1","max-image-preview":"max-image-preview:large","max-video-preview":"max-video-preview:-1"},"canonical":"https:\/\/mas-keltereiprodukte.de\/en\/","og_locale":"en_GB","og_type":"article","og_title":"Startseite - Weinpressen und Keltereianlagen - M.A.S. Keltereiprodukte GMBH","og_description":"Traubenpressen und Keltereiprodukte f\u00fcr WeinbaubetriebeWeintraubenpressen mit innovativer Technik f\u00fcr h\u00f6chste Qualit\u00e4tIhr Partner f\u00fcr Traubenpressen und KeltereianlagenEigene Produktion von Pressmembranen in garantierter Qualit\u00e4t Sie ben\u00f6tigen eine neue Pressmembrane f\u00fcr Ihre Traubenpresse? Wir produzieren und liefern sie.In der Zeit der Weinlese sind wir f\u00fcr Sie rund um die Uhr erreichbar. So gew\u00e4hren wir Ihnen einen reibungslosen Ablauf [&hellip;]","og_url":"https:\/\/mas-keltereiprodukte.de\/en\/","og_site_name":"Weinpressen und Keltereianlagen - M.A.S. Keltereiprodukte GMBH","article_modified_time":"2026-02-20T10:17:00+00:00","twitter_card":"summary_large_image","twitter_misc":{"Estimated reading time":"7 minutes"},"schema":{"@context":"https:\/\/schema.org","@graph":[{"@type":"WebPage","@id":"https:\/\/mas-keltereiprodukte.de\/","url":"https:\/\/mas-keltereiprodukte.de\/","name":"Startseite - Weinpressen und Keltereianlagen - M.A.S. Keltereiprodukte GMBH","isPartOf":{"@id":"https:\/\/mas-keltereiprodukte.de\/#website"},"datePublished":"2019-05-22T06:48:59+00:00","dateModified":"2026-02-20T10:17:00+00:00","breadcrumb":{"@id":"https:\/\/mas-keltereiprodukte.de\/#breadcrumb"},"inLanguage":"en-GB","potentialAction":[{"@type":"ReadAction","target":["https:\/\/mas-keltereiprodukte.de\/"]}]},{"@type":"BreadcrumbList","@id":"https:\/\/mas-keltereiprodukte.de\/#breadcrumb","itemListElement":[{"@type":"ListItem","position":1,"name":"Startseite","item":"https:\/\/mas-keltereiprodukte.de\/"},{"@type":"ListItem","position":2,"name":"Startseite"}]},{"@type":"WebSite","@id":"https:\/\/mas-keltereiprodukte.de\/#website","url":"https:\/\/mas-keltereiprodukte.de\/","name":"Weinpressen und Keltereianlagen - M.A.S. Keltereiprodukte GMBH","description":"","potentialAction":[{"@type":"SearchAction","target":{"@type":"EntryPoint","urlTemplate":"https:\/\/mas-keltereiprodukte.de\/?s={search_term_string}"},"query-input":{"@type":"PropertyValueSpecification","valueRequired":true,"valueName":"search_term_string"}}],"inLanguage":"en-GB"}]}},"_links":{"self":[{"href":"https:\/\/mas-keltereiprodukte.de\/en\/wp-json\/wp\/v2\/pages\/8","targetHints":{"allow":["GET"]}}],"collection":[{"href":"https:\/\/mas-keltereiprodukte.de\/en\/wp-json\/wp\/v2\/pages"}],"about":[{"href":"https:\/\/mas-keltereiprodukte.de\/en\/wp-json\/wp\/v2\/types\/page"}],"author":[{"embeddable":true,"href":"https:\/\/mas-keltereiprodukte.de\/en\/wp-json\/wp\/v2\/users\/1"}],"replies":[{"embeddable":true,"href":"https:\/\/mas-keltereiprodukte.de\/en\/wp-json\/wp\/v2\/comments?post=8"}],"version-history":[{"count":55,"href":"https:\/\/mas-keltereiprodukte.de\/en\/wp-json\/wp\/v2\/pages\/8\/revisions"}],"predecessor-version":[{"id":2232,"href":"https:\/\/mas-keltereiprodukte.de\/en\/wp-json\/wp\/v2\/pages\/8\/revisions\/2232"}],"wp:attachment":[{"href":"https:\/\/mas-keltereiprodukte.de\/en\/wp-json\/wp\/v2\/media?parent=8"}],"curies":[{"name":"wp","href":"https:\/\/api.w.org\/{rel}","templated":true}]}}