{"id":567,"date":"2021-04-27T09:43:56","date_gmt":"2021-04-27T07:43:56","guid":{"rendered":"http:\/\/mas.visualmedia7.alfahosting.org\/?page_id=567"},"modified":"2024-10-22T14:09:43","modified_gmt":"2024-10-22T12:09:43","slug":"alkoholreduktion","status":"publish","type":"page","link":"https:\/\/mas-keltereiprodukte.de\/en\/alkoholreduktion\/","title":{"rendered":"Dealcoholization"},"content":{"rendered":"<p>[et_pb_section fb_built=&#8220;1&#8243; _builder_version=&#8220;4.16&#8243; background_color=&#8220;#f2f2f2&#8243; custom_padding=&#8220;||34px|||&#8220; global_colors_info=&#8220;{}&#8220;][et_pb_row _builder_version=&#8220;4.16&#8243; global_colors_info=&#8220;{}&#8220;][et_pb_column type=&#8220;4_4&#8243; _builder_version=&#8220;4.16&#8243; custom_padding=&#8220;|||&#8220; global_colors_info=&#8220;{}&#8220; custom_padding__hover=&#8220;|||&#8220;][et_pb_text _builder_version=&#8220;4.16&#8243; global_colors_info=&#8220;{}&#8220;]<\/p>\n<h1 style=\"text-align: center;\"><strong>Alkoholreduktion<\/strong><\/h1>\n<p>[\/et_pb_text][et_pb_divider color=&#8220;#fe4701&#8243; divider_weight=&#8220;2px&#8220; _builder_version=&#8220;4.16&#8243; width=&#8220;50%&#8220; module_alignment=&#8220;center&#8220; global_colors_info=&#8220;{}&#8220;][\/et_pb_divider][\/et_pb_column][\/et_pb_row][\/et_pb_section][et_pb_section fb_built=&#8220;1&#8243; _builder_version=&#8220;4.16&#8243; background_color=&#8220;#ffffff&#8220; global_colors_info=&#8220;{}&#8220;][et_pb_row column_structure=&#8220;1_2,1_2&#8243; _builder_version=&#8220;4.16&#8243; _module_preset=&#8220;default&#8220; global_colors_info=&#8220;{}&#8220;][et_pb_column type=&#8220;1_2&#8243; _builder_version=&#8220;4.16&#8243; _module_preset=&#8220;default&#8220; global_colors_info=&#8220;{}&#8220;][et_pb_text _builder_version=&#8220;4.16&#8243; _module_preset=&#8220;default&#8220; global_colors_info=&#8220;{}&#8220;]<\/p>\n<p><strong>Technische Beschreibung<\/strong><\/p>\n<p>Die Filtrationsanlage AlcoFlex ist eine Entalkoholisierungsanlage, welche erlaubt, den Alkoholgehalt der Weine und der g\u00e4renden Moste bei normaler Temperatur und Druck herabzusetzen, unter Einschr\u00e4nkung der Stresseinwirkung auf das Produkt und garantierter R\u00fccksicht auf die Qualit\u00e4t. Die Anlage ist versehen mit einem Hilfskreis f\u00fcr den Kreislauf des Entalkoholisierungs-Wassers und einem Prozesskreis f\u00fcr den Kreislauf des zu behandelnden Weines. W\u00e4hrend des Entalkoholisierungsprozesses reichert sich das Wasser fortlaufend mit Alkohol aus der zu behandelnden Weinmasse an, welche folglich an Alkohol abnimmt. In keinem Fall bekommen beide Fl\u00fcssigkeiten direkten Kontakt zueinander. Das System ist so gebaut, dass das Prozesswasser, auch im Fall eines Bruches der Membrane, nie in den Weinkreislauf gelangt.<\/p>\n<p>[\/et_pb_text][\/et_pb_column][et_pb_column type=&#8220;1_2&#8243; _builder_version=&#8220;4.16&#8243; _module_preset=&#8220;default&#8220; global_colors_info=&#8220;{}&#8220;][et_pb_image src=&#8220;https:\/\/mas-keltereiprodukte.de\/wp-content\/uploads\/2021\/04\/07_dealcolatoreALCO.jpg&#8220; _builder_version=&#8220;4.16&#8243; _module_preset=&#8220;default&#8220; global_colors_info=&#8220;{}&#8220;][\/et_pb_image][\/et_pb_column][\/et_pb_row][\/et_pb_section][et_pb_section fb_built=&#8220;1&#8243; _builder_version=&#8220;4.16&#8243; background_color=&#8220;#f7f7f7&#8243; global_colors_info=&#8220;{}&#8220;][et_pb_row _builder_version=&#8220;4.16&#8243; global_colors_info=&#8220;{}&#8220;][et_pb_column type=&#8220;4_4&#8243; _builder_version=&#8220;4.16&#8243; custom_padding=&#8220;|||&#8220; global_colors_info=&#8220;{}&#8220; custom_padding__hover=&#8220;|||&#8220;][et_pb_text _builder_version=&#8220;4.16&#8243; global_colors_info=&#8220;{}&#8220;]<\/p>\n<h1 style=\"text-align: center;\">Kontaktieren Sie uns<\/h1>\n<p>[\/et_pb_text][et_pb_button button_text=&#8220;Anfrage &#8220; button_alignment=&#8220;center&#8220; _builder_version=&#8220;4.27.2&#8243; custom_button=&#8220;on&#8220; button_text_size=&#8220;18px&#8220; button_text_color=&#8220;#ffffff&#8220; button_bg_color=&#8220;#fe4701&#8243; button_border_width=&#8220;1px&#8220; button_font=&#8220;||||||||&#8220; hover_enabled=&#8220;0&#8243; global_colors_info=&#8220;{}&#8220; button_url=&#8220;https:\/\/mas-keltereiprodukte.de\/kontakt\/&#8220; sticky_enabled=&#8220;0&#8243;][\/et_pb_button][\/et_pb_column][\/et_pb_row][\/et_pb_section]<\/p>\n","protected":false},"excerpt":{"rendered":"<p>AlkoholreduktionTechnische Beschreibung Die Filtrationsanlage AlcoFlex ist eine Entalkoholisierungsanlage, welche erlaubt, den Alkoholgehalt der Weine und der g\u00e4renden Moste bei normaler Temperatur und Druck herabzusetzen, unter Einschr\u00e4nkung der Stresseinwirkung auf das Produkt und garantierter R\u00fccksicht auf die Qualit\u00e4t. Die Anlage ist versehen mit einem Hilfskreis f\u00fcr den Kreislauf des Entalkoholisierungs-Wassers und einem Prozesskreis f\u00fcr den Kreislauf [&hellip;]<\/p>\n","protected":false},"author":1,"featured_media":0,"parent":0,"menu_order":0,"comment_status":"closed","ping_status":"closed","template":"","meta":{"_et_pb_use_builder":"on","_et_pb_old_content":"<!-- wp:divi\/placeholder \/-->","_et_gb_content_width":"","footnotes":""},"class_list":["post-567","page","type-page","status-publish","hentry"],"yoast_head":"<!-- This site is optimized with the Yoast SEO plugin v27.4 - https:\/\/yoast.com\/product\/yoast-seo-wordpress\/ -->\n<title>Alkoholreduktion - Weinpressen und Keltereianlagen - M.A.S. Keltereiprodukte GMBH<\/title>\n<meta name=\"robots\" content=\"index, follow, max-snippet:-1, max-image-preview:large, max-video-preview:-1\" \/>\n<link rel=\"canonical\" href=\"https:\/\/mas-keltereiprodukte.de\/en\/alkoholreduktion\/\" \/>\n<meta property=\"og:locale\" content=\"en_GB\" \/>\n<meta property=\"og:type\" content=\"article\" \/>\n<meta property=\"og:title\" content=\"Alkoholreduktion - Weinpressen und Keltereianlagen - M.A.S. Keltereiprodukte GMBH\" \/>\n<meta property=\"og:description\" content=\"AlkoholreduktionTechnische Beschreibung Die Filtrationsanlage AlcoFlex ist eine Entalkoholisierungsanlage, welche erlaubt, den Alkoholgehalt der Weine und der g\u00e4renden Moste bei normaler Temperatur und Druck herabzusetzen, unter Einschr\u00e4nkung der Stresseinwirkung auf das Produkt und garantierter R\u00fccksicht auf die Qualit\u00e4t. Die Anlage ist versehen mit einem Hilfskreis f\u00fcr den Kreislauf des Entalkoholisierungs-Wassers und einem Prozesskreis f\u00fcr den Kreislauf [&hellip;]\" \/>\n<meta property=\"og:url\" content=\"https:\/\/mas-keltereiprodukte.de\/en\/alkoholreduktion\/\" \/>\n<meta property=\"og:site_name\" content=\"Weinpressen und Keltereianlagen - M.A.S. Keltereiprodukte GMBH\" \/>\n<meta property=\"article:modified_time\" content=\"2024-10-22T12:09:43+00:00\" \/>\n<meta name=\"twitter:card\" content=\"summary_large_image\" \/>\n<script type=\"application\/ld+json\" class=\"yoast-schema-graph\">{\"@context\":\"https:\\\/\\\/schema.org\",\"@graph\":[{\"@type\":\"WebPage\",\"@id\":\"https:\\\/\\\/mas-keltereiprodukte.de\\\/alkoholreduktion\\\/\",\"url\":\"https:\\\/\\\/mas-keltereiprodukte.de\\\/alkoholreduktion\\\/\",\"name\":\"Alkoholreduktion - Weinpressen und Keltereianlagen - M.A.S. Keltereiprodukte GMBH\",\"isPartOf\":{\"@id\":\"https:\\\/\\\/mas-keltereiprodukte.de\\\/#website\"},\"datePublished\":\"2021-04-27T07:43:56+00:00\",\"dateModified\":\"2024-10-22T12:09:43+00:00\",\"breadcrumb\":{\"@id\":\"https:\\\/\\\/mas-keltereiprodukte.de\\\/alkoholreduktion\\\/#breadcrumb\"},\"inLanguage\":\"en-GB\",\"potentialAction\":[{\"@type\":\"ReadAction\",\"target\":[\"https:\\\/\\\/mas-keltereiprodukte.de\\\/alkoholreduktion\\\/\"]}]},{\"@type\":\"BreadcrumbList\",\"@id\":\"https:\\\/\\\/mas-keltereiprodukte.de\\\/alkoholreduktion\\\/#breadcrumb\",\"itemListElement\":[{\"@type\":\"ListItem\",\"position\":1,\"name\":\"Startseite\",\"item\":\"https:\\\/\\\/mas-keltereiprodukte.de\\\/\"},{\"@type\":\"ListItem\",\"position\":2,\"name\":\"Alkoholreduktion\"}]},{\"@type\":\"WebSite\",\"@id\":\"https:\\\/\\\/mas-keltereiprodukte.de\\\/#website\",\"url\":\"https:\\\/\\\/mas-keltereiprodukte.de\\\/\",\"name\":\"Weinpressen und Keltereianlagen - M.A.S. Keltereiprodukte GMBH\",\"description\":\"\",\"potentialAction\":[{\"@type\":\"SearchAction\",\"target\":{\"@type\":\"EntryPoint\",\"urlTemplate\":\"https:\\\/\\\/mas-keltereiprodukte.de\\\/?s={search_term_string}\"},\"query-input\":{\"@type\":\"PropertyValueSpecification\",\"valueRequired\":true,\"valueName\":\"search_term_string\"}}],\"inLanguage\":\"en-GB\"}]}<\/script>\n<!-- \/ Yoast SEO plugin. -->","yoast_head_json":{"title":"Alkoholreduktion - Weinpressen und Keltereianlagen - M.A.S. Keltereiprodukte GMBH","robots":{"index":"index","follow":"follow","max-snippet":"max-snippet:-1","max-image-preview":"max-image-preview:large","max-video-preview":"max-video-preview:-1"},"canonical":"https:\/\/mas-keltereiprodukte.de\/en\/alkoholreduktion\/","og_locale":"en_GB","og_type":"article","og_title":"Alkoholreduktion - Weinpressen und Keltereianlagen - M.A.S. Keltereiprodukte GMBH","og_description":"AlkoholreduktionTechnische Beschreibung Die Filtrationsanlage AlcoFlex ist eine Entalkoholisierungsanlage, welche erlaubt, den Alkoholgehalt der Weine und der g\u00e4renden Moste bei normaler Temperatur und Druck herabzusetzen, unter Einschr\u00e4nkung der Stresseinwirkung auf das Produkt und garantierter R\u00fccksicht auf die Qualit\u00e4t. Die Anlage ist versehen mit einem Hilfskreis f\u00fcr den Kreislauf des Entalkoholisierungs-Wassers und einem Prozesskreis f\u00fcr den Kreislauf [&hellip;]","og_url":"https:\/\/mas-keltereiprodukte.de\/en\/alkoholreduktion\/","og_site_name":"Weinpressen und Keltereianlagen - M.A.S. Keltereiprodukte GMBH","article_modified_time":"2024-10-22T12:09:43+00:00","twitter_card":"summary_large_image","schema":{"@context":"https:\/\/schema.org","@graph":[{"@type":"WebPage","@id":"https:\/\/mas-keltereiprodukte.de\/alkoholreduktion\/","url":"https:\/\/mas-keltereiprodukte.de\/alkoholreduktion\/","name":"Alkoholreduktion - Weinpressen und Keltereianlagen - M.A.S. Keltereiprodukte GMBH","isPartOf":{"@id":"https:\/\/mas-keltereiprodukte.de\/#website"},"datePublished":"2021-04-27T07:43:56+00:00","dateModified":"2024-10-22T12:09:43+00:00","breadcrumb":{"@id":"https:\/\/mas-keltereiprodukte.de\/alkoholreduktion\/#breadcrumb"},"inLanguage":"en-GB","potentialAction":[{"@type":"ReadAction","target":["https:\/\/mas-keltereiprodukte.de\/alkoholreduktion\/"]}]},{"@type":"BreadcrumbList","@id":"https:\/\/mas-keltereiprodukte.de\/alkoholreduktion\/#breadcrumb","itemListElement":[{"@type":"ListItem","position":1,"name":"Startseite","item":"https:\/\/mas-keltereiprodukte.de\/"},{"@type":"ListItem","position":2,"name":"Alkoholreduktion"}]},{"@type":"WebSite","@id":"https:\/\/mas-keltereiprodukte.de\/#website","url":"https:\/\/mas-keltereiprodukte.de\/","name":"Weinpressen und Keltereianlagen - M.A.S. Keltereiprodukte GMBH","description":"","potentialAction":[{"@type":"SearchAction","target":{"@type":"EntryPoint","urlTemplate":"https:\/\/mas-keltereiprodukte.de\/?s={search_term_string}"},"query-input":{"@type":"PropertyValueSpecification","valueRequired":true,"valueName":"search_term_string"}}],"inLanguage":"en-GB"}]}},"_links":{"self":[{"href":"https:\/\/mas-keltereiprodukte.de\/en\/wp-json\/wp\/v2\/pages\/567","targetHints":{"allow":["GET"]}}],"collection":[{"href":"https:\/\/mas-keltereiprodukte.de\/en\/wp-json\/wp\/v2\/pages"}],"about":[{"href":"https:\/\/mas-keltereiprodukte.de\/en\/wp-json\/wp\/v2\/types\/page"}],"author":[{"embeddable":true,"href":"https:\/\/mas-keltereiprodukte.de\/en\/wp-json\/wp\/v2\/users\/1"}],"replies":[{"embeddable":true,"href":"https:\/\/mas-keltereiprodukte.de\/en\/wp-json\/wp\/v2\/comments?post=567"}],"version-history":[{"count":4,"href":"https:\/\/mas-keltereiprodukte.de\/en\/wp-json\/wp\/v2\/pages\/567\/revisions"}],"predecessor-version":[{"id":2020,"href":"https:\/\/mas-keltereiprodukte.de\/en\/wp-json\/wp\/v2\/pages\/567\/revisions\/2020"}],"wp:attachment":[{"href":"https:\/\/mas-keltereiprodukte.de\/en\/wp-json\/wp\/v2\/media?parent=567"}],"curies":[{"name":"wp","href":"https:\/\/api.w.org\/{rel}","templated":true}]}}