{"id":536,"date":"2021-04-27T09:08:42","date_gmt":"2021-04-27T07:08:42","guid":{"rendered":"http:\/\/mas.visualmedia7.alfahosting.org\/?page_id=536"},"modified":"2024-10-22T14:10:08","modified_gmt":"2024-10-22T12:10:08","slug":"plattenfilter","status":"publish","type":"page","link":"https:\/\/mas-keltereiprodukte.de\/en\/plattenfilter\/","title":{"rendered":"Plate filter"},"content":{"rendered":"<p>[et_pb_section fb_built=&#8220;1&#8243; _builder_version=&#8220;4.16&#8243; background_color=&#8220;#f2f2f2&#8243; custom_padding=&#8220;||34px|||&#8220; global_colors_info=&#8220;{}&#8220;][et_pb_row _builder_version=&#8220;4.16&#8243; global_colors_info=&#8220;{}&#8220;][et_pb_column type=&#8220;4_4&#8243; _builder_version=&#8220;4.16&#8243; custom_padding=&#8220;|||&#8220; global_colors_info=&#8220;{}&#8220; custom_padding__hover=&#8220;|||&#8220;][et_pb_text _builder_version=&#8220;4.16&#8243; global_colors_info=&#8220;{}&#8220;]<\/p>\n<h1 style=\"text-align: center;\"><strong>Plattenfilter<\/strong><\/h1>\n<p>[\/et_pb_text][et_pb_divider color=&#8220;#fe4701&#8243; divider_weight=&#8220;2px&#8220; _builder_version=&#8220;4.16&#8243; width=&#8220;50%&#8220; module_alignment=&#8220;center&#8220; global_colors_info=&#8220;{}&#8220;][\/et_pb_divider][\/et_pb_column][\/et_pb_row][\/et_pb_section][et_pb_section fb_built=&#8220;1&#8243; _builder_version=&#8220;4.16&#8243; background_color=&#8220;#ffffff&#8220; global_colors_info=&#8220;{}&#8220;][et_pb_row column_structure=&#8220;1_2,1_2&#8243; _builder_version=&#8220;4.16&#8243; _module_preset=&#8220;default&#8220; global_colors_info=&#8220;{}&#8220;][et_pb_column type=&#8220;1_2&#8243; _builder_version=&#8220;4.16&#8243; _module_preset=&#8220;default&#8220; global_colors_info=&#8220;{}&#8220;][et_pb_text _builder_version=&#8220;4.21.0&#8243; _module_preset=&#8220;default&#8220; global_colors_info=&#8220;{}&#8220;]<\/p>\n<h2>Filterpresse<\/h2>\n<p><strong>Technische Beschreibung<\/strong><br \/>Die Kammerfilterpresse APS ist eine Industrieanlage zur Dehydrierung, durch fest\/fl\u00fcssig Trennung, von Suspensionen mit hohem Feststoffanteil.<\/p>\n<p>Die Filterpresse besteht aus einer Folge von Platten und Filtert\u00fcchern, zwischen denen sich die Kammern bilden, in welchen sich ein fester, dehydrierter Kuchen bildet. Im Hohlraum zwischen Platte und Rahmen wird die Festphase zur\u00fcckgehalten und nur die Fl\u00fcssigphase, mit geringem Feststoffanteil, kann entkommen. Die Filtrierung ist die Hauptphase des Filtriervorgangs.<\/p>\n<p>Das gepumpte Produkt kann Filterhilfsmittel enthalten oder auch nicht. Die Filtrierung verursacht das Verstopfen der Filtert\u00fccher, eine Erh\u00f6hung des F\u00f6rderdruckes und dadurch eine Verringerung des Durchsatzes. In der ersten Phase des Filtrierungszyklus wird eine Exzenterschneckenpumpe benutzt. W\u00e4hrend dieser Phase ist der Druck niedrig und der Durchsatz hoch. Wenn der Druck 5 oder 6 bar \u00fcberschreitet, wird die Exzenterschneckenpumpe ausgeschaltet, und eine Kolbenpumpe mit kleinerem Durchsatz erzeugt die erh\u00f6hten Dr\u00fccke (bis 12 bar). Der Filtrierungszyklus ist beendet, wenn der Filtrationsdruck f\u00fcr eine bestimmte Zeit ununterbrochen 12 bar \u00fcberschreitet.<\/p>\n<p>Die Filterpresse verarbeitet:<\/p>\n<ul>\n<li>Traubenmost<\/li>\n<li>Wein<\/li>\n<li>Mosttrub aus Sedimentation und Flotation<\/li>\n<li>Sch\u00f6nungstrub und Bodensatz<\/li>\n<\/ul>\n<p><strong>Automatisierung<\/strong><br \/>Die Filterpressenmodelle APS 1000 und 1200 k\u00f6nnen mit automatischen, pneumatisch gesteuerten oder mit manuellen Drosselklappen ausgestattet werden. Die Modelle mit automatischen Ventilen k\u00f6nnen die F\u00fcllung, die Filtrierung und die Entleerung automatisch durchf\u00fchren, mit nur minimalen Eingriffen des Bedieners. Die Modelle mit manuellen Ventilen ben\u00f6tigen zum F\u00fcllen, Filtrieren und Entleeren je nur einen einzigen Eingriff des Bedieners.<\/p>\n<p>[\/et_pb_text][\/et_pb_column][et_pb_column type=&#8220;1_2&#8243; _builder_version=&#8220;4.16&#8243; _module_preset=&#8220;default&#8220; global_colors_info=&#8220;{}&#8220;][et_pb_image src=&#8220;https:\/\/mas-keltereiprodukte.de\/wp-content\/uploads\/2021\/04\/1NE_0862-logo-diemmeweb.jpg&#8220; title_text=&#8220;1NE_0862-logo-diemmeweb&#8220; _builder_version=&#8220;4.16&#8243; _module_preset=&#8220;default&#8220; custom_margin=&#8220;||2px|||&#8220; global_colors_info=&#8220;{}&#8220;][\/et_pb_image][et_pb_image src=&#8220;https:\/\/mas-keltereiprodukte.de\/wp-content\/uploads\/2021\/04\/1NE_0875-Modificaweb.jpg&#8220; title_text=&#8220;1NE_0875-Modificaweb&#8220; _builder_version=&#8220;4.16&#8243; _module_preset=&#8220;default&#8220; custom_margin=&#8220;||2px|||&#8220; global_colors_info=&#8220;{}&#8220;][\/et_pb_image][\/et_pb_column][\/et_pb_row][\/et_pb_section][et_pb_section fb_built=&#8220;1&#8243; _builder_version=&#8220;4.16&#8243; background_color=&#8220;#f7f7f7&#8243; global_colors_info=&#8220;{}&#8220;][et_pb_row _builder_version=&#8220;4.16&#8243; global_colors_info=&#8220;{}&#8220;][et_pb_column type=&#8220;4_4&#8243; _builder_version=&#8220;4.16&#8243; custom_padding=&#8220;|||&#8220; global_colors_info=&#8220;{}&#8220; custom_padding__hover=&#8220;|||&#8220;][et_pb_text _builder_version=&#8220;4.16&#8243; global_colors_info=&#8220;{}&#8220;]<\/p>\n<h1 style=\"text-align: center;\">Kontaktieren Sie uns<\/h1>\n<p>[\/et_pb_text][et_pb_button button_text=&#8220;Anfrage &#8220; button_alignment=&#8220;center&#8220; _builder_version=&#8220;4.27.2&#8243; custom_button=&#8220;on&#8220; button_text_size=&#8220;18px&#8220; button_text_color=&#8220;#ffffff&#8220; button_bg_color=&#8220;#fe4701&#8243; button_border_width=&#8220;1px&#8220; button_font=&#8220;||||||||&#8220; hover_enabled=&#8220;0&#8243; global_colors_info=&#8220;{}&#8220; button_url=&#8220;https:\/\/mas-keltereiprodukte.de\/kontakt\/&#8220; sticky_enabled=&#8220;0&#8243;][\/et_pb_button][\/et_pb_column][\/et_pb_row][\/et_pb_section]<\/p>\n","protected":false},"excerpt":{"rendered":"<p>PlattenfilterFilterpresse Technische BeschreibungDie Kammerfilterpresse APS ist eine Industrieanlage zur Dehydrierung, durch fest\/fl\u00fcssig Trennung, von Suspensionen mit hohem Feststoffanteil. Die Filterpresse besteht aus einer Folge von Platten und Filtert\u00fcchern, zwischen denen sich die Kammern bilden, in welchen sich ein fester, dehydrierter Kuchen bildet. Im Hohlraum zwischen Platte und Rahmen wird die Festphase zur\u00fcckgehalten und nur die [&hellip;]<\/p>\n","protected":false},"author":1,"featured_media":0,"parent":0,"menu_order":0,"comment_status":"closed","ping_status":"closed","template":"","meta":{"_et_pb_use_builder":"on","_et_pb_old_content":"<!-- wp:divi\/placeholder \/-->","_et_gb_content_width":"","footnotes":""},"class_list":["post-536","page","type-page","status-publish","hentry"],"yoast_head":"<!-- This site is optimized with the Yoast SEO plugin v27.4 - https:\/\/yoast.com\/product\/yoast-seo-wordpress\/ -->\n<title>Plattenfilter - Weinpressen und Keltereianlagen - M.A.S. Keltereiprodukte GMBH<\/title>\n<meta name=\"robots\" content=\"index, follow, max-snippet:-1, max-image-preview:large, max-video-preview:-1\" \/>\n<link rel=\"canonical\" href=\"https:\/\/mas-keltereiprodukte.de\/en\/plattenfilter\/\" \/>\n<meta property=\"og:locale\" content=\"en_GB\" \/>\n<meta property=\"og:type\" content=\"article\" \/>\n<meta property=\"og:title\" content=\"Plattenfilter - Weinpressen und Keltereianlagen - M.A.S. Keltereiprodukte GMBH\" \/>\n<meta property=\"og:description\" content=\"PlattenfilterFilterpresse Technische BeschreibungDie Kammerfilterpresse APS ist eine Industrieanlage zur Dehydrierung, durch fest\/fl\u00fcssig Trennung, von Suspensionen mit hohem Feststoffanteil. Die Filterpresse besteht aus einer Folge von Platten und Filtert\u00fcchern, zwischen denen sich die Kammern bilden, in welchen sich ein fester, dehydrierter Kuchen bildet. Im Hohlraum zwischen Platte und Rahmen wird die Festphase zur\u00fcckgehalten und nur die [&hellip;]\" \/>\n<meta property=\"og:url\" content=\"https:\/\/mas-keltereiprodukte.de\/en\/plattenfilter\/\" \/>\n<meta property=\"og:site_name\" content=\"Weinpressen und Keltereianlagen - M.A.S. Keltereiprodukte GMBH\" \/>\n<meta property=\"article:modified_time\" content=\"2024-10-22T12:10:08+00:00\" \/>\n<meta name=\"twitter:card\" content=\"summary_large_image\" \/>\n<script type=\"application\/ld+json\" class=\"yoast-schema-graph\">{\"@context\":\"https:\\\/\\\/schema.org\",\"@graph\":[{\"@type\":\"WebPage\",\"@id\":\"https:\\\/\\\/mas-keltereiprodukte.de\\\/plattenfilter\\\/\",\"url\":\"https:\\\/\\\/mas-keltereiprodukte.de\\\/plattenfilter\\\/\",\"name\":\"Plattenfilter - Weinpressen und Keltereianlagen - M.A.S. Keltereiprodukte GMBH\",\"isPartOf\":{\"@id\":\"https:\\\/\\\/mas-keltereiprodukte.de\\\/#website\"},\"datePublished\":\"2021-04-27T07:08:42+00:00\",\"dateModified\":\"2024-10-22T12:10:08+00:00\",\"breadcrumb\":{\"@id\":\"https:\\\/\\\/mas-keltereiprodukte.de\\\/plattenfilter\\\/#breadcrumb\"},\"inLanguage\":\"en-GB\",\"potentialAction\":[{\"@type\":\"ReadAction\",\"target\":[\"https:\\\/\\\/mas-keltereiprodukte.de\\\/plattenfilter\\\/\"]}]},{\"@type\":\"BreadcrumbList\",\"@id\":\"https:\\\/\\\/mas-keltereiprodukte.de\\\/plattenfilter\\\/#breadcrumb\",\"itemListElement\":[{\"@type\":\"ListItem\",\"position\":1,\"name\":\"Startseite\",\"item\":\"https:\\\/\\\/mas-keltereiprodukte.de\\\/\"},{\"@type\":\"ListItem\",\"position\":2,\"name\":\"Plattenfilter\"}]},{\"@type\":\"WebSite\",\"@id\":\"https:\\\/\\\/mas-keltereiprodukte.de\\\/#website\",\"url\":\"https:\\\/\\\/mas-keltereiprodukte.de\\\/\",\"name\":\"Weinpressen und Keltereianlagen - M.A.S. Keltereiprodukte GMBH\",\"description\":\"\",\"potentialAction\":[{\"@type\":\"SearchAction\",\"target\":{\"@type\":\"EntryPoint\",\"urlTemplate\":\"https:\\\/\\\/mas-keltereiprodukte.de\\\/?s={search_term_string}\"},\"query-input\":{\"@type\":\"PropertyValueSpecification\",\"valueRequired\":true,\"valueName\":\"search_term_string\"}}],\"inLanguage\":\"en-GB\"}]}<\/script>\n<!-- \/ Yoast SEO plugin. -->","yoast_head_json":{"title":"Plattenfilter - Weinpressen und Keltereianlagen - M.A.S. Keltereiprodukte GMBH","robots":{"index":"index","follow":"follow","max-snippet":"max-snippet:-1","max-image-preview":"max-image-preview:large","max-video-preview":"max-video-preview:-1"},"canonical":"https:\/\/mas-keltereiprodukte.de\/en\/plattenfilter\/","og_locale":"en_GB","og_type":"article","og_title":"Plattenfilter - Weinpressen und Keltereianlagen - M.A.S. Keltereiprodukte GMBH","og_description":"PlattenfilterFilterpresse Technische BeschreibungDie Kammerfilterpresse APS ist eine Industrieanlage zur Dehydrierung, durch fest\/fl\u00fcssig Trennung, von Suspensionen mit hohem Feststoffanteil. Die Filterpresse besteht aus einer Folge von Platten und Filtert\u00fcchern, zwischen denen sich die Kammern bilden, in welchen sich ein fester, dehydrierter Kuchen bildet. Im Hohlraum zwischen Platte und Rahmen wird die Festphase zur\u00fcckgehalten und nur die [&hellip;]","og_url":"https:\/\/mas-keltereiprodukte.de\/en\/plattenfilter\/","og_site_name":"Weinpressen und Keltereianlagen - M.A.S. Keltereiprodukte GMBH","article_modified_time":"2024-10-22T12:10:08+00:00","twitter_card":"summary_large_image","schema":{"@context":"https:\/\/schema.org","@graph":[{"@type":"WebPage","@id":"https:\/\/mas-keltereiprodukte.de\/plattenfilter\/","url":"https:\/\/mas-keltereiprodukte.de\/plattenfilter\/","name":"Plattenfilter - Weinpressen und Keltereianlagen - M.A.S. Keltereiprodukte GMBH","isPartOf":{"@id":"https:\/\/mas-keltereiprodukte.de\/#website"},"datePublished":"2021-04-27T07:08:42+00:00","dateModified":"2024-10-22T12:10:08+00:00","breadcrumb":{"@id":"https:\/\/mas-keltereiprodukte.de\/plattenfilter\/#breadcrumb"},"inLanguage":"en-GB","potentialAction":[{"@type":"ReadAction","target":["https:\/\/mas-keltereiprodukte.de\/plattenfilter\/"]}]},{"@type":"BreadcrumbList","@id":"https:\/\/mas-keltereiprodukte.de\/plattenfilter\/#breadcrumb","itemListElement":[{"@type":"ListItem","position":1,"name":"Startseite","item":"https:\/\/mas-keltereiprodukte.de\/"},{"@type":"ListItem","position":2,"name":"Plattenfilter"}]},{"@type":"WebSite","@id":"https:\/\/mas-keltereiprodukte.de\/#website","url":"https:\/\/mas-keltereiprodukte.de\/","name":"Weinpressen und Keltereianlagen - M.A.S. Keltereiprodukte GMBH","description":"","potentialAction":[{"@type":"SearchAction","target":{"@type":"EntryPoint","urlTemplate":"https:\/\/mas-keltereiprodukte.de\/?s={search_term_string}"},"query-input":{"@type":"PropertyValueSpecification","valueRequired":true,"valueName":"search_term_string"}}],"inLanguage":"en-GB"}]}},"_links":{"self":[{"href":"https:\/\/mas-keltereiprodukte.de\/en\/wp-json\/wp\/v2\/pages\/536","targetHints":{"allow":["GET"]}}],"collection":[{"href":"https:\/\/mas-keltereiprodukte.de\/en\/wp-json\/wp\/v2\/pages"}],"about":[{"href":"https:\/\/mas-keltereiprodukte.de\/en\/wp-json\/wp\/v2\/types\/page"}],"author":[{"embeddable":true,"href":"https:\/\/mas-keltereiprodukte.de\/en\/wp-json\/wp\/v2\/users\/1"}],"replies":[{"embeddable":true,"href":"https:\/\/mas-keltereiprodukte.de\/en\/wp-json\/wp\/v2\/comments?post=536"}],"version-history":[{"count":6,"href":"https:\/\/mas-keltereiprodukte.de\/en\/wp-json\/wp\/v2\/pages\/536\/revisions"}],"predecessor-version":[{"id":2022,"href":"https:\/\/mas-keltereiprodukte.de\/en\/wp-json\/wp\/v2\/pages\/536\/revisions\/2022"}],"wp:attachment":[{"href":"https:\/\/mas-keltereiprodukte.de\/en\/wp-json\/wp\/v2\/media?parent=536"}],"curies":[{"name":"wp","href":"https:\/\/api.w.org\/{rel}","templated":true}]}}