{"id":533,"date":"2021-04-27T09:08:56","date_gmt":"2021-04-27T07:08:56","guid":{"rendered":"http:\/\/mas.visualmedia7.alfahosting.org\/?page_id=533"},"modified":"2024-11-25T15:10:36","modified_gmt":"2024-11-25T14:10:36","slug":"microflex","status":"publish","type":"page","link":"https:\/\/mas-keltereiprodukte.de\/en\/microflex\/","title":{"rendered":"Microflex"},"content":{"rendered":"<p>[et_pb_section fb_built=&#8220;1&#8243; _builder_version=&#8220;4.16&#8243; background_color=&#8220;#f2f2f2&#8243; custom_padding=&#8220;||34px|||&#8220; global_colors_info=&#8220;{}&#8220;][et_pb_row _builder_version=&#8220;4.16&#8243; global_colors_info=&#8220;{}&#8220;][et_pb_column type=&#8220;4_4&#8243; _builder_version=&#8220;4.16&#8243; custom_padding=&#8220;|||&#8220; global_colors_info=&#8220;{}&#8220; custom_padding__hover=&#8220;|||&#8220;][et_pb_text _builder_version=&#8220;4.27.3&#8243; hover_enabled=&#8220;0&#8243; global_colors_info=&#8220;{}&#8220; sticky_enabled=&#8220;0&#8243;]<\/p>\n<h1 style=\"text-align: center;\"><strong>MicroFlex<\/strong><\/h1>\n<p>[\/et_pb_text][et_pb_divider color=&#8220;#fe4701&#8243; divider_weight=&#8220;2px&#8220; _builder_version=&#8220;4.16&#8243; width=&#8220;50%&#8220; module_alignment=&#8220;center&#8220; global_colors_info=&#8220;{}&#8220;][\/et_pb_divider][\/et_pb_column][\/et_pb_row][\/et_pb_section][et_pb_section fb_built=&#8220;1&#8243; _builder_version=&#8220;4.16&#8243; background_color=&#8220;#ffffff&#8220; global_colors_info=&#8220;{}&#8220;][et_pb_row _builder_version=&#8220;4.16&#8243; _module_preset=&#8220;default&#8220; global_colors_info=&#8220;{}&#8220;][et_pb_column type=&#8220;4_4&#8243; _builder_version=&#8220;4.16&#8243; _module_preset=&#8220;default&#8220; global_colors_info=&#8220;{}&#8220;][et_pb_image src=&#8220;https:\/\/mas-keltereiprodukte.de\/wp-content\/uploads\/2021\/04\/Gamma_Microflex_altaweb.jpg&#8220; title_text=&#8220;Gamma_Microflex_altaweb&#8220; align=&#8220;center&#8220; _builder_version=&#8220;4.16&#8243; _module_preset=&#8220;default&#8220; global_colors_info=&#8220;{}&#8220;][\/et_pb_image][et_pb_text _builder_version=&#8220;4.21.0&#8243; _module_preset=&#8220;default&#8220; global_colors_info=&#8220;{}&#8220;]<\/p>\n<h2>MicroFlex<\/h2>\n<p><strong>Technische Beschreibung:<\/strong><br \/>Die Filtrationsanlage MicroFlex ist eine orthogonale (Durchfluss-) Filtrationsanlage mit Filtereins\u00e4tzen, gekennzeichnet durch eine hohe Automatisierung. Dank der kontinuierlichen \u00dcberwachung und Verarbeitung der Filtrationsparameter ist die Intelliflex Software (Patent angemeldet) imstande, das ganze Prozessverfahren v\u00f6llig automatisch zu f\u00fchren und zu optimieren. Das Modell MicroFlex 12 f\u00fchrt vollautomatisch alle Filtrationszyklen durch und braucht die Arbeit des Bedieners nur f\u00fcr den Waschzyklus. Die Modelle MicroFlex 24 und MicroFlex 48 f\u00fchren automatisch alle Filtrations- und Waschzyklen aus, ohne Hilfe des Bedieners.<\/p>\n<p>Die Filtrationsanlage MicroFlex wurde entworfen, um Wei\u00df- und Rotwein, sowohl still als auch sch\u00e4umend, zu verarbeiten. Die Anlage ist auch zur Filtration klarer Moste geeignet.<\/p>\n<p>Das Filtrationssystem MicroFlex bietet folgende Vorteile:<\/p>\n<ul>\n<li>Hohe Automatisierung<\/li>\n<li>Ausgezeichnete Hygiene<\/li>\n<li>Vorz\u00fcgliche Qualit\u00e4t des Produkts<\/li>\n<li>Austauschbare Membranen<\/li>\n<li>Geeignet f\u00fcr alle Filtrationsaufgaben in der Kellerei<\/li>\n<li>Keine Erhitzung des Produkts<\/li>\n<li>\u00c4u\u00dferst gem\u00e4\u00dfigter Energieverbrauch<\/li>\n<\/ul>\n<p><strong>Automatisierung<\/strong><br \/>Das Modell MicroFlex 12 ist mit manuellen Ventilen ausgestattet und hat weder einen Waschbeh\u00e4lter noch eine Dosierpumpe f\u00fcr Reinigungsmittel. Die SPS f\u00fchrt automatisch alle Filtrationsarbeiten durch, braucht aber den Bediener f\u00fcr den Waschvorgang. Die Modelle MicroFlex 24 und MicroFlex 48 sind mit automatischen Ventilen, pneumatisch gesteuert, einem Waschbeh\u00e4lter und Dosierpumpen f\u00fcr die Reinigungsmittel ausgestattet. Diese Modelle sind imstande, alle Arbeiten, d.h. F\u00fcllvorgang, Filtration, Entleerung, Waschvorgang, usw. ohne Hilfe des Bedieners durchzuf\u00fchren. Alle Phasen, die Betriebszust\u00e4nde, die Sollwerte, die Schalt Punkte und Zeiten der Ventile und Pumpen, werden \u00fcber einem Touch Screen visualisiert. Die Pumpen und die Positionierung der automatischen Ventile w\u00e4hrend der Produktions- und Waschphasen werden von der SPS gesteuert und \u00fcberwacht. Die operativen Parameter und Alarme werden von der SPS gef\u00fchrt, welche auch die Funktion der Anlage unter abweichenden Bedingungen oder unzureichender Sicherheit f\u00fcr die Membranen oder f\u00fcr den Bediener verhindert.<\/p>\n<p>[\/et_pb_text][\/et_pb_column][\/et_pb_row][\/et_pb_section][et_pb_section fb_built=&#8220;1&#8243; _builder_version=&#8220;4.16&#8243; background_color=&#8220;#f7f7f7&#8243; global_colors_info=&#8220;{}&#8220;][et_pb_row _builder_version=&#8220;4.16&#8243; global_colors_info=&#8220;{}&#8220;][et_pb_column type=&#8220;4_4&#8243; _builder_version=&#8220;4.16&#8243; custom_padding=&#8220;|||&#8220; global_colors_info=&#8220;{}&#8220; custom_padding__hover=&#8220;|||&#8220;][et_pb_text _builder_version=&#8220;4.16&#8243; global_colors_info=&#8220;{}&#8220;]<\/p>\n<h1 style=\"text-align: center;\">Kontaktieren Sie uns<\/h1>\n<p>[\/et_pb_text][et_pb_button button_url=&#8220;https:\/\/mas-keltereiprodukte.de\/kontakt\/&#8220; button_text=&#8220;Anfrage &#8220; button_alignment=&#8220;center&#8220; _builder_version=&#8220;4.27.2&#8243; custom_button=&#8220;on&#8220; button_text_size=&#8220;18px&#8220; button_text_color=&#8220;#ffffff&#8220; button_bg_color=&#8220;#fe4701&#8243; button_border_width=&#8220;1px&#8220; button_font=&#8220;||||||||&#8220; global_colors_info=&#8220;{}&#8220;][\/et_pb_button][\/et_pb_column][\/et_pb_row][\/et_pb_section]<\/p>\n","protected":false},"excerpt":{"rendered":"<p>MicroFlexMicroFlex Technische Beschreibung:Die Filtrationsanlage MicroFlex ist eine orthogonale (Durchfluss-) Filtrationsanlage mit Filtereins\u00e4tzen, gekennzeichnet durch eine hohe Automatisierung. Dank der kontinuierlichen \u00dcberwachung und Verarbeitung der Filtrationsparameter ist die Intelliflex Software (Patent angemeldet) imstande, das ganze Prozessverfahren v\u00f6llig automatisch zu f\u00fchren und zu optimieren. Das Modell MicroFlex 12 f\u00fchrt vollautomatisch alle Filtrationszyklen durch und braucht die Arbeit [&hellip;]<\/p>\n","protected":false},"author":1,"featured_media":0,"parent":0,"menu_order":0,"comment_status":"closed","ping_status":"closed","template":"","meta":{"_et_pb_use_builder":"on","_et_pb_old_content":"<!-- wp:divi\/placeholder \/-->","_et_gb_content_width":"","footnotes":""},"class_list":["post-533","page","type-page","status-publish","hentry"],"yoast_head":"<!-- This site is optimized with the Yoast SEO plugin v27.4 - https:\/\/yoast.com\/product\/yoast-seo-wordpress\/ -->\n<title>Microflex - Weinpressen und Keltereianlagen - M.A.S. Keltereiprodukte GMBH<\/title>\n<meta name=\"robots\" content=\"index, follow, max-snippet:-1, max-image-preview:large, max-video-preview:-1\" \/>\n<link rel=\"canonical\" href=\"https:\/\/mas-keltereiprodukte.de\/en\/microflex\/\" \/>\n<meta property=\"og:locale\" content=\"en_GB\" \/>\n<meta property=\"og:type\" content=\"article\" \/>\n<meta property=\"og:title\" content=\"Microflex - Weinpressen und Keltereianlagen - M.A.S. Keltereiprodukte GMBH\" \/>\n<meta property=\"og:description\" content=\"MicroFlexMicroFlex Technische Beschreibung:Die Filtrationsanlage MicroFlex ist eine orthogonale (Durchfluss-) Filtrationsanlage mit Filtereins\u00e4tzen, gekennzeichnet durch eine hohe Automatisierung. Dank der kontinuierlichen \u00dcberwachung und Verarbeitung der Filtrationsparameter ist die Intelliflex Software (Patent angemeldet) imstande, das ganze Prozessverfahren v\u00f6llig automatisch zu f\u00fchren und zu optimieren. Das Modell MicroFlex 12 f\u00fchrt vollautomatisch alle Filtrationszyklen durch und braucht die Arbeit [&hellip;]\" \/>\n<meta property=\"og:url\" content=\"https:\/\/mas-keltereiprodukte.de\/en\/microflex\/\" \/>\n<meta property=\"og:site_name\" content=\"Weinpressen und Keltereianlagen - M.A.S. Keltereiprodukte GMBH\" \/>\n<meta property=\"article:modified_time\" content=\"2024-11-25T14:10:36+00:00\" \/>\n<meta name=\"twitter:card\" content=\"summary_large_image\" \/>\n<script type=\"application\/ld+json\" class=\"yoast-schema-graph\">{\"@context\":\"https:\\\/\\\/schema.org\",\"@graph\":[{\"@type\":\"WebPage\",\"@id\":\"https:\\\/\\\/mas-keltereiprodukte.de\\\/microflex\\\/\",\"url\":\"https:\\\/\\\/mas-keltereiprodukte.de\\\/microflex\\\/\",\"name\":\"Microflex - Weinpressen und Keltereianlagen - M.A.S. Keltereiprodukte GMBH\",\"isPartOf\":{\"@id\":\"https:\\\/\\\/mas-keltereiprodukte.de\\\/#website\"},\"datePublished\":\"2021-04-27T07:08:56+00:00\",\"dateModified\":\"2024-11-25T14:10:36+00:00\",\"breadcrumb\":{\"@id\":\"https:\\\/\\\/mas-keltereiprodukte.de\\\/microflex\\\/#breadcrumb\"},\"inLanguage\":\"en-GB\",\"potentialAction\":[{\"@type\":\"ReadAction\",\"target\":[\"https:\\\/\\\/mas-keltereiprodukte.de\\\/microflex\\\/\"]}]},{\"@type\":\"BreadcrumbList\",\"@id\":\"https:\\\/\\\/mas-keltereiprodukte.de\\\/microflex\\\/#breadcrumb\",\"itemListElement\":[{\"@type\":\"ListItem\",\"position\":1,\"name\":\"Startseite\",\"item\":\"https:\\\/\\\/mas-keltereiprodukte.de\\\/\"},{\"@type\":\"ListItem\",\"position\":2,\"name\":\"Microflex\"}]},{\"@type\":\"WebSite\",\"@id\":\"https:\\\/\\\/mas-keltereiprodukte.de\\\/#website\",\"url\":\"https:\\\/\\\/mas-keltereiprodukte.de\\\/\",\"name\":\"Weinpressen und Keltereianlagen - M.A.S. Keltereiprodukte GMBH\",\"description\":\"\",\"potentialAction\":[{\"@type\":\"SearchAction\",\"target\":{\"@type\":\"EntryPoint\",\"urlTemplate\":\"https:\\\/\\\/mas-keltereiprodukte.de\\\/?s={search_term_string}\"},\"query-input\":{\"@type\":\"PropertyValueSpecification\",\"valueRequired\":true,\"valueName\":\"search_term_string\"}}],\"inLanguage\":\"en-GB\"}]}<\/script>\n<!-- \/ Yoast SEO plugin. -->","yoast_head_json":{"title":"Microflex - Weinpressen und Keltereianlagen - M.A.S. Keltereiprodukte GMBH","robots":{"index":"index","follow":"follow","max-snippet":"max-snippet:-1","max-image-preview":"max-image-preview:large","max-video-preview":"max-video-preview:-1"},"canonical":"https:\/\/mas-keltereiprodukte.de\/en\/microflex\/","og_locale":"en_GB","og_type":"article","og_title":"Microflex - Weinpressen und Keltereianlagen - M.A.S. Keltereiprodukte GMBH","og_description":"MicroFlexMicroFlex Technische Beschreibung:Die Filtrationsanlage MicroFlex ist eine orthogonale (Durchfluss-) Filtrationsanlage mit Filtereins\u00e4tzen, gekennzeichnet durch eine hohe Automatisierung. Dank der kontinuierlichen \u00dcberwachung und Verarbeitung der Filtrationsparameter ist die Intelliflex Software (Patent angemeldet) imstande, das ganze Prozessverfahren v\u00f6llig automatisch zu f\u00fchren und zu optimieren. Das Modell MicroFlex 12 f\u00fchrt vollautomatisch alle Filtrationszyklen durch und braucht die Arbeit [&hellip;]","og_url":"https:\/\/mas-keltereiprodukte.de\/en\/microflex\/","og_site_name":"Weinpressen und Keltereianlagen - M.A.S. Keltereiprodukte GMBH","article_modified_time":"2024-11-25T14:10:36+00:00","twitter_card":"summary_large_image","schema":{"@context":"https:\/\/schema.org","@graph":[{"@type":"WebPage","@id":"https:\/\/mas-keltereiprodukte.de\/microflex\/","url":"https:\/\/mas-keltereiprodukte.de\/microflex\/","name":"Microflex - Weinpressen und Keltereianlagen - M.A.S. Keltereiprodukte GMBH","isPartOf":{"@id":"https:\/\/mas-keltereiprodukte.de\/#website"},"datePublished":"2021-04-27T07:08:56+00:00","dateModified":"2024-11-25T14:10:36+00:00","breadcrumb":{"@id":"https:\/\/mas-keltereiprodukte.de\/microflex\/#breadcrumb"},"inLanguage":"en-GB","potentialAction":[{"@type":"ReadAction","target":["https:\/\/mas-keltereiprodukte.de\/microflex\/"]}]},{"@type":"BreadcrumbList","@id":"https:\/\/mas-keltereiprodukte.de\/microflex\/#breadcrumb","itemListElement":[{"@type":"ListItem","position":1,"name":"Startseite","item":"https:\/\/mas-keltereiprodukte.de\/"},{"@type":"ListItem","position":2,"name":"Microflex"}]},{"@type":"WebSite","@id":"https:\/\/mas-keltereiprodukte.de\/#website","url":"https:\/\/mas-keltereiprodukte.de\/","name":"Weinpressen und Keltereianlagen - M.A.S. Keltereiprodukte GMBH","description":"","potentialAction":[{"@type":"SearchAction","target":{"@type":"EntryPoint","urlTemplate":"https:\/\/mas-keltereiprodukte.de\/?s={search_term_string}"},"query-input":{"@type":"PropertyValueSpecification","valueRequired":true,"valueName":"search_term_string"}}],"inLanguage":"en-GB"}]}},"_links":{"self":[{"href":"https:\/\/mas-keltereiprodukte.de\/en\/wp-json\/wp\/v2\/pages\/533","targetHints":{"allow":["GET"]}}],"collection":[{"href":"https:\/\/mas-keltereiprodukte.de\/en\/wp-json\/wp\/v2\/pages"}],"about":[{"href":"https:\/\/mas-keltereiprodukte.de\/en\/wp-json\/wp\/v2\/types\/page"}],"author":[{"embeddable":true,"href":"https:\/\/mas-keltereiprodukte.de\/en\/wp-json\/wp\/v2\/users\/1"}],"replies":[{"embeddable":true,"href":"https:\/\/mas-keltereiprodukte.de\/en\/wp-json\/wp\/v2\/comments?post=533"}],"version-history":[{"count":7,"href":"https:\/\/mas-keltereiprodukte.de\/en\/wp-json\/wp\/v2\/pages\/533\/revisions"}],"predecessor-version":[{"id":2133,"href":"https:\/\/mas-keltereiprodukte.de\/en\/wp-json\/wp\/v2\/pages\/533\/revisions\/2133"}],"wp:attachment":[{"href":"https:\/\/mas-keltereiprodukte.de\/en\/wp-json\/wp\/v2\/media?parent=533"}],"curies":[{"name":"wp","href":"https:\/\/api.w.org\/{rel}","templated":true}]}}