{"id":503,"date":"2021-04-26T11:50:33","date_gmt":"2021-04-26T09:50:33","guid":{"rendered":"http:\/\/mas.visualmedia7.alfahosting.org\/?page_id=503"},"modified":"2024-10-22T14:11:31","modified_gmt":"2024-10-22T12:11:31","slug":"annahme-und-transportbehaelter","status":"publish","type":"page","link":"https:\/\/mas-keltereiprodukte.de\/en\/annahme-und-transportbehaelter\/","title":{"rendered":"Reception and transport"},"content":{"rendered":"<p>[et_pb_section fb_built=&#8220;1&#8243; _builder_version=&#8220;4.16&#8243; background_color=&#8220;#f2f2f2&#8243; custom_padding=&#8220;||34px|||&#8220; global_colors_info=&#8220;{}&#8220;][et_pb_row _builder_version=&#8220;4.16&#8243; global_colors_info=&#8220;{}&#8220;][et_pb_column type=&#8220;4_4&#8243; _builder_version=&#8220;4.16&#8243; custom_padding=&#8220;|||&#8220; global_colors_info=&#8220;{}&#8220; custom_padding__hover=&#8220;|||&#8220;][et_pb_text _builder_version=&#8220;4.16&#8243; global_colors_info=&#8220;{}&#8220;]<\/p>\n<h1 style=\"text-align: center;\"><strong>Annahme und Transportbeh\u00e4lter<\/strong><\/h1>\n<p>[\/et_pb_text][et_pb_divider color=&#8220;#fe4701&#8243; divider_weight=&#8220;2px&#8220; _builder_version=&#8220;4.16&#8243; width=&#8220;50%&#8220; module_alignment=&#8220;center&#8220; global_colors_info=&#8220;{}&#8220;][\/et_pb_divider][\/et_pb_column][\/et_pb_row][\/et_pb_section][et_pb_section fb_built=&#8220;1&#8243; _builder_version=&#8220;4.16&#8243; background_color=&#8220;#ffffff&#8220; custom_padding=&#8220;||4px|||&#8220; global_colors_info=&#8220;{}&#8220;][et_pb_row column_structure=&#8220;1_2,1_2&#8243; _builder_version=&#8220;4.16&#8243; _module_preset=&#8220;default&#8220; global_colors_info=&#8220;{}&#8220;][et_pb_column type=&#8220;1_2&#8243; _builder_version=&#8220;4.16&#8243; _module_preset=&#8220;default&#8220; global_colors_info=&#8220;{}&#8220;][et_pb_text _builder_version=&#8220;4.16&#8243; _module_preset=&#8220;default&#8220; global_colors_info=&#8220;{}&#8220;]<\/p>\n<h2>Annahmebeh\u00e4lter<\/h2>\n<p>Auf individuelle Bed\u00fcrfnisse angepasste Annahmebeh\u00e4lter f\u00fcr ganze Trauben, abgebeerte Trauben und Maische.<\/p>\n<p>Zus\u00e4tze wie ein Bordwandanschlag f\u00fcr Anh\u00e4nger mit Kippvorrichtung sind m\u00f6glich.<\/p>\n<p>[\/et_pb_text][et_pb_image src=&#8220;https:\/\/mas-keltereiprodukte.de\/wp-content\/uploads\/2021\/04\/IMG-20200909-WA0010.jpg&#8220; title_text=&#8220;IMG-20200909-WA0010&#8243; show_in_lightbox=&#8220;on&#8220; _builder_version=&#8220;4.16&#8243; _module_preset=&#8220;default&#8220; global_colors_info=&#8220;{}&#8220;][\/et_pb_image][\/et_pb_column][et_pb_column type=&#8220;1_2&#8243; _builder_version=&#8220;4.16&#8243; _module_preset=&#8220;default&#8220; global_colors_info=&#8220;{}&#8220;][et_pb_text _builder_version=&#8220;4.16&#8243; _module_preset=&#8220;default&#8220; global_colors_info=&#8220;{}&#8220;]<\/p>\n<h2>Tresterkippwanne<\/h2>\n<p>Die Tresterkippwanne aus Edelstahl passt optimal unter g\u00e4ngige Membranpressen, um den ausgetragenen Trester aufzufangen, abzutransportieren und am Zielort \u00fcber einen Ausl\u00f6semechanismus abzukippen. Beim Abstellen der Wanne rastet der Abkippmechanismus wieder ein und ist bereit f\u00fcr den n\u00e4chsten Einsatz.<\/p>\n<p>Auf Anfrage kann die Tresterkippwanne auf individuelle Bed\u00fcrfnisse angepasst werden.<\/p>\n<p>[\/et_pb_text][et_pb_image src=&#8220;https:\/\/mas-keltereiprodukte.de\/wp-content\/uploads\/2021\/04\/tresterkippwanne1web.jpg&#8220; title_text=&#8220;tresterkippwanne1web&#8220; show_in_lightbox=&#8220;on&#8220; _builder_version=&#8220;4.16&#8243; _module_preset=&#8220;default&#8220; global_colors_info=&#8220;{}&#8220;][\/et_pb_image][\/et_pb_column][\/et_pb_row][\/et_pb_section][et_pb_section fb_built=&#8220;1&#8243; _builder_version=&#8220;4.16&#8243; background_color=&#8220;#ffffff&#8220; custom_padding=&#8220;3px|||||&#8220; global_colors_info=&#8220;{}&#8220;][et_pb_row column_structure=&#8220;1_2,1_2&#8243; _builder_version=&#8220;4.16&#8243; _module_preset=&#8220;default&#8220; custom_padding=&#8220;4px|||||&#8220; global_colors_info=&#8220;{}&#8220;][et_pb_column type=&#8220;1_2&#8243; _builder_version=&#8220;4.16&#8243; _module_preset=&#8220;default&#8220; global_colors_info=&#8220;{}&#8220;][et_pb_text _builder_version=&#8220;4.21.0&#8243; _module_preset=&#8220;default&#8220; global_colors_info=&#8220;{}&#8220;]<\/p>\n<h2 style=\"text-align: left;\">Ganztraubentrichter<\/h2>\n<p>Der Ganztraubentrichter wird als Hilfe f\u00fcr das verlustfreie Bef\u00fcllen von Membranpressen mit ganzen Trauben \u00fcber Kippvorrichtungen angeboten.<\/p>\n<p>[\/et_pb_text][et_pb_image src=&#8220;https:\/\/mas-keltereiprodukte.de\/wp-content\/uploads\/2021\/04\/ganztraubentrichterweb.jpg&#8220; title_text=&#8220;ganztraubentrichterweb&#8220; _builder_version=&#8220;4.16&#8243; _module_preset=&#8220;default&#8220; global_colors_info=&#8220;{}&#8220;][\/et_pb_image][\/et_pb_column][et_pb_column type=&#8220;1_2&#8243; _builder_version=&#8220;4.16&#8243; _module_preset=&#8220;default&#8220; global_colors_info=&#8220;{}&#8220;][et_pb_text _builder_version=&#8220;4.21.0&#8243; _module_preset=&#8220;default&#8220; global_colors_info=&#8220;{}&#8220;]<\/p>\n<h2>Edelstahlb\u00fctten<\/h2>\n<p>Zwischen 800 l &amp; 1800 l &#8211; auf Anfrage auch andere Gr\u00f6\u00dfen m\u00f6glich.<\/p>\n<p>[\/et_pb_text][\/et_pb_column][\/et_pb_row][\/et_pb_section][et_pb_section fb_built=&#8220;1&#8243; _builder_version=&#8220;4.16&#8243; background_color=&#8220;#f7f7f7&#8243; global_colors_info=&#8220;{}&#8220;][et_pb_row _builder_version=&#8220;4.16&#8243; global_colors_info=&#8220;{}&#8220;][et_pb_column type=&#8220;4_4&#8243; _builder_version=&#8220;4.16&#8243; custom_padding=&#8220;|||&#8220; global_colors_info=&#8220;{}&#8220; custom_padding__hover=&#8220;|||&#8220;][et_pb_text _builder_version=&#8220;4.16&#8243; global_colors_info=&#8220;{}&#8220;]<\/p>\n<h1 style=\"text-align: center;\">Kontaktieren Sie uns<\/h1>\n<p>[\/et_pb_text][et_pb_button button_text=&#8220;Anfrage &#8220; button_alignment=&#8220;center&#8220; _builder_version=&#8220;4.27.2&#8243; custom_button=&#8220;on&#8220; button_text_size=&#8220;18px&#8220; button_text_color=&#8220;#ffffff&#8220; button_bg_color=&#8220;#fe4701&#8243; button_border_width=&#8220;1px&#8220; button_font=&#8220;||||||||&#8220; hover_enabled=&#8220;0&#8243; global_colors_info=&#8220;{}&#8220; button_url=&#8220;https:\/\/mas-keltereiprodukte.de\/kontakt\/&#8220; sticky_enabled=&#8220;0&#8243;][\/et_pb_button][\/et_pb_column][\/et_pb_row][\/et_pb_section]<\/p>\n","protected":false},"excerpt":{"rendered":"<p>Annahme und Transportbeh\u00e4lterAnnahmebeh\u00e4lter Auf individuelle Bed\u00fcrfnisse angepasste Annahmebeh\u00e4lter f\u00fcr ganze Trauben, abgebeerte Trauben und Maische. Zus\u00e4tze wie ein Bordwandanschlag f\u00fcr Anh\u00e4nger mit Kippvorrichtung sind m\u00f6glich.Tresterkippwanne Die Tresterkippwanne aus Edelstahl passt optimal unter g\u00e4ngige Membranpressen, um den ausgetragenen Trester aufzufangen, abzutransportieren und am Zielort \u00fcber einen Ausl\u00f6semechanismus abzukippen. Beim Abstellen der Wanne rastet der Abkippmechanismus wieder [&hellip;]<\/p>\n","protected":false},"author":1,"featured_media":0,"parent":0,"menu_order":0,"comment_status":"closed","ping_status":"closed","template":"","meta":{"_et_pb_use_builder":"on","_et_pb_old_content":"","_et_gb_content_width":"","footnotes":""},"class_list":["post-503","page","type-page","status-publish","hentry"],"yoast_head":"<!-- This site is optimized with the Yoast SEO plugin v27.4 - https:\/\/yoast.com\/product\/yoast-seo-wordpress\/ -->\n<title>Annahme und Transportbeh\u00e4lter - Weinpressen und Keltereianlagen - M.A.S. Keltereiprodukte GMBH<\/title>\n<meta name=\"robots\" content=\"index, follow, max-snippet:-1, max-image-preview:large, max-video-preview:-1\" \/>\n<link rel=\"canonical\" href=\"https:\/\/mas-keltereiprodukte.de\/en\/annahme-und-transportbehaelter\/\" \/>\n<meta property=\"og:locale\" content=\"en_GB\" \/>\n<meta property=\"og:type\" content=\"article\" \/>\n<meta property=\"og:title\" content=\"Annahme und Transportbeh\u00e4lter - Weinpressen und Keltereianlagen - M.A.S. Keltereiprodukte GMBH\" \/>\n<meta property=\"og:description\" content=\"Annahme und Transportbeh\u00e4lterAnnahmebeh\u00e4lter Auf individuelle Bed\u00fcrfnisse angepasste Annahmebeh\u00e4lter f\u00fcr ganze Trauben, abgebeerte Trauben und Maische. Zus\u00e4tze wie ein Bordwandanschlag f\u00fcr Anh\u00e4nger mit Kippvorrichtung sind m\u00f6glich.Tresterkippwanne Die Tresterkippwanne aus Edelstahl passt optimal unter g\u00e4ngige Membranpressen, um den ausgetragenen Trester aufzufangen, abzutransportieren und am Zielort \u00fcber einen Ausl\u00f6semechanismus abzukippen. Beim Abstellen der Wanne rastet der Abkippmechanismus wieder [&hellip;]\" \/>\n<meta property=\"og:url\" content=\"https:\/\/mas-keltereiprodukte.de\/en\/annahme-und-transportbehaelter\/\" \/>\n<meta property=\"og:site_name\" content=\"Weinpressen und Keltereianlagen - M.A.S. Keltereiprodukte GMBH\" \/>\n<meta property=\"article:modified_time\" content=\"2024-10-22T12:11:31+00:00\" \/>\n<meta name=\"twitter:card\" content=\"summary_large_image\" \/>\n<meta name=\"twitter:label1\" content=\"Estimated reading time\" \/>\n\t<meta name=\"twitter:data1\" content=\"1 minute\" \/>\n<script type=\"application\/ld+json\" class=\"yoast-schema-graph\">{\"@context\":\"https:\\\/\\\/schema.org\",\"@graph\":[{\"@type\":\"WebPage\",\"@id\":\"https:\\\/\\\/mas-keltereiprodukte.de\\\/annahme-und-transportbehaelter\\\/\",\"url\":\"https:\\\/\\\/mas-keltereiprodukte.de\\\/annahme-und-transportbehaelter\\\/\",\"name\":\"Annahme und Transportbeh\u00e4lter - Weinpressen und Keltereianlagen - M.A.S. Keltereiprodukte GMBH\",\"isPartOf\":{\"@id\":\"https:\\\/\\\/mas-keltereiprodukte.de\\\/#website\"},\"datePublished\":\"2021-04-26T09:50:33+00:00\",\"dateModified\":\"2024-10-22T12:11:31+00:00\",\"breadcrumb\":{\"@id\":\"https:\\\/\\\/mas-keltereiprodukte.de\\\/annahme-und-transportbehaelter\\\/#breadcrumb\"},\"inLanguage\":\"en-GB\",\"potentialAction\":[{\"@type\":\"ReadAction\",\"target\":[\"https:\\\/\\\/mas-keltereiprodukte.de\\\/annahme-und-transportbehaelter\\\/\"]}]},{\"@type\":\"BreadcrumbList\",\"@id\":\"https:\\\/\\\/mas-keltereiprodukte.de\\\/annahme-und-transportbehaelter\\\/#breadcrumb\",\"itemListElement\":[{\"@type\":\"ListItem\",\"position\":1,\"name\":\"Startseite\",\"item\":\"https:\\\/\\\/mas-keltereiprodukte.de\\\/\"},{\"@type\":\"ListItem\",\"position\":2,\"name\":\"Annahme und Transportbeh\u00e4lter\"}]},{\"@type\":\"WebSite\",\"@id\":\"https:\\\/\\\/mas-keltereiprodukte.de\\\/#website\",\"url\":\"https:\\\/\\\/mas-keltereiprodukte.de\\\/\",\"name\":\"Weinpressen und Keltereianlagen - M.A.S. Keltereiprodukte GMBH\",\"description\":\"\",\"potentialAction\":[{\"@type\":\"SearchAction\",\"target\":{\"@type\":\"EntryPoint\",\"urlTemplate\":\"https:\\\/\\\/mas-keltereiprodukte.de\\\/?s={search_term_string}\"},\"query-input\":{\"@type\":\"PropertyValueSpecification\",\"valueRequired\":true,\"valueName\":\"search_term_string\"}}],\"inLanguage\":\"en-GB\"}]}<\/script>\n<!-- \/ Yoast SEO plugin. -->","yoast_head_json":{"title":"Annahme und Transportbeh\u00e4lter - Weinpressen und Keltereianlagen - M.A.S. Keltereiprodukte GMBH","robots":{"index":"index","follow":"follow","max-snippet":"max-snippet:-1","max-image-preview":"max-image-preview:large","max-video-preview":"max-video-preview:-1"},"canonical":"https:\/\/mas-keltereiprodukte.de\/en\/annahme-und-transportbehaelter\/","og_locale":"en_GB","og_type":"article","og_title":"Annahme und Transportbeh\u00e4lter - Weinpressen und Keltereianlagen - M.A.S. Keltereiprodukte GMBH","og_description":"Annahme und Transportbeh\u00e4lterAnnahmebeh\u00e4lter Auf individuelle Bed\u00fcrfnisse angepasste Annahmebeh\u00e4lter f\u00fcr ganze Trauben, abgebeerte Trauben und Maische. Zus\u00e4tze wie ein Bordwandanschlag f\u00fcr Anh\u00e4nger mit Kippvorrichtung sind m\u00f6glich.Tresterkippwanne Die Tresterkippwanne aus Edelstahl passt optimal unter g\u00e4ngige Membranpressen, um den ausgetragenen Trester aufzufangen, abzutransportieren und am Zielort \u00fcber einen Ausl\u00f6semechanismus abzukippen. Beim Abstellen der Wanne rastet der Abkippmechanismus wieder [&hellip;]","og_url":"https:\/\/mas-keltereiprodukte.de\/en\/annahme-und-transportbehaelter\/","og_site_name":"Weinpressen und Keltereianlagen - M.A.S. Keltereiprodukte GMBH","article_modified_time":"2024-10-22T12:11:31+00:00","twitter_card":"summary_large_image","twitter_misc":{"Estimated reading time":"1 minute"},"schema":{"@context":"https:\/\/schema.org","@graph":[{"@type":"WebPage","@id":"https:\/\/mas-keltereiprodukte.de\/annahme-und-transportbehaelter\/","url":"https:\/\/mas-keltereiprodukte.de\/annahme-und-transportbehaelter\/","name":"Annahme und Transportbeh\u00e4lter - Weinpressen und Keltereianlagen - M.A.S. Keltereiprodukte GMBH","isPartOf":{"@id":"https:\/\/mas-keltereiprodukte.de\/#website"},"datePublished":"2021-04-26T09:50:33+00:00","dateModified":"2024-10-22T12:11:31+00:00","breadcrumb":{"@id":"https:\/\/mas-keltereiprodukte.de\/annahme-und-transportbehaelter\/#breadcrumb"},"inLanguage":"en-GB","potentialAction":[{"@type":"ReadAction","target":["https:\/\/mas-keltereiprodukte.de\/annahme-und-transportbehaelter\/"]}]},{"@type":"BreadcrumbList","@id":"https:\/\/mas-keltereiprodukte.de\/annahme-und-transportbehaelter\/#breadcrumb","itemListElement":[{"@type":"ListItem","position":1,"name":"Startseite","item":"https:\/\/mas-keltereiprodukte.de\/"},{"@type":"ListItem","position":2,"name":"Annahme und Transportbeh\u00e4lter"}]},{"@type":"WebSite","@id":"https:\/\/mas-keltereiprodukte.de\/#website","url":"https:\/\/mas-keltereiprodukte.de\/","name":"Weinpressen und Keltereianlagen - M.A.S. Keltereiprodukte GMBH","description":"","potentialAction":[{"@type":"SearchAction","target":{"@type":"EntryPoint","urlTemplate":"https:\/\/mas-keltereiprodukte.de\/?s={search_term_string}"},"query-input":{"@type":"PropertyValueSpecification","valueRequired":true,"valueName":"search_term_string"}}],"inLanguage":"en-GB"}]}},"_links":{"self":[{"href":"https:\/\/mas-keltereiprodukte.de\/en\/wp-json\/wp\/v2\/pages\/503","targetHints":{"allow":["GET"]}}],"collection":[{"href":"https:\/\/mas-keltereiprodukte.de\/en\/wp-json\/wp\/v2\/pages"}],"about":[{"href":"https:\/\/mas-keltereiprodukte.de\/en\/wp-json\/wp\/v2\/types\/page"}],"author":[{"embeddable":true,"href":"https:\/\/mas-keltereiprodukte.de\/en\/wp-json\/wp\/v2\/users\/1"}],"replies":[{"embeddable":true,"href":"https:\/\/mas-keltereiprodukte.de\/en\/wp-json\/wp\/v2\/comments?post=503"}],"version-history":[{"count":8,"href":"https:\/\/mas-keltereiprodukte.de\/en\/wp-json\/wp\/v2\/pages\/503\/revisions"}],"predecessor-version":[{"id":2026,"href":"https:\/\/mas-keltereiprodukte.de\/en\/wp-json\/wp\/v2\/pages\/503\/revisions\/2026"}],"wp:attachment":[{"href":"https:\/\/mas-keltereiprodukte.de\/en\/wp-json\/wp\/v2\/media?parent=503"}],"curies":[{"name":"wp","href":"https:\/\/api.w.org\/{rel}","templated":true}]}}