{"id":494,"date":"2021-04-26T11:42:26","date_gmt":"2021-04-26T09:42:26","guid":{"rendered":"http:\/\/mas.visualmedia7.alfahosting.org\/?page_id=494"},"modified":"2024-10-22T14:12:15","modified_gmt":"2024-10-22T12:12:15","slug":"foerderbaender","status":"publish","type":"page","link":"https:\/\/mas-keltereiprodukte.de\/en\/maschinen\/foerderbaender\/","title":{"rendered":"Conveyor belts"},"content":{"rendered":"<p>[et_pb_section fb_built=&#8220;1&#8243; _builder_version=&#8220;4.16&#8243; background_color=&#8220;#f2f2f2&#8243; custom_padding=&#8220;||34px|||&#8220; global_colors_info=&#8220;{}&#8220;][et_pb_row _builder_version=&#8220;4.16&#8243; global_colors_info=&#8220;{}&#8220;][et_pb_column type=&#8220;4_4&#8243; _builder_version=&#8220;4.16&#8243; custom_padding=&#8220;|||&#8220; global_colors_info=&#8220;{}&#8220; custom_padding__hover=&#8220;|||&#8220;][et_pb_text _builder_version=&#8220;4.16&#8243; global_colors_info=&#8220;{}&#8220;]<\/p>\n<h1 style=\"text-align: center;\"><strong>F\u00f6rderb\u00e4nder<\/strong><\/h1>\n<p>[\/et_pb_text][et_pb_divider color=&#8220;#fe4701&#8243; divider_weight=&#8220;2px&#8220; _builder_version=&#8220;4.16&#8243; width=&#8220;50%&#8220; module_alignment=&#8220;center&#8220; global_colors_info=&#8220;{}&#8220;][\/et_pb_divider][\/et_pb_column][\/et_pb_row][\/et_pb_section][et_pb_section fb_built=&#8220;1&#8243; _builder_version=&#8220;4.16&#8243; background_color=&#8220;#ffffff&#8220; custom_padding=&#8220;||30px|||&#8220; global_colors_info=&#8220;{}&#8220;][et_pb_row column_structure=&#8220;1_2,1_2&#8243; _builder_version=&#8220;4.16&#8243; _module_preset=&#8220;default&#8220; global_colors_info=&#8220;{}&#8220;][et_pb_column type=&#8220;1_2&#8243; _builder_version=&#8220;4.16&#8243; _module_preset=&#8220;default&#8220; global_colors_info=&#8220;{}&#8220;][et_pb_text _builder_version=&#8220;4.21.0&#8243; _module_preset=&#8220;default&#8220; global_colors_info=&#8220;{}&#8220;]<\/p>\n<h1>Schr\u00e4gf\u00f6rderband NE<\/h1>\n<p>Modelle: NE 2500, NE 3500, NE 4500, NE 5500, NE 6500, NE 7000, NE 8000<\/p>\n<p><strong>Technische Beschreibung<\/strong><br \/>Diese Ganztraubenb\u00e4nder werden in der Traubenannahme, vor oder nach der Abbermaschine, als Produktf\u00f6rderband zwischen den verschiedenen Maschinen verwendet. Sie erleichtern au\u00dferdem die Bef\u00fcllung der Pressen und erlauben den Aufbau modularer Sortier- und Auswahllinien, ohne Plattformen oder Gruben nutzen zu m\u00fcssen, um in die verschiedenen Maschinen zu gelangen.<\/p>\n<p>Die Ganztraubenb\u00e4nder bestehen aus einem Gestell aus Profilblech aus Edelstahl AISI 304. Das Gestell ist offen, so ist der Zugang zum Band vereinfacht und die Reinigung des Bandinneren m\u00f6glich. Die B\u00e4nder haben eine Waschstange.<\/p>\n<p>Ein Hydraulikzylinder mit Handpumpe erlaubt es, die Neigung zwischen 30\u00b0 und 45\u00b0 anzupassen und somit auch die Auswurfh\u00f6he einzustellen.<\/p>\n<p>Das Ganztraubenband ist standardm\u00e4\u00dfig mit Motorschutzschalter, Start\/Stopp Schalter und Frequenzumrichter f\u00fcr die Geschwindigkeitsregelung ausgestattet.<\/p>\n<p><strong>Optional<\/strong><br \/>Auch 80 cm statt 40 cm Breite m\u00f6glich.<\/p>\n<p>[\/et_pb_text][\/et_pb_column][et_pb_column type=&#8220;1_2&#8243; _builder_version=&#8220;4.16&#8243; _module_preset=&#8220;default&#8220; global_colors_info=&#8220;{}&#8220;][et_pb_image src=&#8220;https:\/\/mas-keltereiprodukte.de\/wp-content\/uploads\/2021\/04\/NE-3500.jpg&#8220; title_text=&#8220;NE 3500&#8243; _builder_version=&#8220;4.16&#8243; _module_preset=&#8220;default&#8220; custom_margin=&#8220;||2px|||&#8220; global_colors_info=&#8220;{}&#8220;][\/et_pb_image][et_pb_text _builder_version=&#8220;4.16&#8243; _module_preset=&#8220;default&#8220; global_colors_info=&#8220;{}&#8220;]<\/p>\n<p style=\"text-align: center;\">Kappa 60<\/p>\n<p>[\/et_pb_text][\/et_pb_column][\/et_pb_row][\/et_pb_section][et_pb_section fb_built=&#8220;1&#8243; _builder_version=&#8220;4.16&#8243; _module_preset=&#8220;default&#8220; custom_padding=&#8220;29px|||||&#8220; global_colors_info=&#8220;{}&#8220;][et_pb_row column_structure=&#8220;1_2,1_2&#8243; _builder_version=&#8220;4.16&#8243; _module_preset=&#8220;default&#8220; global_colors_info=&#8220;{}&#8220;][et_pb_column type=&#8220;1_2&#8243; _builder_version=&#8220;4.16&#8243; _module_preset=&#8220;default&#8220; global_colors_info=&#8220;{}&#8220;][et_pb_text _builder_version=&#8220;4.21.0&#8243; _module_preset=&#8220;default&#8220; global_colors_info=&#8220;{}&#8220;]<\/p>\n<h1>F\u00f6rderschnecke<\/h1>\n<p>Schneckenf\u00f6rderer sind auf dem Funktionsprinzip der archimedischen Schraube beruhende F\u00f6rderanlagen f\u00fcr Sch\u00fcttg\u00fcter.<\/p>\n<p>Im Allgemeinen besteht ein Schneckenf\u00f6rderer aus den folgenden Konstruktionselementen:<\/p>\n<ol>\n<li>dem Schneckentrog, je nach Bauform mit Trogabdeckung<\/li>\n<li>der F\u00f6rderschnecke, bestehend aus einem Schneckengewinde und der Schneckenwelle mit Antriebswelle, Endlagerwelle und Abdichtungen<\/li>\n<li>und einer Antriebseinheit, bestehend aus:<\/li>\n<li>einer Wellenkupplung<\/li>\n<li>dem Antrieb selbst<\/li>\n<li>der Lagerung der Schneckenwelle<\/li>\n<li>einem Ein- und Auslauf<\/li>\n<\/ol>\n<ol start=\"3\"><\/ol>\n<p>[\/et_pb_text][\/et_pb_column][et_pb_column type=&#8220;1_2&#8243; _builder_version=&#8220;4.16&#8243; _module_preset=&#8220;default&#8220; global_colors_info=&#8220;{}&#8220;][et_pb_image src=&#8220;https:\/\/mas-keltereiprodukte.de\/wp-content\/uploads\/2021\/04\/foerderschnecke.jpg&#8220; title_text=&#8220;foerderschnecke&#8220; _builder_version=&#8220;4.16&#8243; _module_preset=&#8220;default&#8220; global_colors_info=&#8220;{}&#8220;][\/et_pb_image][\/et_pb_column][\/et_pb_row][\/et_pb_section][et_pb_section fb_built=&#8220;1&#8243; _builder_version=&#8220;4.16&#8243; background_color=&#8220;#f7f7f7&#8243; global_colors_info=&#8220;{}&#8220;][et_pb_row _builder_version=&#8220;4.16&#8243; global_colors_info=&#8220;{}&#8220;][et_pb_column type=&#8220;4_4&#8243; _builder_version=&#8220;4.16&#8243; custom_padding=&#8220;|||&#8220; global_colors_info=&#8220;{}&#8220; custom_padding__hover=&#8220;|||&#8220;][et_pb_text _builder_version=&#8220;4.16&#8243; global_colors_info=&#8220;{}&#8220;]<\/p>\n<h1 style=\"text-align: center;\">Kontaktieren Sie uns<\/h1>\n<p>[\/et_pb_text][et_pb_button button_text=&#8220;Anfrage &#8220; button_alignment=&#8220;center&#8220; _builder_version=&#8220;4.27.2&#8243; custom_button=&#8220;on&#8220; button_text_size=&#8220;18px&#8220; button_text_color=&#8220;#ffffff&#8220; button_bg_color=&#8220;#fe4701&#8243; button_border_width=&#8220;1px&#8220; button_font=&#8220;||||||||&#8220; hover_enabled=&#8220;0&#8243; global_colors_info=&#8220;{}&#8220; button_url=&#8220;https:\/\/mas-keltereiprodukte.de\/kontakt\/&#8220; sticky_enabled=&#8220;0&#8243;][\/et_pb_button][\/et_pb_column][\/et_pb_row][\/et_pb_section]<\/p>\n","protected":false},"excerpt":{"rendered":"<p>F\u00f6rderb\u00e4nderSchr\u00e4gf\u00f6rderband NE Modelle: NE 2500, NE 3500, NE 4500, NE 5500, NE 6500, NE 7000, NE 8000 Technische BeschreibungDiese Ganztraubenb\u00e4nder werden in der Traubenannahme, vor oder nach der Abbermaschine, als Produktf\u00f6rderband zwischen den verschiedenen Maschinen verwendet. Sie erleichtern au\u00dferdem die Bef\u00fcllung der Pressen und erlauben den Aufbau modularer Sortier- und Auswahllinien, ohne Plattformen oder Gruben [&hellip;]<\/p>\n","protected":false},"author":1,"featured_media":0,"parent":106,"menu_order":0,"comment_status":"closed","ping_status":"closed","template":"","meta":{"_et_pb_use_builder":"on","_et_pb_old_content":"","_et_gb_content_width":"","footnotes":""},"class_list":["post-494","page","type-page","status-publish","hentry"],"yoast_head":"<!-- This site is optimized with the Yoast SEO plugin v27.4 - https:\/\/yoast.com\/product\/yoast-seo-wordpress\/ -->\n<title>F\u00f6rderb\u00e4nder - Weinpressen und Keltereianlagen - M.A.S. Keltereiprodukte GMBH<\/title>\n<meta name=\"robots\" content=\"index, follow, max-snippet:-1, max-image-preview:large, max-video-preview:-1\" \/>\n<link rel=\"canonical\" href=\"https:\/\/mas-keltereiprodukte.de\/en\/maschinen\/foerderbaender\/\" \/>\n<meta property=\"og:locale\" content=\"en_GB\" \/>\n<meta property=\"og:type\" content=\"article\" \/>\n<meta property=\"og:title\" content=\"F\u00f6rderb\u00e4nder - Weinpressen und Keltereianlagen - M.A.S. Keltereiprodukte GMBH\" \/>\n<meta property=\"og:description\" content=\"F\u00f6rderb\u00e4nderSchr\u00e4gf\u00f6rderband NE Modelle: NE 2500, NE 3500, NE 4500, NE 5500, NE 6500, NE 7000, NE 8000 Technische BeschreibungDiese Ganztraubenb\u00e4nder werden in der Traubenannahme, vor oder nach der Abbermaschine, als Produktf\u00f6rderband zwischen den verschiedenen Maschinen verwendet. Sie erleichtern au\u00dferdem die Bef\u00fcllung der Pressen und erlauben den Aufbau modularer Sortier- und Auswahllinien, ohne Plattformen oder Gruben [&hellip;]\" \/>\n<meta property=\"og:url\" content=\"https:\/\/mas-keltereiprodukte.de\/en\/maschinen\/foerderbaender\/\" \/>\n<meta property=\"og:site_name\" content=\"Weinpressen und Keltereianlagen - M.A.S. Keltereiprodukte GMBH\" \/>\n<meta property=\"article:modified_time\" content=\"2024-10-22T12:12:15+00:00\" \/>\n<meta name=\"twitter:card\" content=\"summary_large_image\" \/>\n<script type=\"application\/ld+json\" class=\"yoast-schema-graph\">{\"@context\":\"https:\\\/\\\/schema.org\",\"@graph\":[{\"@type\":\"WebPage\",\"@id\":\"https:\\\/\\\/mas-keltereiprodukte.de\\\/maschinen\\\/foerderbaender\\\/\",\"url\":\"https:\\\/\\\/mas-keltereiprodukte.de\\\/maschinen\\\/foerderbaender\\\/\",\"name\":\"F\u00f6rderb\u00e4nder - Weinpressen und Keltereianlagen - M.A.S. Keltereiprodukte GMBH\",\"isPartOf\":{\"@id\":\"https:\\\/\\\/mas-keltereiprodukte.de\\\/#website\"},\"datePublished\":\"2021-04-26T09:42:26+00:00\",\"dateModified\":\"2024-10-22T12:12:15+00:00\",\"breadcrumb\":{\"@id\":\"https:\\\/\\\/mas-keltereiprodukte.de\\\/maschinen\\\/foerderbaender\\\/#breadcrumb\"},\"inLanguage\":\"en-GB\",\"potentialAction\":[{\"@type\":\"ReadAction\",\"target\":[\"https:\\\/\\\/mas-keltereiprodukte.de\\\/maschinen\\\/foerderbaender\\\/\"]}]},{\"@type\":\"BreadcrumbList\",\"@id\":\"https:\\\/\\\/mas-keltereiprodukte.de\\\/maschinen\\\/foerderbaender\\\/#breadcrumb\",\"itemListElement\":[{\"@type\":\"ListItem\",\"position\":1,\"name\":\"Startseite\",\"item\":\"https:\\\/\\\/mas-keltereiprodukte.de\\\/\"},{\"@type\":\"ListItem\",\"position\":2,\"name\":\"Maschinen\",\"item\":\"https:\\\/\\\/mas-keltereiprodukte.de\\\/maschinen\\\/\"},{\"@type\":\"ListItem\",\"position\":3,\"name\":\"F\u00f6rderb\u00e4nder\"}]},{\"@type\":\"WebSite\",\"@id\":\"https:\\\/\\\/mas-keltereiprodukte.de\\\/#website\",\"url\":\"https:\\\/\\\/mas-keltereiprodukte.de\\\/\",\"name\":\"Weinpressen und Keltereianlagen - M.A.S. Keltereiprodukte GMBH\",\"description\":\"\",\"potentialAction\":[{\"@type\":\"SearchAction\",\"target\":{\"@type\":\"EntryPoint\",\"urlTemplate\":\"https:\\\/\\\/mas-keltereiprodukte.de\\\/?s={search_term_string}\"},\"query-input\":{\"@type\":\"PropertyValueSpecification\",\"valueRequired\":true,\"valueName\":\"search_term_string\"}}],\"inLanguage\":\"en-GB\"}]}<\/script>\n<!-- \/ Yoast SEO plugin. -->","yoast_head_json":{"title":"F\u00f6rderb\u00e4nder - Weinpressen und Keltereianlagen - M.A.S. Keltereiprodukte GMBH","robots":{"index":"index","follow":"follow","max-snippet":"max-snippet:-1","max-image-preview":"max-image-preview:large","max-video-preview":"max-video-preview:-1"},"canonical":"https:\/\/mas-keltereiprodukte.de\/en\/maschinen\/foerderbaender\/","og_locale":"en_GB","og_type":"article","og_title":"F\u00f6rderb\u00e4nder - Weinpressen und Keltereianlagen - M.A.S. Keltereiprodukte GMBH","og_description":"F\u00f6rderb\u00e4nderSchr\u00e4gf\u00f6rderband NE Modelle: NE 2500, NE 3500, NE 4500, NE 5500, NE 6500, NE 7000, NE 8000 Technische BeschreibungDiese Ganztraubenb\u00e4nder werden in der Traubenannahme, vor oder nach der Abbermaschine, als Produktf\u00f6rderband zwischen den verschiedenen Maschinen verwendet. Sie erleichtern au\u00dferdem die Bef\u00fcllung der Pressen und erlauben den Aufbau modularer Sortier- und Auswahllinien, ohne Plattformen oder Gruben [&hellip;]","og_url":"https:\/\/mas-keltereiprodukte.de\/en\/maschinen\/foerderbaender\/","og_site_name":"Weinpressen und Keltereianlagen - M.A.S. Keltereiprodukte GMBH","article_modified_time":"2024-10-22T12:12:15+00:00","twitter_card":"summary_large_image","schema":{"@context":"https:\/\/schema.org","@graph":[{"@type":"WebPage","@id":"https:\/\/mas-keltereiprodukte.de\/maschinen\/foerderbaender\/","url":"https:\/\/mas-keltereiprodukte.de\/maschinen\/foerderbaender\/","name":"F\u00f6rderb\u00e4nder - Weinpressen und Keltereianlagen - M.A.S. Keltereiprodukte GMBH","isPartOf":{"@id":"https:\/\/mas-keltereiprodukte.de\/#website"},"datePublished":"2021-04-26T09:42:26+00:00","dateModified":"2024-10-22T12:12:15+00:00","breadcrumb":{"@id":"https:\/\/mas-keltereiprodukte.de\/maschinen\/foerderbaender\/#breadcrumb"},"inLanguage":"en-GB","potentialAction":[{"@type":"ReadAction","target":["https:\/\/mas-keltereiprodukte.de\/maschinen\/foerderbaender\/"]}]},{"@type":"BreadcrumbList","@id":"https:\/\/mas-keltereiprodukte.de\/maschinen\/foerderbaender\/#breadcrumb","itemListElement":[{"@type":"ListItem","position":1,"name":"Startseite","item":"https:\/\/mas-keltereiprodukte.de\/"},{"@type":"ListItem","position":2,"name":"Maschinen","item":"https:\/\/mas-keltereiprodukte.de\/maschinen\/"},{"@type":"ListItem","position":3,"name":"F\u00f6rderb\u00e4nder"}]},{"@type":"WebSite","@id":"https:\/\/mas-keltereiprodukte.de\/#website","url":"https:\/\/mas-keltereiprodukte.de\/","name":"Weinpressen und Keltereianlagen - M.A.S. Keltereiprodukte GMBH","description":"","potentialAction":[{"@type":"SearchAction","target":{"@type":"EntryPoint","urlTemplate":"https:\/\/mas-keltereiprodukte.de\/?s={search_term_string}"},"query-input":{"@type":"PropertyValueSpecification","valueRequired":true,"valueName":"search_term_string"}}],"inLanguage":"en-GB"}]}},"_links":{"self":[{"href":"https:\/\/mas-keltereiprodukte.de\/en\/wp-json\/wp\/v2\/pages\/494","targetHints":{"allow":["GET"]}}],"collection":[{"href":"https:\/\/mas-keltereiprodukte.de\/en\/wp-json\/wp\/v2\/pages"}],"about":[{"href":"https:\/\/mas-keltereiprodukte.de\/en\/wp-json\/wp\/v2\/types\/page"}],"author":[{"embeddable":true,"href":"https:\/\/mas-keltereiprodukte.de\/en\/wp-json\/wp\/v2\/users\/1"}],"replies":[{"embeddable":true,"href":"https:\/\/mas-keltereiprodukte.de\/en\/wp-json\/wp\/v2\/comments?post=494"}],"version-history":[{"count":7,"href":"https:\/\/mas-keltereiprodukte.de\/en\/wp-json\/wp\/v2\/pages\/494\/revisions"}],"predecessor-version":[{"id":2028,"href":"https:\/\/mas-keltereiprodukte.de\/en\/wp-json\/wp\/v2\/pages\/494\/revisions\/2028"}],"up":[{"embeddable":true,"href":"https:\/\/mas-keltereiprodukte.de\/en\/wp-json\/wp\/v2\/pages\/106"}],"wp:attachment":[{"href":"https:\/\/mas-keltereiprodukte.de\/en\/wp-json\/wp\/v2\/media?parent=494"}],"curies":[{"name":"wp","href":"https:\/\/api.w.org\/{rel}","templated":true}]}}