{"id":456,"date":"2021-04-22T11:51:30","date_gmt":"2021-04-22T09:51:30","guid":{"rendered":"http:\/\/mas.visualmedia7.alfahosting.org\/?page_id=456"},"modified":"2024-10-22T14:12:37","modified_gmt":"2024-10-22T12:12:37","slug":"oszillations-abbeermaschine-mit-rollensortierer","status":"publish","type":"page","link":"https:\/\/mas-keltereiprodukte.de\/en\/traubensortierung\/oszillations-abbeermaschine-mit-rollensortierer\/","title":{"rendered":"Oscillating destemmer with roller sorter"},"content":{"rendered":"<p>[et_pb_section fb_built=&#8220;1&#8243; _builder_version=&#8220;4.16&#8243; background_color=&#8220;#f2f2f2&#8243; custom_padding=&#8220;||34px|||&#8220; global_colors_info=&#8220;{}&#8220;][et_pb_row _builder_version=&#8220;4.16&#8243; global_colors_info=&#8220;{}&#8220;][et_pb_column type=&#8220;4_4&#8243; _builder_version=&#8220;4.16&#8243; custom_padding=&#8220;|||&#8220; global_colors_info=&#8220;{}&#8220; custom_padding__hover=&#8220;|||&#8220;][et_pb_text _builder_version=&#8220;4.16&#8243; global_colors_info=&#8220;{}&#8220;]<\/p>\n<h1 style=\"text-align: center;\"><strong>Oszillations-Abbeermaschine mit Rollensortierer<\/strong><\/h1>\n<p>[\/et_pb_text][et_pb_divider color=&#8220;#fe4701&#8243; divider_weight=&#8220;2px&#8220; _builder_version=&#8220;4.16&#8243; width=&#8220;50%&#8220; module_alignment=&#8220;center&#8220; global_colors_info=&#8220;{}&#8220;][\/et_pb_divider][\/et_pb_column][\/et_pb_row][\/et_pb_section][et_pb_section fb_built=&#8220;1&#8243; _builder_version=&#8220;4.16&#8243; background_color=&#8220;#ffffff&#8220; global_colors_info=&#8220;{}&#8220;][et_pb_row column_structure=&#8220;1_2,1_2&#8243; _builder_version=&#8220;4.16&#8243; _module_preset=&#8220;default&#8220; global_colors_info=&#8220;{}&#8220;][et_pb_column type=&#8220;1_2&#8243; _builder_version=&#8220;4.16&#8243; _module_preset=&#8220;default&#8220; global_colors_info=&#8220;{}&#8220;][et_pb_text _builder_version=&#8220;4.21.0&#8243; _module_preset=&#8220;default&#8220; global_colors_info=&#8220;{}&#8220;]<\/p>\n<p><strong>Abbeermaschine mit Schwingkorb und Rollensortierer &#8222;DREAM&#8220;<\/strong><\/p>\n<p>DREAM ist ein neu entworfenes Abbeermaschinen-Konzept, das speziell f\u00fcr die \u00e4u\u00dferst schonende Verarbeitung von Trauben entwickelt wurde.<\/p>\n<p>Die Trennung der Beeren von den Stielen erfolgt durch die wellenf\u00f6rmige Bewegung eines Kunststoffkorbes mit entsprechender Lochung. Auf diese Weise erreicht man eine behutsame Entrappung auch schwieriger Leseg\u00fcter, ohne die Rappen oder empfindliche Beeren zu besch\u00e4digen.<\/p>\n<p>Die Amplitude der Schwingungen steigt im Verlauf der Abbeerstrecke stetig an, so dass empfindliche Teile gleich am Anfang ausgesondert werden und die zunehmend strengeren Sch\u00fcttelbewegungen nur auf die fester sitzenden Beeren angewandt werden.<\/p>\n<p>Die Frequenz der Schwingungen des Korbes ist mittels Frequenzumrichter regelbar, wodurch die Maschine den unterschiedlichen Sorten und Zust\u00e4nden der Trauben angepasst werden kann, ohne Stiele oder Beeren zu besch\u00e4digen.<\/p>\n<p>Am Auswurf der Abbeereinheit befindet sich ein Rollensortierer, in dem Kleinteile, Kerne, Ungeziefer, Pflanzenteile und Rappen von den gesunden ganzen Beeren getrennt werden.<\/p>\n<p>Der optimale Rollenabstand der zwei aufeinander folgenden Rollenbahnen kann einfach und pr\u00e4zise, auch bei laufender Maschine, mit einem einzigen Handgriff justiert werden.<\/p>\n<p>Das DREAM System ist \u00fcbersichtlich und linear aufgebaut, mit nur zwei, an Scharnieren aufklappbaren, Enden: der Einlauftrichter und der Auswurf. Beide erleichtern die Inspektion und Reinigung des Inneren.<\/p>\n<p>DREAM ist auf einem robusten, h\u00f6henverstellbaren Edelstahlgestell montiert, das sich so leicht an die vorhandene Anlage anpassen l\u00e4sst. Vier Schwenkrollen mit Bremse erleichtern den Standortwechsel und ein Wegstellen, wenn die Maschine nicht gebraucht wird.<\/p>\n<p>Der Edelstahlschaltschrank erlaubt es, die Frequenz der Schwingungen und die Geschwindigkeit der Sortierrollen unabh\u00e4ngig voneinander einzustellen.<\/p>\n<p>Anschlusswert : 3.0 kW<\/p>\n<p>Durchsatz : 1 bis 15 Tonnen\/h<\/p>\n<p>&nbsp;<\/p>\n<p>[\/et_pb_text][\/et_pb_column][et_pb_column type=&#8220;1_2&#8243; _builder_version=&#8220;4.16&#8243; _module_preset=&#8220;default&#8220; global_colors_info=&#8220;{}&#8220;][et_pb_image src=&#8220;https:\/\/mas-keltereiprodukte.de\/wp-content\/uploads\/2019\/08\/dream_freisteller.jpg&#8220; title_text=&#8220;dream_freisteller&#8220; _builder_version=&#8220;4.16&#8243; _module_preset=&#8220;default&#8220; custom_margin=&#8220;24px||2px|||&#8220; global_colors_info=&#8220;{}&#8220;][\/et_pb_image][\/et_pb_column][\/et_pb_row][\/et_pb_section][et_pb_section fb_built=&#8220;1&#8243; _builder_version=&#8220;4.16&#8243; background_color=&#8220;#f7f7f7&#8243; global_colors_info=&#8220;{}&#8220;][et_pb_row _builder_version=&#8220;4.16&#8243; global_colors_info=&#8220;{}&#8220;][et_pb_column type=&#8220;4_4&#8243; _builder_version=&#8220;4.16&#8243; custom_padding=&#8220;|||&#8220; global_colors_info=&#8220;{}&#8220; custom_padding__hover=&#8220;|||&#8220;][et_pb_text _builder_version=&#8220;4.16&#8243; global_colors_info=&#8220;{}&#8220;]<\/p>\n<h1 style=\"text-align: center;\">Kontaktieren Sie uns<\/h1>\n<p>[\/et_pb_text][et_pb_button button_text=&#8220;Anfrage &#8220; button_alignment=&#8220;center&#8220; _builder_version=&#8220;4.27.2&#8243; custom_button=&#8220;on&#8220; button_text_size=&#8220;18px&#8220; button_text_color=&#8220;#ffffff&#8220; button_bg_color=&#8220;#fe4701&#8243; button_border_width=&#8220;1px&#8220; button_font=&#8220;||||||||&#8220; hover_enabled=&#8220;0&#8243; global_colors_info=&#8220;{}&#8220; button_url=&#8220;https:\/\/mas-keltereiprodukte.de\/kontakt\/&#8220; sticky_enabled=&#8220;0&#8243;][\/et_pb_button][\/et_pb_column][\/et_pb_row][\/et_pb_section]<\/p>\n","protected":false},"excerpt":{"rendered":"<p>Oszillations-Abbeermaschine mit RollensortiererAbbeermaschine mit Schwingkorb und Rollensortierer &#8222;DREAM&#8220; DREAM ist ein neu entworfenes Abbeermaschinen-Konzept, das speziell f\u00fcr die \u00e4u\u00dferst schonende Verarbeitung von Trauben entwickelt wurde. Die Trennung der Beeren von den Stielen erfolgt durch die wellenf\u00f6rmige Bewegung eines Kunststoffkorbes mit entsprechender Lochung. Auf diese Weise erreicht man eine behutsame Entrappung auch schwieriger Leseg\u00fcter, ohne die [&hellip;]<\/p>\n","protected":false},"author":1,"featured_media":0,"parent":181,"menu_order":0,"comment_status":"closed","ping_status":"closed","template":"","meta":{"_et_pb_use_builder":"on","_et_pb_old_content":"","_et_gb_content_width":"","footnotes":""},"class_list":["post-456","page","type-page","status-publish","hentry"],"yoast_head":"<!-- This site is optimized with the Yoast SEO plugin v27.4 - https:\/\/yoast.com\/product\/yoast-seo-wordpress\/ -->\n<title>Oszillations-Abbeermaschine mit Rollensortierer - Weinpressen und Keltereianlagen - M.A.S. Keltereiprodukte GMBH<\/title>\n<meta name=\"robots\" content=\"index, follow, max-snippet:-1, max-image-preview:large, max-video-preview:-1\" \/>\n<link rel=\"canonical\" href=\"https:\/\/mas-keltereiprodukte.de\/en\/traubensortierung\/oszillations-abbeermaschine-mit-rollensortierer\/\" \/>\n<meta property=\"og:locale\" content=\"en_GB\" \/>\n<meta property=\"og:type\" content=\"article\" \/>\n<meta property=\"og:title\" content=\"Oszillations-Abbeermaschine mit Rollensortierer - Weinpressen und Keltereianlagen - M.A.S. Keltereiprodukte GMBH\" \/>\n<meta property=\"og:description\" content=\"Oszillations-Abbeermaschine mit RollensortiererAbbeermaschine mit Schwingkorb und Rollensortierer &quot;DREAM&quot; DREAM ist ein neu entworfenes Abbeermaschinen-Konzept, das speziell f\u00fcr die \u00e4u\u00dferst schonende Verarbeitung von Trauben entwickelt wurde. Die Trennung der Beeren von den Stielen erfolgt durch die wellenf\u00f6rmige Bewegung eines Kunststoffkorbes mit entsprechender Lochung. Auf diese Weise erreicht man eine behutsame Entrappung auch schwieriger Leseg\u00fcter, ohne die [&hellip;]\" \/>\n<meta property=\"og:url\" content=\"https:\/\/mas-keltereiprodukte.de\/en\/traubensortierung\/oszillations-abbeermaschine-mit-rollensortierer\/\" \/>\n<meta property=\"og:site_name\" content=\"Weinpressen und Keltereianlagen - M.A.S. Keltereiprodukte GMBH\" \/>\n<meta property=\"article:modified_time\" content=\"2024-10-22T12:12:37+00:00\" \/>\n<meta name=\"twitter:card\" content=\"summary_large_image\" \/>\n<script type=\"application\/ld+json\" class=\"yoast-schema-graph\">{\"@context\":\"https:\\\/\\\/schema.org\",\"@graph\":[{\"@type\":\"WebPage\",\"@id\":\"https:\\\/\\\/mas-keltereiprodukte.de\\\/traubensortierung\\\/oszillations-abbeermaschine-mit-rollensortierer\\\/\",\"url\":\"https:\\\/\\\/mas-keltereiprodukte.de\\\/traubensortierung\\\/oszillations-abbeermaschine-mit-rollensortierer\\\/\",\"name\":\"Oszillations-Abbeermaschine mit Rollensortierer - Weinpressen und Keltereianlagen - M.A.S. Keltereiprodukte GMBH\",\"isPartOf\":{\"@id\":\"https:\\\/\\\/mas-keltereiprodukte.de\\\/#website\"},\"datePublished\":\"2021-04-22T09:51:30+00:00\",\"dateModified\":\"2024-10-22T12:12:37+00:00\",\"breadcrumb\":{\"@id\":\"https:\\\/\\\/mas-keltereiprodukte.de\\\/traubensortierung\\\/oszillations-abbeermaschine-mit-rollensortierer\\\/#breadcrumb\"},\"inLanguage\":\"en-GB\",\"potentialAction\":[{\"@type\":\"ReadAction\",\"target\":[\"https:\\\/\\\/mas-keltereiprodukte.de\\\/traubensortierung\\\/oszillations-abbeermaschine-mit-rollensortierer\\\/\"]}]},{\"@type\":\"BreadcrumbList\",\"@id\":\"https:\\\/\\\/mas-keltereiprodukte.de\\\/traubensortierung\\\/oszillations-abbeermaschine-mit-rollensortierer\\\/#breadcrumb\",\"itemListElement\":[{\"@type\":\"ListItem\",\"position\":1,\"name\":\"Startseite\",\"item\":\"https:\\\/\\\/mas-keltereiprodukte.de\\\/\"},{\"@type\":\"ListItem\",\"position\":2,\"name\":\"Traubensortierung\",\"item\":\"https:\\\/\\\/mas-keltereiprodukte.de\\\/traubensortierung\\\/\"},{\"@type\":\"ListItem\",\"position\":3,\"name\":\"Oszillations-Abbeermaschine mit Rollensortierer\"}]},{\"@type\":\"WebSite\",\"@id\":\"https:\\\/\\\/mas-keltereiprodukte.de\\\/#website\",\"url\":\"https:\\\/\\\/mas-keltereiprodukte.de\\\/\",\"name\":\"Weinpressen und Keltereianlagen - M.A.S. Keltereiprodukte GMBH\",\"description\":\"\",\"potentialAction\":[{\"@type\":\"SearchAction\",\"target\":{\"@type\":\"EntryPoint\",\"urlTemplate\":\"https:\\\/\\\/mas-keltereiprodukte.de\\\/?s={search_term_string}\"},\"query-input\":{\"@type\":\"PropertyValueSpecification\",\"valueRequired\":true,\"valueName\":\"search_term_string\"}}],\"inLanguage\":\"en-GB\"}]}<\/script>\n<!-- \/ Yoast SEO plugin. -->","yoast_head_json":{"title":"Oszillations-Abbeermaschine mit Rollensortierer - Weinpressen und Keltereianlagen - M.A.S. Keltereiprodukte GMBH","robots":{"index":"index","follow":"follow","max-snippet":"max-snippet:-1","max-image-preview":"max-image-preview:large","max-video-preview":"max-video-preview:-1"},"canonical":"https:\/\/mas-keltereiprodukte.de\/en\/traubensortierung\/oszillations-abbeermaschine-mit-rollensortierer\/","og_locale":"en_GB","og_type":"article","og_title":"Oszillations-Abbeermaschine mit Rollensortierer - Weinpressen und Keltereianlagen - M.A.S. Keltereiprodukte GMBH","og_description":"Oszillations-Abbeermaschine mit RollensortiererAbbeermaschine mit Schwingkorb und Rollensortierer \"DREAM\" DREAM ist ein neu entworfenes Abbeermaschinen-Konzept, das speziell f\u00fcr die \u00e4u\u00dferst schonende Verarbeitung von Trauben entwickelt wurde. Die Trennung der Beeren von den Stielen erfolgt durch die wellenf\u00f6rmige Bewegung eines Kunststoffkorbes mit entsprechender Lochung. Auf diese Weise erreicht man eine behutsame Entrappung auch schwieriger Leseg\u00fcter, ohne die [&hellip;]","og_url":"https:\/\/mas-keltereiprodukte.de\/en\/traubensortierung\/oszillations-abbeermaschine-mit-rollensortierer\/","og_site_name":"Weinpressen und Keltereianlagen - M.A.S. Keltereiprodukte GMBH","article_modified_time":"2024-10-22T12:12:37+00:00","twitter_card":"summary_large_image","schema":{"@context":"https:\/\/schema.org","@graph":[{"@type":"WebPage","@id":"https:\/\/mas-keltereiprodukte.de\/traubensortierung\/oszillations-abbeermaschine-mit-rollensortierer\/","url":"https:\/\/mas-keltereiprodukte.de\/traubensortierung\/oszillations-abbeermaschine-mit-rollensortierer\/","name":"Oszillations-Abbeermaschine mit Rollensortierer - Weinpressen und Keltereianlagen - M.A.S. Keltereiprodukte GMBH","isPartOf":{"@id":"https:\/\/mas-keltereiprodukte.de\/#website"},"datePublished":"2021-04-22T09:51:30+00:00","dateModified":"2024-10-22T12:12:37+00:00","breadcrumb":{"@id":"https:\/\/mas-keltereiprodukte.de\/traubensortierung\/oszillations-abbeermaschine-mit-rollensortierer\/#breadcrumb"},"inLanguage":"en-GB","potentialAction":[{"@type":"ReadAction","target":["https:\/\/mas-keltereiprodukte.de\/traubensortierung\/oszillations-abbeermaschine-mit-rollensortierer\/"]}]},{"@type":"BreadcrumbList","@id":"https:\/\/mas-keltereiprodukte.de\/traubensortierung\/oszillations-abbeermaschine-mit-rollensortierer\/#breadcrumb","itemListElement":[{"@type":"ListItem","position":1,"name":"Startseite","item":"https:\/\/mas-keltereiprodukte.de\/"},{"@type":"ListItem","position":2,"name":"Traubensortierung","item":"https:\/\/mas-keltereiprodukte.de\/traubensortierung\/"},{"@type":"ListItem","position":3,"name":"Oszillations-Abbeermaschine mit Rollensortierer"}]},{"@type":"WebSite","@id":"https:\/\/mas-keltereiprodukte.de\/#website","url":"https:\/\/mas-keltereiprodukte.de\/","name":"Weinpressen und Keltereianlagen - M.A.S. Keltereiprodukte GMBH","description":"","potentialAction":[{"@type":"SearchAction","target":{"@type":"EntryPoint","urlTemplate":"https:\/\/mas-keltereiprodukte.de\/?s={search_term_string}"},"query-input":{"@type":"PropertyValueSpecification","valueRequired":true,"valueName":"search_term_string"}}],"inLanguage":"en-GB"}]}},"_links":{"self":[{"href":"https:\/\/mas-keltereiprodukte.de\/en\/wp-json\/wp\/v2\/pages\/456","targetHints":{"allow":["GET"]}}],"collection":[{"href":"https:\/\/mas-keltereiprodukte.de\/en\/wp-json\/wp\/v2\/pages"}],"about":[{"href":"https:\/\/mas-keltereiprodukte.de\/en\/wp-json\/wp\/v2\/types\/page"}],"author":[{"embeddable":true,"href":"https:\/\/mas-keltereiprodukte.de\/en\/wp-json\/wp\/v2\/users\/1"}],"replies":[{"embeddable":true,"href":"https:\/\/mas-keltereiprodukte.de\/en\/wp-json\/wp\/v2\/comments?post=456"}],"version-history":[{"count":6,"href":"https:\/\/mas-keltereiprodukte.de\/en\/wp-json\/wp\/v2\/pages\/456\/revisions"}],"predecessor-version":[{"id":2029,"href":"https:\/\/mas-keltereiprodukte.de\/en\/wp-json\/wp\/v2\/pages\/456\/revisions\/2029"}],"up":[{"embeddable":true,"href":"https:\/\/mas-keltereiprodukte.de\/en\/wp-json\/wp\/v2\/pages\/181"}],"wp:attachment":[{"href":"https:\/\/mas-keltereiprodukte.de\/en\/wp-json\/wp\/v2\/media?parent=456"}],"curies":[{"name":"wp","href":"https:\/\/api.w.org\/{rel}","templated":true}]}}