{"id":428,"date":"2021-04-22T11:30:21","date_gmt":"2021-04-22T09:30:21","guid":{"rendered":"http:\/\/mas.visualmedia7.alfahosting.org\/?page_id=428"},"modified":"2024-10-22T14:08:26","modified_gmt":"2024-10-22T12:08:26","slug":"kappa","status":"publish","type":"page","link":"https:\/\/mas-keltereiprodukte.de\/en\/abbeermaschine\/kappa\/","title":{"rendered":"Kappa"},"content":{"rendered":"<p>[et_pb_section fb_built=&#8220;1&#8243; _builder_version=&#8220;4.16&#8243; background_color=&#8220;#f2f2f2&#8243; custom_padding=&#8220;||34px|||&#8220; global_colors_info=&#8220;{}&#8220;][et_pb_row _builder_version=&#8220;4.16&#8243; global_colors_info=&#8220;{}&#8220;][et_pb_column type=&#8220;4_4&#8243; _builder_version=&#8220;4.16&#8243; custom_padding=&#8220;|||&#8220; global_colors_info=&#8220;{}&#8220; custom_padding__hover=&#8220;|||&#8220;][et_pb_text _builder_version=&#8220;4.21.0&#8243; global_colors_info=&#8220;{}&#8220;]<\/p>\n<h1 style=\"text-align: center;\"><strong>Abbeermaschine Kappa 15 &#8211; 150<br \/><\/strong><\/h1>\n<p>[\/et_pb_text][et_pb_divider color=&#8220;#fe4701&#8243; divider_weight=&#8220;2px&#8220; _builder_version=&#8220;4.16&#8243; width=&#8220;50%&#8220; module_alignment=&#8220;center&#8220; global_colors_info=&#8220;{}&#8220;][\/et_pb_divider][\/et_pb_column][\/et_pb_row][\/et_pb_section][et_pb_section fb_built=&#8220;1&#8243; _builder_version=&#8220;4.16&#8243; background_color=&#8220;#ffffff&#8220; global_colors_info=&#8220;{}&#8220;][et_pb_row column_structure=&#8220;1_2,1_2&#8243; _builder_version=&#8220;4.16&#8243; _module_preset=&#8220;default&#8220; global_colors_info=&#8220;{}&#8220;][et_pb_column type=&#8220;1_2&#8243; _builder_version=&#8220;4.16&#8243; _module_preset=&#8220;default&#8220; global_colors_info=&#8220;{}&#8220;][et_pb_image src=&#8220;https:\/\/mas-keltereiprodukte.de\/wp-content\/uploads\/2021\/04\/1NE_6357.jpg&#8220; title_text=&#8220;1NE_6357&#8243; _builder_version=&#8220;4.16&#8243; _module_preset=&#8220;default&#8220; custom_margin=&#8220;||2px|||&#8220; global_colors_info=&#8220;{}&#8220;][\/et_pb_image][et_pb_text _builder_version=&#8220;4.16&#8243; _module_preset=&#8220;default&#8220; global_colors_info=&#8220;{}&#8220;]<\/p>\n<p style=\"text-align: center;\">Kappa 120<\/p>\n<p>[\/et_pb_text][\/et_pb_column][et_pb_column type=&#8220;1_2&#8243; _builder_version=&#8220;4.16&#8243; _module_preset=&#8220;default&#8220; global_colors_info=&#8220;{}&#8220;][et_pb_image src=&#8220;https:\/\/mas-keltereiprodukte.de\/wp-content\/uploads\/2021\/04\/kappa-001972web.jpg&#8220; title_text=&#8220;kappa-001972web&#8220; _builder_version=&#8220;4.16&#8243; _module_preset=&#8220;default&#8220; custom_margin=&#8220;||2px|||&#8220; global_colors_info=&#8220;{}&#8220;][\/et_pb_image][et_pb_text _builder_version=&#8220;4.16&#8243; _module_preset=&#8220;default&#8220; global_colors_info=&#8220;{}&#8220;]<\/p>\n<p style=\"text-align: center;\">Kappa 60<\/p>\n<p>[\/et_pb_text][\/et_pb_column][\/et_pb_row][et_pb_row _builder_version=&#8220;4.16&#8243; _module_preset=&#8220;default&#8220; global_colors_info=&#8220;{}&#8220;][et_pb_column type=&#8220;4_4&#8243; _builder_version=&#8220;4.16&#8243; _module_preset=&#8220;default&#8220; global_colors_info=&#8220;{}&#8220;][et_pb_text _builder_version=&#8220;4.21.0&#8243; _module_preset=&#8220;default&#8220; global_colors_info=&#8220;{}&#8220;]<\/p>\n<p><strong>Modelle:\u00a0 <\/strong><span style=\"font-size: 14px;\">Kappa 15, Kappa 25, Kappa 50, Kappa 60, Kappa 90, Kappa 120, Kappa 150<\/span><\/p>\n<p><strong>Technische Beschreibung:<\/strong><br \/>Die Maschine ist f\u00fcr die Bearbeitung ganzer oder maschinengelesener Trauben konzipiert. Gestell und Geh\u00e4use aus Edelstahl AISI 304. Sicherheitsvorrichtungen gem\u00e4\u00df der EG-Richtlinie 2006\/42\/EG (Maschinen), Elektrische Schalttafel gem\u00e4\u00df der EG-Richtlinien 2006\/95\/CE (LV) und 2004\/108\/CE (EMC).<\/p>\n<p><strong>Abbeereinheit:<\/strong><br \/>Die Abbeereinheit besteht aus einem gelochten Korb und einer innenliegenden Stachelwalze, die sich in gleicher Richtung dreht (Gleichl\u00e4ufer), beide aus Edelstahl AISI 304. K\u00f6rbe mit unterschiedlichen Abmessungen und unterschiedlicher Verteilung der L\u00f6cher sind m\u00f6glich. Abstand und Schr\u00e4gstellung der Schl\u00e4ger sind mechanisch regelbar. Die Drehzahl der Stachelwalze und des Korbes sind mittels Frequenzumrichter regelbar.<\/p>\n<p>[\/et_pb_text][\/et_pb_column][\/et_pb_row][\/et_pb_section][et_pb_section fb_built=&#8220;1&#8243; _builder_version=&#8220;4.16&#8243; background_color=&#8220;#f7f7f7&#8243; global_colors_info=&#8220;{}&#8220;][et_pb_row _builder_version=&#8220;4.16&#8243; global_colors_info=&#8220;{}&#8220;][et_pb_column type=&#8220;4_4&#8243; _builder_version=&#8220;4.16&#8243; custom_padding=&#8220;|||&#8220; global_colors_info=&#8220;{}&#8220; custom_padding__hover=&#8220;|||&#8220;][et_pb_text _builder_version=&#8220;4.16&#8243; global_colors_info=&#8220;{}&#8220;]<\/p>\n<h1 style=\"text-align: center;\">Kontaktieren Sie uns<\/h1>\n<p>[\/et_pb_text][et_pb_button button_text=&#8220;Anfrage &#8220; button_alignment=&#8220;center&#8220; _builder_version=&#8220;4.27.2&#8243; custom_button=&#8220;on&#8220; button_text_size=&#8220;18px&#8220; button_text_color=&#8220;#ffffff&#8220; button_bg_color=&#8220;#fe4701&#8243; button_border_width=&#8220;1px&#8220; button_font=&#8220;||||||||&#8220; hover_enabled=&#8220;0&#8243; global_colors_info=&#8220;{}&#8220; button_url=&#8220;https:\/\/mas-keltereiprodukte.de\/kontakt\/&#8220; sticky_enabled=&#8220;0&#8243;][\/et_pb_button][\/et_pb_column][\/et_pb_row][\/et_pb_section]<\/p>\n","protected":false},"excerpt":{"rendered":"<p>Abbeermaschine Kappa 15 &#8211; 150Kappa 120Kappa 60Modelle:\u00a0 Kappa 15, Kappa 25, Kappa 50, Kappa 60, Kappa 90, Kappa 120, Kappa 150 Technische Beschreibung:Die Maschine ist f\u00fcr die Bearbeitung ganzer oder maschinengelesener Trauben konzipiert. Gestell und Geh\u00e4use aus Edelstahl AISI 304. Sicherheitsvorrichtungen gem\u00e4\u00df der EG-Richtlinie 2006\/42\/EG (Maschinen), Elektrische Schalttafel gem\u00e4\u00df der EG-Richtlinien 2006\/95\/CE (LV) und 2004\/108\/CE [&hellip;]<\/p>\n","protected":false},"author":1,"featured_media":0,"parent":162,"menu_order":0,"comment_status":"closed","ping_status":"closed","template":"","meta":{"_et_pb_use_builder":"on","_et_pb_old_content":"","_et_gb_content_width":"","footnotes":""},"class_list":["post-428","page","type-page","status-publish","hentry"],"yoast_head":"<!-- This site is optimized with the Yoast SEO plugin v27.4 - https:\/\/yoast.com\/product\/yoast-seo-wordpress\/ -->\n<title>Kappa - Weinpressen und Keltereianlagen - M.A.S. Keltereiprodukte GMBH<\/title>\n<meta name=\"robots\" content=\"index, follow, max-snippet:-1, max-image-preview:large, max-video-preview:-1\" \/>\n<link rel=\"canonical\" href=\"https:\/\/mas-keltereiprodukte.de\/en\/abbeermaschine\/kappa\/\" \/>\n<meta property=\"og:locale\" content=\"en_GB\" \/>\n<meta property=\"og:type\" content=\"article\" \/>\n<meta property=\"og:title\" content=\"Kappa - Weinpressen und Keltereianlagen - M.A.S. Keltereiprodukte GMBH\" \/>\n<meta property=\"og:description\" content=\"Abbeermaschine Kappa 15 - 150Kappa 120Kappa 60Modelle:\u00a0 Kappa 15, Kappa 25, Kappa 50, Kappa 60, Kappa 90, Kappa 120, Kappa 150 Technische Beschreibung:Die Maschine ist f\u00fcr die Bearbeitung ganzer oder maschinengelesener Trauben konzipiert. Gestell und Geh\u00e4use aus Edelstahl AISI 304. Sicherheitsvorrichtungen gem\u00e4\u00df der EG-Richtlinie 2006\/42\/EG (Maschinen), Elektrische Schalttafel gem\u00e4\u00df der EG-Richtlinien 2006\/95\/CE (LV) und 2004\/108\/CE [&hellip;]\" \/>\n<meta property=\"og:url\" content=\"https:\/\/mas-keltereiprodukte.de\/en\/abbeermaschine\/kappa\/\" \/>\n<meta property=\"og:site_name\" content=\"Weinpressen und Keltereianlagen - M.A.S. Keltereiprodukte GMBH\" \/>\n<meta property=\"article:modified_time\" content=\"2024-10-22T12:08:26+00:00\" \/>\n<meta name=\"twitter:card\" content=\"summary_large_image\" \/>\n<script type=\"application\/ld+json\" class=\"yoast-schema-graph\">{\"@context\":\"https:\\\/\\\/schema.org\",\"@graph\":[{\"@type\":\"WebPage\",\"@id\":\"https:\\\/\\\/mas-keltereiprodukte.de\\\/abbeermaschine\\\/kappa\\\/\",\"url\":\"https:\\\/\\\/mas-keltereiprodukte.de\\\/abbeermaschine\\\/kappa\\\/\",\"name\":\"Kappa - Weinpressen und Keltereianlagen - M.A.S. Keltereiprodukte GMBH\",\"isPartOf\":{\"@id\":\"https:\\\/\\\/mas-keltereiprodukte.de\\\/#website\"},\"datePublished\":\"2021-04-22T09:30:21+00:00\",\"dateModified\":\"2024-10-22T12:08:26+00:00\",\"breadcrumb\":{\"@id\":\"https:\\\/\\\/mas-keltereiprodukte.de\\\/abbeermaschine\\\/kappa\\\/#breadcrumb\"},\"inLanguage\":\"en-GB\",\"potentialAction\":[{\"@type\":\"ReadAction\",\"target\":[\"https:\\\/\\\/mas-keltereiprodukte.de\\\/abbeermaschine\\\/kappa\\\/\"]}]},{\"@type\":\"BreadcrumbList\",\"@id\":\"https:\\\/\\\/mas-keltereiprodukte.de\\\/abbeermaschine\\\/kappa\\\/#breadcrumb\",\"itemListElement\":[{\"@type\":\"ListItem\",\"position\":1,\"name\":\"Startseite\",\"item\":\"https:\\\/\\\/mas-keltereiprodukte.de\\\/\"},{\"@type\":\"ListItem\",\"position\":2,\"name\":\"Abbeermaschine\",\"item\":\"https:\\\/\\\/mas-keltereiprodukte.de\\\/abbeermaschine\\\/\"},{\"@type\":\"ListItem\",\"position\":3,\"name\":\"Kappa\"}]},{\"@type\":\"WebSite\",\"@id\":\"https:\\\/\\\/mas-keltereiprodukte.de\\\/#website\",\"url\":\"https:\\\/\\\/mas-keltereiprodukte.de\\\/\",\"name\":\"Weinpressen und Keltereianlagen - M.A.S. Keltereiprodukte GMBH\",\"description\":\"\",\"potentialAction\":[{\"@type\":\"SearchAction\",\"target\":{\"@type\":\"EntryPoint\",\"urlTemplate\":\"https:\\\/\\\/mas-keltereiprodukte.de\\\/?s={search_term_string}\"},\"query-input\":{\"@type\":\"PropertyValueSpecification\",\"valueRequired\":true,\"valueName\":\"search_term_string\"}}],\"inLanguage\":\"en-GB\"}]}<\/script>\n<!-- \/ Yoast SEO plugin. -->","yoast_head_json":{"title":"Kappa - Weinpressen und Keltereianlagen - M.A.S. Keltereiprodukte GMBH","robots":{"index":"index","follow":"follow","max-snippet":"max-snippet:-1","max-image-preview":"max-image-preview:large","max-video-preview":"max-video-preview:-1"},"canonical":"https:\/\/mas-keltereiprodukte.de\/en\/abbeermaschine\/kappa\/","og_locale":"en_GB","og_type":"article","og_title":"Kappa - Weinpressen und Keltereianlagen - M.A.S. Keltereiprodukte GMBH","og_description":"Abbeermaschine Kappa 15 - 150Kappa 120Kappa 60Modelle:\u00a0 Kappa 15, Kappa 25, Kappa 50, Kappa 60, Kappa 90, Kappa 120, Kappa 150 Technische Beschreibung:Die Maschine ist f\u00fcr die Bearbeitung ganzer oder maschinengelesener Trauben konzipiert. Gestell und Geh\u00e4use aus Edelstahl AISI 304. Sicherheitsvorrichtungen gem\u00e4\u00df der EG-Richtlinie 2006\/42\/EG (Maschinen), Elektrische Schalttafel gem\u00e4\u00df der EG-Richtlinien 2006\/95\/CE (LV) und 2004\/108\/CE [&hellip;]","og_url":"https:\/\/mas-keltereiprodukte.de\/en\/abbeermaschine\/kappa\/","og_site_name":"Weinpressen und Keltereianlagen - M.A.S. Keltereiprodukte GMBH","article_modified_time":"2024-10-22T12:08:26+00:00","twitter_card":"summary_large_image","schema":{"@context":"https:\/\/schema.org","@graph":[{"@type":"WebPage","@id":"https:\/\/mas-keltereiprodukte.de\/abbeermaschine\/kappa\/","url":"https:\/\/mas-keltereiprodukte.de\/abbeermaschine\/kappa\/","name":"Kappa - Weinpressen und Keltereianlagen - M.A.S. Keltereiprodukte GMBH","isPartOf":{"@id":"https:\/\/mas-keltereiprodukte.de\/#website"},"datePublished":"2021-04-22T09:30:21+00:00","dateModified":"2024-10-22T12:08:26+00:00","breadcrumb":{"@id":"https:\/\/mas-keltereiprodukte.de\/abbeermaschine\/kappa\/#breadcrumb"},"inLanguage":"en-GB","potentialAction":[{"@type":"ReadAction","target":["https:\/\/mas-keltereiprodukte.de\/abbeermaschine\/kappa\/"]}]},{"@type":"BreadcrumbList","@id":"https:\/\/mas-keltereiprodukte.de\/abbeermaschine\/kappa\/#breadcrumb","itemListElement":[{"@type":"ListItem","position":1,"name":"Startseite","item":"https:\/\/mas-keltereiprodukte.de\/"},{"@type":"ListItem","position":2,"name":"Abbeermaschine","item":"https:\/\/mas-keltereiprodukte.de\/abbeermaschine\/"},{"@type":"ListItem","position":3,"name":"Kappa"}]},{"@type":"WebSite","@id":"https:\/\/mas-keltereiprodukte.de\/#website","url":"https:\/\/mas-keltereiprodukte.de\/","name":"Weinpressen und Keltereianlagen - M.A.S. Keltereiprodukte GMBH","description":"","potentialAction":[{"@type":"SearchAction","target":{"@type":"EntryPoint","urlTemplate":"https:\/\/mas-keltereiprodukte.de\/?s={search_term_string}"},"query-input":{"@type":"PropertyValueSpecification","valueRequired":true,"valueName":"search_term_string"}}],"inLanguage":"en-GB"}]}},"_links":{"self":[{"href":"https:\/\/mas-keltereiprodukte.de\/en\/wp-json\/wp\/v2\/pages\/428","targetHints":{"allow":["GET"]}}],"collection":[{"href":"https:\/\/mas-keltereiprodukte.de\/en\/wp-json\/wp\/v2\/pages"}],"about":[{"href":"https:\/\/mas-keltereiprodukte.de\/en\/wp-json\/wp\/v2\/types\/page"}],"author":[{"embeddable":true,"href":"https:\/\/mas-keltereiprodukte.de\/en\/wp-json\/wp\/v2\/users\/1"}],"replies":[{"embeddable":true,"href":"https:\/\/mas-keltereiprodukte.de\/en\/wp-json\/wp\/v2\/comments?post=428"}],"version-history":[{"count":9,"href":"https:\/\/mas-keltereiprodukte.de\/en\/wp-json\/wp\/v2\/pages\/428\/revisions"}],"predecessor-version":[{"id":2017,"href":"https:\/\/mas-keltereiprodukte.de\/en\/wp-json\/wp\/v2\/pages\/428\/revisions\/2017"}],"up":[{"embeddable":true,"href":"https:\/\/mas-keltereiprodukte.de\/en\/wp-json\/wp\/v2\/pages\/162"}],"wp:attachment":[{"href":"https:\/\/mas-keltereiprodukte.de\/en\/wp-json\/wp\/v2\/media?parent=428"}],"curies":[{"name":"wp","href":"https:\/\/api.w.org\/{rel}","templated":true}]}}