{"id":404,"date":"2021-04-21T13:44:36","date_gmt":"2021-04-21T11:44:36","guid":{"rendered":"http:\/\/mas.visualmedia7.alfahosting.org\/?page_id=404"},"modified":"2024-10-22T14:07:23","modified_gmt":"2024-10-22T12:07:23","slug":"qc","status":"publish","type":"page","link":"https:\/\/mas-keltereiprodukte.de\/en\/weinpressen\/qc\/","title":{"rendered":"QC"},"content":{"rendered":"<p>[et_pb_section fb_built=&#8220;1&#8243; _builder_version=&#8220;4.16&#8243; background_color=&#8220;#f2f2f2&#8243; custom_padding=&#8220;||34px|||&#8220; global_colors_info=&#8220;{}&#8220;][et_pb_row _builder_version=&#8220;4.16&#8243; global_colors_info=&#8220;{}&#8220;][et_pb_column type=&#8220;4_4&#8243; _builder_version=&#8220;4.16&#8243; custom_padding=&#8220;|||&#8220; global_colors_info=&#8220;{}&#8220; custom_padding__hover=&#8220;|||&#8220;][et_pb_text _builder_version=&#8220;4.16&#8243; global_colors_info=&#8220;{}&#8220;]<\/p>\n<h1 style=\"text-align: center;\">QC 620<\/h1>\n<p>[\/et_pb_text][et_pb_divider color=&#8220;#fe4701&#8243; divider_weight=&#8220;2px&#8220; _builder_version=&#8220;4.16&#8243; width=&#8220;50%&#8220; module_alignment=&#8220;center&#8220; global_colors_info=&#8220;{}&#8220;][\/et_pb_divider][\/et_pb_column][\/et_pb_row][\/et_pb_section][et_pb_section fb_built=&#8220;1&#8243; _builder_version=&#8220;4.16&#8243; custom_margin=&#8220;||34px|||&#8220; custom_padding=&#8220;||2px|||&#8220; global_colors_info=&#8220;{}&#8220;][et_pb_row _builder_version=&#8220;4.16&#8243; global_colors_info=&#8220;{}&#8220;][et_pb_column type=&#8220;4_4&#8243; _builder_version=&#8220;4.16&#8243; custom_padding=&#8220;|||&#8220; global_colors_info=&#8220;{}&#8220; custom_padding__hover=&#8220;|||&#8220;][et_pb_image src=&#8220;https:\/\/mas-keltereiprodukte.de\/wp-content\/uploads\/2021\/04\/QC-620web.jpg&#8220; title_text=&#8220;QC-620web&#8220; _builder_version=&#8220;4.16&#8243; _module_preset=&#8220;default&#8220; global_colors_info=&#8220;{}&#8220;][\/et_pb_image][et_pb_text _builder_version=&#8220;4.21.0&#8243; custom_padding=&#8220;||0px|||&#8220; global_colors_info=&#8220;{}&#8220;]<\/p>\n<p><strong>Modell<\/strong>: QC 620<\/p>\n<p>Die Linie besteht aus:<br \/>&#8211; Beschickungsgruppe DN 120<br \/>&#8211; Schwingender Entsaftungstisch PRO \u2013 QC 620<br \/>&#8211; Peristaltische Pumpe PRO \u2013 QC 620 zur Beschickung mit Hochdruck<br \/>&#8211; Kontinuierliche hydraulische Presse QC 620<br \/>&#8211; Weinf\u00f6rderungspumpe<br \/>&#8211; Elektrische Schalttafel mit SPS und Bedienungsschnittstelle<\/p>\n<p><strong>Technische Beschreibung<\/strong>:<br \/>Durch die Beschickungsgruppe erreicht das Produkt den schwingenden Entsaftungstisch, wo die freie Fl\u00fcssigkeit von den Festteilen getrennt wird.<\/p>\n<p>Die Festteile werden mittels der peristaltischen Pumpe mit Hochdruck in den Pressk\u00f6rper der QC 620 gef\u00f6rdert, wo eine weitere Trennung der Fl\u00fcssigkeit von den Feststoffen erfolgt, bis eine Ausbeute zwischen 75% und 85% erreicht ist.<\/p>\n<p>Die Auspressung des Produkts in der Presse erfolgt kontinuierlich, durch den von der peristaltischen Pumpe erzeugten Druck, ohne zus\u00e4tzliche mechanische Belastung.<\/p>\n<p><strong>Automation<\/strong>:<br \/>Die Presse QC 620 ist mit einem automatischen Kuchenauswurfsystem am Ende der Pressung versehen, ohne manuellen Anteil beim Austrag.<\/p>\n<p>Ein automatisches Waschsystem mit Hochdruckpumpe und rotierendem Kopf erlaubt die Reinigung des Korbes und aller Teile der Maschine, die in Kontakt mit dem Produkt kommen.<\/p>\n<p>[\/et_pb_text][\/et_pb_column][\/et_pb_row][\/et_pb_section][et_pb_section fb_built=&#8220;1&#8243; _builder_version=&#8220;4.16&#8243; background_color=&#8220;#f7f7f7&#8243; global_colors_info=&#8220;{}&#8220;][et_pb_row _builder_version=&#8220;4.16&#8243; global_colors_info=&#8220;{}&#8220;][et_pb_column type=&#8220;4_4&#8243; _builder_version=&#8220;4.16&#8243; custom_padding=&#8220;|||&#8220; global_colors_info=&#8220;{}&#8220; custom_padding__hover=&#8220;|||&#8220;][et_pb_text _builder_version=&#8220;4.16&#8243; global_colors_info=&#8220;{}&#8220;]<\/p>\n<h1 style=\"text-align: center;\">Kontaktieren Sie uns<\/h1>\n<p>[\/et_pb_text][et_pb_button button_text=&#8220;Anfrage &#8220; button_alignment=&#8220;center&#8220; _builder_version=&#8220;4.27.2&#8243; custom_button=&#8220;on&#8220; button_text_size=&#8220;18px&#8220; button_text_color=&#8220;#ffffff&#8220; button_bg_color=&#8220;#fe4701&#8243; button_border_width=&#8220;1px&#8220; button_font=&#8220;||||||||&#8220; hover_enabled=&#8220;0&#8243; global_colors_info=&#8220;{}&#8220; button_url=&#8220;https:\/\/mas-keltereiprodukte.de\/kontakt\/&#8220; sticky_enabled=&#8220;0&#8243;][\/et_pb_button][\/et_pb_column][\/et_pb_row][\/et_pb_section]<\/p>\n","protected":false},"excerpt":{"rendered":"<p>QC 620Modell: QC 620 Die Linie besteht aus:- Beschickungsgruppe DN 120- Schwingender Entsaftungstisch PRO \u2013 QC 620- Peristaltische Pumpe PRO \u2013 QC 620 zur Beschickung mit Hochdruck- Kontinuierliche hydraulische Presse QC 620- Weinf\u00f6rderungspumpe- Elektrische Schalttafel mit SPS und Bedienungsschnittstelle Technische Beschreibung:Durch die Beschickungsgruppe erreicht das Produkt den schwingenden Entsaftungstisch, wo die freie Fl\u00fcssigkeit von den [&hellip;]<\/p>\n","protected":false},"author":1,"featured_media":0,"parent":362,"menu_order":0,"comment_status":"closed","ping_status":"closed","template":"","meta":{"_et_pb_use_builder":"on","_et_pb_old_content":"","_et_gb_content_width":"","footnotes":""},"class_list":["post-404","page","type-page","status-publish","hentry"],"yoast_head":"<!-- This site is optimized with the Yoast SEO plugin v27.4 - https:\/\/yoast.com\/product\/yoast-seo-wordpress\/ -->\n<title>QC - Weinpressen und Keltereianlagen - M.A.S. Keltereiprodukte GMBH<\/title>\n<meta name=\"robots\" content=\"index, follow, max-snippet:-1, max-image-preview:large, max-video-preview:-1\" \/>\n<link rel=\"canonical\" href=\"https:\/\/mas-keltereiprodukte.de\/en\/weinpressen\/qc\/\" \/>\n<meta property=\"og:locale\" content=\"en_GB\" \/>\n<meta property=\"og:type\" content=\"article\" \/>\n<meta property=\"og:title\" content=\"QC - Weinpressen und Keltereianlagen - M.A.S. Keltereiprodukte GMBH\" \/>\n<meta property=\"og:description\" content=\"QC 620Modell: QC 620 Die Linie besteht aus:- Beschickungsgruppe DN 120- Schwingender Entsaftungstisch PRO \u2013 QC 620- Peristaltische Pumpe PRO \u2013 QC 620 zur Beschickung mit Hochdruck- Kontinuierliche hydraulische Presse QC 620- Weinf\u00f6rderungspumpe- Elektrische Schalttafel mit SPS und Bedienungsschnittstelle Technische Beschreibung:Durch die Beschickungsgruppe erreicht das Produkt den schwingenden Entsaftungstisch, wo die freie Fl\u00fcssigkeit von den [&hellip;]\" \/>\n<meta property=\"og:url\" content=\"https:\/\/mas-keltereiprodukte.de\/en\/weinpressen\/qc\/\" \/>\n<meta property=\"og:site_name\" content=\"Weinpressen und Keltereianlagen - M.A.S. Keltereiprodukte GMBH\" \/>\n<meta property=\"article:modified_time\" content=\"2024-10-22T12:07:23+00:00\" \/>\n<meta name=\"twitter:card\" content=\"summary_large_image\" \/>\n<script type=\"application\/ld+json\" class=\"yoast-schema-graph\">{\"@context\":\"https:\\\/\\\/schema.org\",\"@graph\":[{\"@type\":\"WebPage\",\"@id\":\"https:\\\/\\\/mas-keltereiprodukte.de\\\/weinpressen\\\/qc\\\/\",\"url\":\"https:\\\/\\\/mas-keltereiprodukte.de\\\/weinpressen\\\/qc\\\/\",\"name\":\"QC - Weinpressen und Keltereianlagen - M.A.S. Keltereiprodukte GMBH\",\"isPartOf\":{\"@id\":\"https:\\\/\\\/mas-keltereiprodukte.de\\\/#website\"},\"datePublished\":\"2021-04-21T11:44:36+00:00\",\"dateModified\":\"2024-10-22T12:07:23+00:00\",\"breadcrumb\":{\"@id\":\"https:\\\/\\\/mas-keltereiprodukte.de\\\/weinpressen\\\/qc\\\/#breadcrumb\"},\"inLanguage\":\"en-GB\",\"potentialAction\":[{\"@type\":\"ReadAction\",\"target\":[\"https:\\\/\\\/mas-keltereiprodukte.de\\\/weinpressen\\\/qc\\\/\"]}]},{\"@type\":\"BreadcrumbList\",\"@id\":\"https:\\\/\\\/mas-keltereiprodukte.de\\\/weinpressen\\\/qc\\\/#breadcrumb\",\"itemListElement\":[{\"@type\":\"ListItem\",\"position\":1,\"name\":\"Startseite\",\"item\":\"https:\\\/\\\/mas-keltereiprodukte.de\\\/\"},{\"@type\":\"ListItem\",\"position\":2,\"name\":\"Weinpressen\",\"item\":\"https:\\\/\\\/mas-keltereiprodukte.de\\\/weinpressen\\\/\"},{\"@type\":\"ListItem\",\"position\":3,\"name\":\"QC\"}]},{\"@type\":\"WebSite\",\"@id\":\"https:\\\/\\\/mas-keltereiprodukte.de\\\/#website\",\"url\":\"https:\\\/\\\/mas-keltereiprodukte.de\\\/\",\"name\":\"Weinpressen und Keltereianlagen - M.A.S. Keltereiprodukte GMBH\",\"description\":\"\",\"potentialAction\":[{\"@type\":\"SearchAction\",\"target\":{\"@type\":\"EntryPoint\",\"urlTemplate\":\"https:\\\/\\\/mas-keltereiprodukte.de\\\/?s={search_term_string}\"},\"query-input\":{\"@type\":\"PropertyValueSpecification\",\"valueRequired\":true,\"valueName\":\"search_term_string\"}}],\"inLanguage\":\"en-GB\"}]}<\/script>\n<!-- \/ Yoast SEO plugin. -->","yoast_head_json":{"title":"QC - Weinpressen und Keltereianlagen - M.A.S. Keltereiprodukte GMBH","robots":{"index":"index","follow":"follow","max-snippet":"max-snippet:-1","max-image-preview":"max-image-preview:large","max-video-preview":"max-video-preview:-1"},"canonical":"https:\/\/mas-keltereiprodukte.de\/en\/weinpressen\/qc\/","og_locale":"en_GB","og_type":"article","og_title":"QC - Weinpressen und Keltereianlagen - M.A.S. Keltereiprodukte GMBH","og_description":"QC 620Modell: QC 620 Die Linie besteht aus:- Beschickungsgruppe DN 120- Schwingender Entsaftungstisch PRO \u2013 QC 620- Peristaltische Pumpe PRO \u2013 QC 620 zur Beschickung mit Hochdruck- Kontinuierliche hydraulische Presse QC 620- Weinf\u00f6rderungspumpe- Elektrische Schalttafel mit SPS und Bedienungsschnittstelle Technische Beschreibung:Durch die Beschickungsgruppe erreicht das Produkt den schwingenden Entsaftungstisch, wo die freie Fl\u00fcssigkeit von den [&hellip;]","og_url":"https:\/\/mas-keltereiprodukte.de\/en\/weinpressen\/qc\/","og_site_name":"Weinpressen und Keltereianlagen - M.A.S. Keltereiprodukte GMBH","article_modified_time":"2024-10-22T12:07:23+00:00","twitter_card":"summary_large_image","schema":{"@context":"https:\/\/schema.org","@graph":[{"@type":"WebPage","@id":"https:\/\/mas-keltereiprodukte.de\/weinpressen\/qc\/","url":"https:\/\/mas-keltereiprodukte.de\/weinpressen\/qc\/","name":"QC - Weinpressen und Keltereianlagen - M.A.S. Keltereiprodukte GMBH","isPartOf":{"@id":"https:\/\/mas-keltereiprodukte.de\/#website"},"datePublished":"2021-04-21T11:44:36+00:00","dateModified":"2024-10-22T12:07:23+00:00","breadcrumb":{"@id":"https:\/\/mas-keltereiprodukte.de\/weinpressen\/qc\/#breadcrumb"},"inLanguage":"en-GB","potentialAction":[{"@type":"ReadAction","target":["https:\/\/mas-keltereiprodukte.de\/weinpressen\/qc\/"]}]},{"@type":"BreadcrumbList","@id":"https:\/\/mas-keltereiprodukte.de\/weinpressen\/qc\/#breadcrumb","itemListElement":[{"@type":"ListItem","position":1,"name":"Startseite","item":"https:\/\/mas-keltereiprodukte.de\/"},{"@type":"ListItem","position":2,"name":"Weinpressen","item":"https:\/\/mas-keltereiprodukte.de\/weinpressen\/"},{"@type":"ListItem","position":3,"name":"QC"}]},{"@type":"WebSite","@id":"https:\/\/mas-keltereiprodukte.de\/#website","url":"https:\/\/mas-keltereiprodukte.de\/","name":"Weinpressen und Keltereianlagen - M.A.S. Keltereiprodukte GMBH","description":"","potentialAction":[{"@type":"SearchAction","target":{"@type":"EntryPoint","urlTemplate":"https:\/\/mas-keltereiprodukte.de\/?s={search_term_string}"},"query-input":{"@type":"PropertyValueSpecification","valueRequired":true,"valueName":"search_term_string"}}],"inLanguage":"en-GB"}]}},"_links":{"self":[{"href":"https:\/\/mas-keltereiprodukte.de\/en\/wp-json\/wp\/v2\/pages\/404","targetHints":{"allow":["GET"]}}],"collection":[{"href":"https:\/\/mas-keltereiprodukte.de\/en\/wp-json\/wp\/v2\/pages"}],"about":[{"href":"https:\/\/mas-keltereiprodukte.de\/en\/wp-json\/wp\/v2\/types\/page"}],"author":[{"embeddable":true,"href":"https:\/\/mas-keltereiprodukte.de\/en\/wp-json\/wp\/v2\/users\/1"}],"replies":[{"embeddable":true,"href":"https:\/\/mas-keltereiprodukte.de\/en\/wp-json\/wp\/v2\/comments?post=404"}],"version-history":[{"count":5,"href":"https:\/\/mas-keltereiprodukte.de\/en\/wp-json\/wp\/v2\/pages\/404\/revisions"}],"predecessor-version":[{"id":2014,"href":"https:\/\/mas-keltereiprodukte.de\/en\/wp-json\/wp\/v2\/pages\/404\/revisions\/2014"}],"up":[{"embeddable":true,"href":"https:\/\/mas-keltereiprodukte.de\/en\/wp-json\/wp\/v2\/pages\/362"}],"wp:attachment":[{"href":"https:\/\/mas-keltereiprodukte.de\/en\/wp-json\/wp\/v2\/media?parent=404"}],"curies":[{"name":"wp","href":"https:\/\/api.w.org\/{rel}","templated":true}]}}