{"id":251,"date":"2019-08-06T09:01:53","date_gmt":"2019-08-06T07:01:53","guid":{"rendered":"http:\/\/mas.visualmedia7.alfahosting.org\/?page_id=251"},"modified":"2022-06-08T17:39:27","modified_gmt":"2022-06-08T15:39:27","slug":"rollensortierer","status":"publish","type":"page","link":"https:\/\/mas-keltereiprodukte.de\/en\/rollensortierer\/","title":{"rendered":"Roller sorter"},"content":{"rendered":"<p>[et_pb_section fb_built=&#8220;1&#8243; _builder_version=&#8220;3.22.7&#8243; background_color=&#8220;#f2f2f2&#8243; custom_padding=&#8220;||34px|||&#8220;][et_pb_row _builder_version=&#8220;3.22.7&#8243;][et_pb_column type=&#8220;4_4&#8243; _builder_version=&#8220;3.22.7&#8243;][et_pb_text _builder_version=&#8220;3.22.7&#8243;]<\/p>\n<h1 style=\"text-align: center;\"><b>Rollensortierer &#8222;Rolltec&#8220;<\/b><\/h1>\n<p>[\/et_pb_text][et_pb_divider color=&#8220;#ff9000&#8243; divider_weight=&#8220;2px&#8220; _builder_version=&#8220;3.22.7&#8243; width=&#8220;50%&#8220; module_alignment=&#8220;center&#8220;][\/et_pb_divider][\/et_pb_column][\/et_pb_row][\/et_pb_section][et_pb_section fb_built=&#8220;1&#8243; _builder_version=&#8220;3.22.7&#8243; custom_margin=&#8220;||34px|||&#8220; custom_padding=&#8220;||2px|||&#8220;][et_pb_row _builder_version=&#8220;3.22.7&#8243;][et_pb_column type=&#8220;1_2&#8243; _builder_version=&#8220;3.22.7&#8243;][et_pb_text _builder_version=&#8220;3.22.7&#8243; custom_padding=&#8220;||0px|||&#8220;]<\/p>\n<p style=\"font-weight: 400;\">\n<p style=\"font-weight: 400;\">\n<p style=\"font-weight: 400;\">\n<p style=\"font-weight: 400;\">Rolltec ist das Ergebnis der konsequenten Weiterentwicklung des Rollensortierers.<\/p>\n<p style=\"font-weight: 400;\">Der optimale Rollenabstand der zwei aufeinander folgenden Sortierstrecken wird einfach und pr\u00e4zise, auch bei laufender Maschine, mit einem einzigen Handgriff justiert.<\/p>\n<p style=\"font-weight: 400;\">Auf der ersten Sortierstrecke werden kleine Fremdk\u00f6rper, Ungeziefer, Kerne, besch\u00e4digte oder zu kleine Beeren ausgesondert. Auch der freie Saft wird hier getrennt und abgeleitet.<\/p>\n<p style=\"font-weight: 400;\">Die zweite Strecke l\u00e4sst die gesunden Beeren durchfallen, gr\u00f6\u00dfere Fremdk\u00f6rper, Kammst\u00fccke und Bl\u00e4tter werden in Richtung Auswurf weiterbef\u00f6rdert.<\/p>\n<p style=\"font-weight: 400;\">\n<p style=\"font-weight: 400;\">\n<p><strong><\/strong><\/p>\n<p>[\/et_pb_text][\/et_pb_column][et_pb_column type=&#8220;1_2&#8243; _builder_version=&#8220;3.22.7&#8243;][et_pb_image src=&#8220;https:\/\/mas-keltereiprodukte.de\/wp-content\/uploads\/2019\/08\/rollex.jpg&#8220; align=&#8220;center&#8220; force_fullwidth=&#8220;on&#8220; _builder_version=&#8220;3.22.7&#8243; custom_margin=&#8220;||0px|||&#8220; custom_padding=&#8220;0px|||||&#8220;][\/et_pb_image][et_pb_text _builder_version=&#8220;3.22.7&#8243;]<\/p>\n<p style=\"text-align: center;\"><strong>Frontansicht<\/strong><\/p>\n<p>[\/et_pb_text][\/et_pb_column][\/et_pb_row][\/et_pb_section][et_pb_section fb_built=&#8220;1&#8243; _builder_version=&#8220;3.22.7&#8243; background_color=&#8220;#f7f7f7&#8243; custom_padding=&#8220;47px|||||&#8220;][et_pb_row _builder_version=&#8220;3.22.7&#8243;][et_pb_column type=&#8220;1_2&#8243; _builder_version=&#8220;3.22.7&#8243;][et_pb_image src=&#8220;https:\/\/mas-keltereiprodukte.de\/wp-content\/uploads\/2019\/08\/rollex_abmessungen.png&#8220; _builder_version=&#8220;3.22.7&#8243;][\/et_pb_image][et_pb_text _builder_version=&#8220;3.22.7&#8243; custom_margin=&#8220;-36px|||||&#8220; custom_padding=&#8220;5px||7px|||&#8220;]<\/p>\n<p style=\"text-align: center;\"><strong>Abmessungen Rollex<\/strong><\/p>\n<p>[\/et_pb_text][\/et_pb_column][et_pb_column type=&#8220;1_2&#8243; _builder_version=&#8220;3.22.7&#8243;][et_pb_text _builder_version=&#8220;3.22.7&#8243; custom_margin=&#8220;-4px|||||&#8220; custom_padding=&#8220;19px|||||&#8220;]<\/p>\n<p>Rolltec ist auf einem robusten, h\u00f6henverstellbarem Edelstahlgestell montiert das sich so leicht an die vorhandene Anlage anpassen l\u00e4sst. Vier Schwenkrollen mit Bremse erleichtern den Standortwechsel und ein Wegstellen wenn die Maschine nicht gebraucht wird.<\/p>\n<p><span style=\"font-size: 14px;\">Der Edelstahlschalpult erlaubt es die Frequenz der Schwingungen und die Geschwindigkeit der Sortierrollen unabh\u00e4ngig voneinander einzustellen.<\/span><\/p>\n<p><span style=\"font-size: 14px;\">Anschlusswert : 0,75 kW &#8211;\u00a0<\/span><span style=\"font-size: 14px;\">Durchsatz : 1 bis 25 Tonnen\/h<\/span><\/p>\n<p>[\/et_pb_text][et_pb_button button_url=&#8220;\/wp-content\/uploads\/2019\/08\/mas_rollensortierer.pdf&#8220; button_text=&#8220;Produktblatt herunterladen&#8220; button_alignment=&#8220;center&#8220; _builder_version=&#8220;3.22.7&#8243; custom_button=&#8220;on&#8220; button_text_size=&#8220;16px&#8220; button_text_color=&#8220;#ff9000&#8243; button_font=&#8220;||||||||&#8220;][\/et_pb_button][\/et_pb_column][\/et_pb_row][\/et_pb_section][et_pb_section fb_built=&#8220;1&#8243; _builder_version=&#8220;3.22.7&#8243; background_color=&#8220;#f7f7f7&#8243;][et_pb_row _builder_version=&#8220;3.22.7&#8243;][et_pb_column type=&#8220;4_4&#8243; _builder_version=&#8220;3.22.7&#8243;][et_pb_text _builder_version=&#8220;3.22.7&#8243;]<\/p>\n<h1 style=\"text-align: center;\">Kontaktieren Sie uns<\/h1>\n<p>[\/et_pb_text][et_pb_button button_text=&#8220;Anfrage &#8220; button_alignment=&#8220;center&#8220; _builder_version=&#8220;3.22.7&#8243; custom_button=&#8220;on&#8220; button_text_size=&#8220;18px&#8220; button_text_color=&#8220;#ffffff&#8220; button_bg_color=&#8220;#ff9000&#8243; button_border_width=&#8220;1px&#8220; button_font=&#8220;||||||||&#8220;][\/et_pb_button][\/et_pb_column][\/et_pb_row][\/et_pb_section] <\/p>\n<p>Do you want to pay an academic essay through an expert website? If so, you have arrived at the correct place. PayForEssay is a twelve-year established company which <a href=\"https:\/\/www.jpost.com\/special-content\/choosing-essay-writing-service-companies-675815\">https:\/\/www.jpost.com\/special-content\/choosing-essay-writing-service-companies-675815<\/a> has assisted numerous generations of students and written over 200,000 pieces. Nearly every third of their clients are repeat clients. Their writers are proficient and extremely fast. They also provide the most excellent customer service. PayForEssay can deliver your papers with confidence.<\/p>\n","protected":false},"excerpt":{"rendered":"<p>Rollensortierer &#8222;Rolltec&#8220; Rolltec ist das Ergebnis der konsequenten Weiterentwicklung des Rollensortierers. Der optimale Rollenabstand der zwei aufeinander folgenden Sortierstrecken wird einfach und pr\u00e4zise, auch bei laufender Maschine, mit einem einzigen Handgriff justiert. Auf der ersten Sortierstrecke werden kleine Fremdk\u00f6rper, Ungeziefer, Kerne, besch\u00e4digte oder zu kleine Beeren ausgesondert. Auch der freie Saft wird hier getrennt und [&hellip;]<\/p>\n","protected":false},"author":1,"featured_media":0,"parent":0,"menu_order":0,"comment_status":"closed","ping_status":"closed","template":"","meta":{"_et_pb_use_builder":"on","_et_pb_old_content":"","_et_gb_content_width":"","footnotes":""},"class_list":["post-251","page","type-page","status-publish","hentry"],"yoast_head":"<!-- This site is optimized with the Yoast SEO plugin v27.4 - https:\/\/yoast.com\/product\/yoast-seo-wordpress\/ -->\n<title>Rollensortierer - Weinpressen und Keltereianlagen - M.A.S. Keltereiprodukte GMBH<\/title>\n<meta name=\"robots\" content=\"index, follow, max-snippet:-1, max-image-preview:large, max-video-preview:-1\" \/>\n<link rel=\"canonical\" href=\"https:\/\/mas-keltereiprodukte.de\/en\/rollensortierer\/\" \/>\n<meta property=\"og:locale\" content=\"en_GB\" \/>\n<meta property=\"og:type\" content=\"article\" \/>\n<meta property=\"og:title\" content=\"Rollensortierer - Weinpressen und Keltereianlagen - M.A.S. Keltereiprodukte GMBH\" \/>\n<meta property=\"og:description\" content=\"Rollensortierer &quot;Rolltec&quot; Rolltec ist das Ergebnis der konsequenten Weiterentwicklung des Rollensortierers. Der optimale Rollenabstand der zwei aufeinander folgenden Sortierstrecken wird einfach und pr\u00e4zise, auch bei laufender Maschine, mit einem einzigen Handgriff justiert. Auf der ersten Sortierstrecke werden kleine Fremdk\u00f6rper, Ungeziefer, Kerne, besch\u00e4digte oder zu kleine Beeren ausgesondert. Auch der freie Saft wird hier getrennt und [&hellip;]\" \/>\n<meta property=\"og:url\" content=\"https:\/\/mas-keltereiprodukte.de\/en\/rollensortierer\/\" \/>\n<meta property=\"og:site_name\" content=\"Weinpressen und Keltereianlagen - M.A.S. Keltereiprodukte GMBH\" \/>\n<meta property=\"article:modified_time\" content=\"2022-06-08T15:39:27+00:00\" \/>\n<meta name=\"twitter:card\" content=\"summary_large_image\" \/>\n<meta name=\"twitter:label1\" content=\"Estimated reading time\" \/>\n\t<meta name=\"twitter:data1\" content=\"3 minutes\" \/>\n<script type=\"application\/ld+json\" class=\"yoast-schema-graph\">{\"@context\":\"https:\\\/\\\/schema.org\",\"@graph\":[{\"@type\":\"WebPage\",\"@id\":\"https:\\\/\\\/mas-keltereiprodukte.de\\\/rollensortierer\\\/\",\"url\":\"https:\\\/\\\/mas-keltereiprodukte.de\\\/rollensortierer\\\/\",\"name\":\"Rollensortierer - Weinpressen und Keltereianlagen - M.A.S. Keltereiprodukte GMBH\",\"isPartOf\":{\"@id\":\"https:\\\/\\\/mas-keltereiprodukte.de\\\/#website\"},\"datePublished\":\"2019-08-06T07:01:53+00:00\",\"dateModified\":\"2022-06-08T15:39:27+00:00\",\"breadcrumb\":{\"@id\":\"https:\\\/\\\/mas-keltereiprodukte.de\\\/rollensortierer\\\/#breadcrumb\"},\"inLanguage\":\"en-GB\",\"potentialAction\":[{\"@type\":\"ReadAction\",\"target\":[\"https:\\\/\\\/mas-keltereiprodukte.de\\\/rollensortierer\\\/\"]}]},{\"@type\":\"BreadcrumbList\",\"@id\":\"https:\\\/\\\/mas-keltereiprodukte.de\\\/rollensortierer\\\/#breadcrumb\",\"itemListElement\":[{\"@type\":\"ListItem\",\"position\":1,\"name\":\"Startseite\",\"item\":\"https:\\\/\\\/mas-keltereiprodukte.de\\\/\"},{\"@type\":\"ListItem\",\"position\":2,\"name\":\"Rollensortierer\"}]},{\"@type\":\"WebSite\",\"@id\":\"https:\\\/\\\/mas-keltereiprodukte.de\\\/#website\",\"url\":\"https:\\\/\\\/mas-keltereiprodukte.de\\\/\",\"name\":\"Weinpressen und Keltereianlagen - M.A.S. Keltereiprodukte GMBH\",\"description\":\"\",\"potentialAction\":[{\"@type\":\"SearchAction\",\"target\":{\"@type\":\"EntryPoint\",\"urlTemplate\":\"https:\\\/\\\/mas-keltereiprodukte.de\\\/?s={search_term_string}\"},\"query-input\":{\"@type\":\"PropertyValueSpecification\",\"valueRequired\":true,\"valueName\":\"search_term_string\"}}],\"inLanguage\":\"en-GB\"}]}<\/script>\n<!-- \/ Yoast SEO plugin. -->","yoast_head_json":{"title":"Rollensortierer - Weinpressen und Keltereianlagen - M.A.S. Keltereiprodukte GMBH","robots":{"index":"index","follow":"follow","max-snippet":"max-snippet:-1","max-image-preview":"max-image-preview:large","max-video-preview":"max-video-preview:-1"},"canonical":"https:\/\/mas-keltereiprodukte.de\/en\/rollensortierer\/","og_locale":"en_GB","og_type":"article","og_title":"Rollensortierer - Weinpressen und Keltereianlagen - M.A.S. Keltereiprodukte GMBH","og_description":"Rollensortierer \"Rolltec\" Rolltec ist das Ergebnis der konsequenten Weiterentwicklung des Rollensortierers. Der optimale Rollenabstand der zwei aufeinander folgenden Sortierstrecken wird einfach und pr\u00e4zise, auch bei laufender Maschine, mit einem einzigen Handgriff justiert. Auf der ersten Sortierstrecke werden kleine Fremdk\u00f6rper, Ungeziefer, Kerne, besch\u00e4digte oder zu kleine Beeren ausgesondert. Auch der freie Saft wird hier getrennt und [&hellip;]","og_url":"https:\/\/mas-keltereiprodukte.de\/en\/rollensortierer\/","og_site_name":"Weinpressen und Keltereianlagen - M.A.S. Keltereiprodukte GMBH","article_modified_time":"2022-06-08T15:39:27+00:00","twitter_card":"summary_large_image","twitter_misc":{"Estimated reading time":"3 minutes"},"schema":{"@context":"https:\/\/schema.org","@graph":[{"@type":"WebPage","@id":"https:\/\/mas-keltereiprodukte.de\/rollensortierer\/","url":"https:\/\/mas-keltereiprodukte.de\/rollensortierer\/","name":"Rollensortierer - Weinpressen und Keltereianlagen - M.A.S. Keltereiprodukte GMBH","isPartOf":{"@id":"https:\/\/mas-keltereiprodukte.de\/#website"},"datePublished":"2019-08-06T07:01:53+00:00","dateModified":"2022-06-08T15:39:27+00:00","breadcrumb":{"@id":"https:\/\/mas-keltereiprodukte.de\/rollensortierer\/#breadcrumb"},"inLanguage":"en-GB","potentialAction":[{"@type":"ReadAction","target":["https:\/\/mas-keltereiprodukte.de\/rollensortierer\/"]}]},{"@type":"BreadcrumbList","@id":"https:\/\/mas-keltereiprodukte.de\/rollensortierer\/#breadcrumb","itemListElement":[{"@type":"ListItem","position":1,"name":"Startseite","item":"https:\/\/mas-keltereiprodukte.de\/"},{"@type":"ListItem","position":2,"name":"Rollensortierer"}]},{"@type":"WebSite","@id":"https:\/\/mas-keltereiprodukte.de\/#website","url":"https:\/\/mas-keltereiprodukte.de\/","name":"Weinpressen und Keltereianlagen - M.A.S. Keltereiprodukte GMBH","description":"","potentialAction":[{"@type":"SearchAction","target":{"@type":"EntryPoint","urlTemplate":"https:\/\/mas-keltereiprodukte.de\/?s={search_term_string}"},"query-input":{"@type":"PropertyValueSpecification","valueRequired":true,"valueName":"search_term_string"}}],"inLanguage":"en-GB"}]}},"_links":{"self":[{"href":"https:\/\/mas-keltereiprodukte.de\/en\/wp-json\/wp\/v2\/pages\/251","targetHints":{"allow":["GET"]}}],"collection":[{"href":"https:\/\/mas-keltereiprodukte.de\/en\/wp-json\/wp\/v2\/pages"}],"about":[{"href":"https:\/\/mas-keltereiprodukte.de\/en\/wp-json\/wp\/v2\/types\/page"}],"author":[{"embeddable":true,"href":"https:\/\/mas-keltereiprodukte.de\/en\/wp-json\/wp\/v2\/users\/1"}],"replies":[{"embeddable":true,"href":"https:\/\/mas-keltereiprodukte.de\/en\/wp-json\/wp\/v2\/comments?post=251"}],"version-history":[{"count":6,"href":"https:\/\/mas-keltereiprodukte.de\/en\/wp-json\/wp\/v2\/pages\/251\/revisions"}],"predecessor-version":[{"id":1187,"href":"https:\/\/mas-keltereiprodukte.de\/en\/wp-json\/wp\/v2\/pages\/251\/revisions\/1187"}],"wp:attachment":[{"href":"https:\/\/mas-keltereiprodukte.de\/en\/wp-json\/wp\/v2\/media?parent=251"}],"curies":[{"name":"wp","href":"https:\/\/api.w.org\/{rel}","templated":true}]}}