{"id":2134,"date":"2024-11-25T15:11:36","date_gmt":"2024-11-25T14:11:36","guid":{"rendered":"https:\/\/mas-keltereiprodukte.de\/?page_id=2134"},"modified":"2024-12-05T10:35:09","modified_gmt":"2024-12-05T09:35:09","slug":"ersatzteile","status":"publish","type":"page","link":"https:\/\/mas-keltereiprodukte.de\/en\/ersatzteile\/","title":{"rendered":"Ersatzteile"},"content":{"rendered":"<p>[et_pb_section fb_built=&#8220;1&#8243; _builder_version=&#8220;4.27.2&#8243; _module_preset=&#8220;default&#8220; global_colors_info=&#8220;{}&#8220;][et_pb_row _builder_version=&#8220;4.27.2&#8243; _module_preset=&#8220;default&#8220; global_colors_info=&#8220;{}&#8220;][et_pb_column type=&#8220;4_4&#8243; _builder_version=&#8220;4.27.2&#8243; _module_preset=&#8220;default&#8220; global_colors_info=&#8220;{}&#8220;][et_pb_text _builder_version=&#8220;4.27.3&#8243; _module_preset=&#8220;default&#8220; global_colors_info=&#8220;{}&#8220;]<\/p>\n<h2 style=\"text-align: center;\"><strong>Ersatzteile<\/strong><\/h2>\n<p>[\/et_pb_text][et_pb_text _builder_version=&#8220;4.27.3&#8243; _module_preset=&#8220;default&#8220; global_colors_info=&#8220;{}&#8220;]<\/p>\n<p>In unserer Ersatzteilrubrik finden Sie alles, was Sie ben\u00f6tigen, um Ihre Produkte langfristig in einwandfreiem Zustand zu halten. Wir bieten eine Vielzahl hochwertiger Ersatzteile, die speziell auf unsere Produkte abgestimmt sind \u2013 von praktischen Zubeh\u00f6rteilen bis hin zu passgenauen Einzelkomponenten.<\/p>\n<p>Unsere Ersatzteile sind langlebig, zuverl\u00e4ssig und einfach zu handhaben, sodass Sie Ihre Artikel schnell und unkompliziert wieder funktionst\u00fcchtig machen k\u00f6nnen. Egal, ob Sie ein besch\u00e4digtes Teil ersetzen oder einfach vorsorgen m\u00f6chten \u2013 bei uns finden Sie die passende L\u00f6sung. Ihr Produkt bleibt dadurch nachhaltig und einsatzbereit f\u00fcr den Alltag.<\/p>\n<p>[\/et_pb_text][\/et_pb_column][\/et_pb_row][et_pb_row _builder_version=&#8220;4.27.3&#8243; _module_preset=&#8220;default&#8220; global_colors_info=&#8220;{}&#8220;][et_pb_column type=&#8220;4_4&#8243; _builder_version=&#8220;4.27.3&#8243; _module_preset=&#8220;default&#8220; global_colors_info=&#8220;{}&#8220;][et_pb_gallery gallery_ids=&#8220;2077,2064,2065,2066,2067,2068,2069,2070,2071,2072,2073,2075,2076,2063&#8243; posts_number=&#8220;20&#8243; _builder_version=&#8220;4.27.4&#8243; _module_preset=&#8220;default&#8220; hover_enabled=&#8220;0&#8243; global_colors_info=&#8220;{}&#8220; sticky_enabled=&#8220;0&#8243;][\/et_pb_gallery][\/et_pb_column][\/et_pb_row][\/et_pb_section]<\/p>\n","protected":false},"excerpt":{"rendered":"<p>ErsatzteileIn unserer Ersatzteilrubrik finden Sie alles, was Sie ben\u00f6tigen, um Ihre Produkte langfristig in einwandfreiem Zustand zu halten. Wir bieten eine Vielzahl hochwertiger Ersatzteile, die speziell auf unsere Produkte abgestimmt sind \u2013 von praktischen Zubeh\u00f6rteilen bis hin zu passgenauen Einzelkomponenten. Unsere Ersatzteile sind langlebig, zuverl\u00e4ssig und einfach zu handhaben, sodass Sie Ihre Artikel schnell und [&hellip;]<\/p>\n","protected":false},"author":1,"featured_media":0,"parent":0,"menu_order":0,"comment_status":"closed","ping_status":"closed","template":"","meta":{"_et_pb_use_builder":"on","_et_pb_old_content":"","_et_gb_content_width":"","footnotes":""},"class_list":["post-2134","page","type-page","status-publish","hentry"],"yoast_head":"<!-- This site is optimized with the Yoast SEO plugin v27.4 - https:\/\/yoast.com\/product\/yoast-seo-wordpress\/ -->\n<title>Ersatzteile - Weinpressen und Keltereianlagen - M.A.S. Keltereiprodukte GMBH<\/title>\n<meta name=\"robots\" content=\"index, follow, max-snippet:-1, max-image-preview:large, max-video-preview:-1\" \/>\n<link rel=\"canonical\" href=\"https:\/\/mas-keltereiprodukte.de\/en\/ersatzteile\/\" \/>\n<meta property=\"og:locale\" content=\"en_GB\" \/>\n<meta property=\"og:type\" content=\"article\" \/>\n<meta property=\"og:title\" content=\"Ersatzteile - Weinpressen und Keltereianlagen - M.A.S. Keltereiprodukte GMBH\" \/>\n<meta property=\"og:description\" content=\"ErsatzteileIn unserer Ersatzteilrubrik finden Sie alles, was Sie ben\u00f6tigen, um Ihre Produkte langfristig in einwandfreiem Zustand zu halten. Wir bieten eine Vielzahl hochwertiger Ersatzteile, die speziell auf unsere Produkte abgestimmt sind \u2013 von praktischen Zubeh\u00f6rteilen bis hin zu passgenauen Einzelkomponenten. Unsere Ersatzteile sind langlebig, zuverl\u00e4ssig und einfach zu handhaben, sodass Sie Ihre Artikel schnell und [&hellip;]\" \/>\n<meta property=\"og:url\" content=\"https:\/\/mas-keltereiprodukte.de\/en\/ersatzteile\/\" \/>\n<meta property=\"og:site_name\" content=\"Weinpressen und Keltereianlagen - M.A.S. Keltereiprodukte GMBH\" \/>\n<meta property=\"article:modified_time\" content=\"2024-12-05T09:35:09+00:00\" \/>\n<meta name=\"twitter:card\" content=\"summary_large_image\" \/>\n<script type=\"application\/ld+json\" class=\"yoast-schema-graph\">{\"@context\":\"https:\\\/\\\/schema.org\",\"@graph\":[{\"@type\":\"WebPage\",\"@id\":\"https:\\\/\\\/mas-keltereiprodukte.de\\\/ersatzteile\\\/\",\"url\":\"https:\\\/\\\/mas-keltereiprodukte.de\\\/ersatzteile\\\/\",\"name\":\"Ersatzteile - Weinpressen und Keltereianlagen - M.A.S. Keltereiprodukte GMBH\",\"isPartOf\":{\"@id\":\"https:\\\/\\\/mas-keltereiprodukte.de\\\/#website\"},\"datePublished\":\"2024-11-25T14:11:36+00:00\",\"dateModified\":\"2024-12-05T09:35:09+00:00\",\"breadcrumb\":{\"@id\":\"https:\\\/\\\/mas-keltereiprodukte.de\\\/ersatzteile\\\/#breadcrumb\"},\"inLanguage\":\"en-GB\",\"potentialAction\":[{\"@type\":\"ReadAction\",\"target\":[\"https:\\\/\\\/mas-keltereiprodukte.de\\\/ersatzteile\\\/\"]}]},{\"@type\":\"BreadcrumbList\",\"@id\":\"https:\\\/\\\/mas-keltereiprodukte.de\\\/ersatzteile\\\/#breadcrumb\",\"itemListElement\":[{\"@type\":\"ListItem\",\"position\":1,\"name\":\"Startseite\",\"item\":\"https:\\\/\\\/mas-keltereiprodukte.de\\\/\"},{\"@type\":\"ListItem\",\"position\":2,\"name\":\"Ersatzteile\"}]},{\"@type\":\"WebSite\",\"@id\":\"https:\\\/\\\/mas-keltereiprodukte.de\\\/#website\",\"url\":\"https:\\\/\\\/mas-keltereiprodukte.de\\\/\",\"name\":\"Weinpressen und Keltereianlagen - M.A.S. Keltereiprodukte GMBH\",\"description\":\"\",\"potentialAction\":[{\"@type\":\"SearchAction\",\"target\":{\"@type\":\"EntryPoint\",\"urlTemplate\":\"https:\\\/\\\/mas-keltereiprodukte.de\\\/?s={search_term_string}\"},\"query-input\":{\"@type\":\"PropertyValueSpecification\",\"valueRequired\":true,\"valueName\":\"search_term_string\"}}],\"inLanguage\":\"en-GB\"}]}<\/script>\n<!-- \/ Yoast SEO plugin. -->","yoast_head_json":{"title":"Ersatzteile - Weinpressen und Keltereianlagen - M.A.S. Keltereiprodukte GMBH","robots":{"index":"index","follow":"follow","max-snippet":"max-snippet:-1","max-image-preview":"max-image-preview:large","max-video-preview":"max-video-preview:-1"},"canonical":"https:\/\/mas-keltereiprodukte.de\/en\/ersatzteile\/","og_locale":"en_GB","og_type":"article","og_title":"Ersatzteile - Weinpressen und Keltereianlagen - M.A.S. Keltereiprodukte GMBH","og_description":"ErsatzteileIn unserer Ersatzteilrubrik finden Sie alles, was Sie ben\u00f6tigen, um Ihre Produkte langfristig in einwandfreiem Zustand zu halten. Wir bieten eine Vielzahl hochwertiger Ersatzteile, die speziell auf unsere Produkte abgestimmt sind \u2013 von praktischen Zubeh\u00f6rteilen bis hin zu passgenauen Einzelkomponenten. Unsere Ersatzteile sind langlebig, zuverl\u00e4ssig und einfach zu handhaben, sodass Sie Ihre Artikel schnell und [&hellip;]","og_url":"https:\/\/mas-keltereiprodukte.de\/en\/ersatzteile\/","og_site_name":"Weinpressen und Keltereianlagen - M.A.S. Keltereiprodukte GMBH","article_modified_time":"2024-12-05T09:35:09+00:00","twitter_card":"summary_large_image","schema":{"@context":"https:\/\/schema.org","@graph":[{"@type":"WebPage","@id":"https:\/\/mas-keltereiprodukte.de\/ersatzteile\/","url":"https:\/\/mas-keltereiprodukte.de\/ersatzteile\/","name":"Ersatzteile - Weinpressen und Keltereianlagen - M.A.S. Keltereiprodukte GMBH","isPartOf":{"@id":"https:\/\/mas-keltereiprodukte.de\/#website"},"datePublished":"2024-11-25T14:11:36+00:00","dateModified":"2024-12-05T09:35:09+00:00","breadcrumb":{"@id":"https:\/\/mas-keltereiprodukte.de\/ersatzteile\/#breadcrumb"},"inLanguage":"en-GB","potentialAction":[{"@type":"ReadAction","target":["https:\/\/mas-keltereiprodukte.de\/ersatzteile\/"]}]},{"@type":"BreadcrumbList","@id":"https:\/\/mas-keltereiprodukte.de\/ersatzteile\/#breadcrumb","itemListElement":[{"@type":"ListItem","position":1,"name":"Startseite","item":"https:\/\/mas-keltereiprodukte.de\/"},{"@type":"ListItem","position":2,"name":"Ersatzteile"}]},{"@type":"WebSite","@id":"https:\/\/mas-keltereiprodukte.de\/#website","url":"https:\/\/mas-keltereiprodukte.de\/","name":"Weinpressen und Keltereianlagen - M.A.S. Keltereiprodukte GMBH","description":"","potentialAction":[{"@type":"SearchAction","target":{"@type":"EntryPoint","urlTemplate":"https:\/\/mas-keltereiprodukte.de\/?s={search_term_string}"},"query-input":{"@type":"PropertyValueSpecification","valueRequired":true,"valueName":"search_term_string"}}],"inLanguage":"en-GB"}]}},"_links":{"self":[{"href":"https:\/\/mas-keltereiprodukte.de\/en\/wp-json\/wp\/v2\/pages\/2134","targetHints":{"allow":["GET"]}}],"collection":[{"href":"https:\/\/mas-keltereiprodukte.de\/en\/wp-json\/wp\/v2\/pages"}],"about":[{"href":"https:\/\/mas-keltereiprodukte.de\/en\/wp-json\/wp\/v2\/types\/page"}],"author":[{"embeddable":true,"href":"https:\/\/mas-keltereiprodukte.de\/en\/wp-json\/wp\/v2\/users\/1"}],"replies":[{"embeddable":true,"href":"https:\/\/mas-keltereiprodukte.de\/en\/wp-json\/wp\/v2\/comments?post=2134"}],"version-history":[{"count":4,"href":"https:\/\/mas-keltereiprodukte.de\/en\/wp-json\/wp\/v2\/pages\/2134\/revisions"}],"predecessor-version":[{"id":2162,"href":"https:\/\/mas-keltereiprodukte.de\/en\/wp-json\/wp\/v2\/pages\/2134\/revisions\/2162"}],"wp:attachment":[{"href":"https:\/\/mas-keltereiprodukte.de\/en\/wp-json\/wp\/v2\/media?parent=2134"}],"curies":[{"name":"wp","href":"https:\/\/api.w.org\/{rel}","templated":true}]}}