{"id":201,"date":"2019-07-08T11:11:45","date_gmt":"2019-07-08T09:11:45","guid":{"rendered":"http:\/\/mas.visualmedia7.alfahosting.org\/?page_id=201"},"modified":"2024-10-22T14:11:53","modified_gmt":"2024-10-22T12:11:53","slug":"saftpumpen","status":"publish","type":"page","link":"https:\/\/mas-keltereiprodukte.de\/en\/saftpumpen\/","title":{"rendered":"Juice pumps"},"content":{"rendered":"<p>[et_pb_section fb_built=&#8220;1&#8243; _builder_version=&#8220;4.16&#8243; background_color=&#8220;#f2f2f2&#8243; custom_padding=&#8220;||34px|||&#8220; global_colors_info=&#8220;{}&#8220;][et_pb_row _builder_version=&#8220;4.16&#8243; global_colors_info=&#8220;{}&#8220;][et_pb_column type=&#8220;4_4&#8243; _builder_version=&#8220;4.16&#8243; custom_padding=&#8220;|||&#8220; global_colors_info=&#8220;{}&#8220; custom_padding__hover=&#8220;|||&#8220;][et_pb_text _builder_version=&#8220;4.16&#8243; global_colors_info=&#8220;{}&#8220;]<\/p>\n<h1 style=\"text-align: center;\"><strong>Saftpumpen<\/strong><\/h1>\n<p>[\/et_pb_text][et_pb_divider color=&#8220;#fe4701&#8243; divider_weight=&#8220;2px&#8220; _builder_version=&#8220;4.16&#8243; width=&#8220;50%&#8220; module_alignment=&#8220;center&#8220; global_colors_info=&#8220;{}&#8220;][\/et_pb_divider][\/et_pb_column][\/et_pb_row][\/et_pb_section][et_pb_section fb_built=&#8220;1&#8243; _builder_version=&#8220;4.16&#8243; custom_margin=&#8220;||34px|||&#8220; custom_padding=&#8220;||2px|||&#8220; global_colors_info=&#8220;{}&#8220;][et_pb_row _builder_version=&#8220;4.16&#8243; _module_preset=&#8220;default&#8220; custom_padding=&#8220;||4px|||&#8220; global_colors_info=&#8220;{}&#8220;][et_pb_column type=&#8220;4_4&#8243; _builder_version=&#8220;4.16&#8243; _module_preset=&#8220;default&#8220; global_colors_info=&#8220;{}&#8220;][et_pb_text _builder_version=&#8220;4.16&#8243; _module_preset=&#8220;default&#8220; global_colors_info=&#8220;{}&#8220;]<\/p>\n<h2>Drehkolbenpumpen<\/h2>\n<p>[\/et_pb_text][et_pb_text _builder_version=&#8220;4.16&#8243; _module_preset=&#8220;default&#8220; global_colors_info=&#8220;{}&#8220;]<\/p>\n<h3>Doppelt<\/h3>\n<p>[\/et_pb_text][\/et_pb_column][\/et_pb_row][et_pb_row column_structure=&#8220;1_3,1_3,1_3&#8243; _builder_version=&#8220;4.16&#8243; _module_preset=&#8220;default&#8220; global_colors_info=&#8220;{}&#8220;][et_pb_column type=&#8220;1_3&#8243; _builder_version=&#8220;4.16&#8243; _module_preset=&#8220;default&#8220; global_colors_info=&#8220;{}&#8220;][et_pb_image src=&#8220;https:\/\/mas-keltereiprodukte.de\/wp-content\/uploads\/2021\/05\/doppel-drehkolben-seite.jpg&#8220; title_text=&#8220;doppel-drehkolben-seite&#8220; _builder_version=&#8220;4.16&#8243; _module_preset=&#8220;default&#8220; global_colors_info=&#8220;{}&#8220;][\/et_pb_image][\/et_pb_column][et_pb_column type=&#8220;1_3&#8243; _builder_version=&#8220;4.16&#8243; _module_preset=&#8220;default&#8220; global_colors_info=&#8220;{}&#8220;][et_pb_image src=&#8220;https:\/\/mas-keltereiprodukte.de\/wp-content\/uploads\/2021\/05\/doppelter-drehkolben.jpg&#8220; title_text=&#8220;doppelter-drehkolben&#8220; _builder_version=&#8220;4.16&#8243; _module_preset=&#8220;default&#8220; global_colors_info=&#8220;{}&#8220;][\/et_pb_image][\/et_pb_column][et_pb_column type=&#8220;1_3&#8243; _builder_version=&#8220;4.16&#8243; _module_preset=&#8220;default&#8220; global_colors_info=&#8220;{}&#8220;][et_pb_image src=&#8220;https:\/\/mas-keltereiprodukte.de\/wp-content\/uploads\/2021\/05\/doppel-drehkolben-front.jpg&#8220; title_text=&#8220;doppel-drehkolben-front&#8220; _builder_version=&#8220;4.16&#8243; _module_preset=&#8220;default&#8220; global_colors_info=&#8220;{}&#8220;][\/et_pb_image][\/et_pb_column][\/et_pb_row][et_pb_row column_structure=&#8220;1_2,1_2&#8243; _builder_version=&#8220;4.16&#8243; custom_padding=&#8220;4px||0px|||&#8220; global_colors_info=&#8220;{}&#8220;][et_pb_column type=&#8220;1_2&#8243; _builder_version=&#8220;4.16&#8243; _module_preset=&#8220;default&#8220; global_colors_info=&#8220;{}&#8220;][et_pb_text _builder_version=&#8220;4.16&#8243; custom_padding=&#8220;||0px|||&#8220; global_colors_info=&#8220;{}&#8220;]<\/p>\n<h3><\/h3>\n<p><strong>Eigenschaften<\/strong><\/p>\n<ul>\n<li>Gro\u00dfer Durchsatzbereich, je nach Modell Volumenstr\u00f6me von 20 bis \u00fcber 1000 hl\/Stunde<\/li>\n<li>Drehkolbenpumpe mit Kolben aus hartem Nitril-Kautschuk, in Kontakt mit Lebensmitteln vielseitig einsetzbar<\/li>\n<li>Sehr niedrige Drehzahl (max.: 500 U\/min)<\/li>\n<li>Pumpengeh\u00e4use aus Edelstahl 316L<\/li>\n<li>Robust<\/li>\n<li>L\u00e4sst feste Bestandteile passieren<\/li>\n<li>Sehr geringe Sauerstoffaufnahme<\/li>\n<li>Selbstansaugend: 8 Meter bei trockener Pumpe<\/li>\n<li>Elektronischer Drehzahlregler<\/li>\n<li>Sehr leiser Betrieb<\/li>\n<li>Sehr hohe Druckbest\u00e4ndigkeit (bis zu 10 bar, je nach Modell) und Temperaturfestigkeit (-10\u00b0C, +90\u00b0C)<\/li>\n<li>Einfache Wartung und Reinigung<\/li>\n<\/ul>\n<p>[\/et_pb_text][\/et_pb_column][et_pb_column type=&#8220;1_2&#8243; _builder_version=&#8220;4.16&#8243; custom_padding=&#8220;|||&#8220; global_colors_info=&#8220;{}&#8220; custom_padding__hover=&#8220;|||&#8220;][et_pb_text _builder_version=&#8220;4.21.0&#8243; _module_preset=&#8220;default&#8220; global_colors_info=&#8220;{}&#8220;]<\/p>\n<p><strong style=\"font-size: 14px;\">Elektrische Ausr\u00fcstungen<\/strong><\/p>\n<ul>\n<li>Drehrichtungsumschalter<\/li>\n<li>Schutzschalter<\/li>\n<li>10-m-Kabel<\/li>\n<li>Elektroanschluss PCE oder HYPRA in CEE-Ausf\u00fchrung<\/li>\n<\/ul>\n<p><strong>Optionen<\/strong><\/p>\n<ul>\n<li>Funkfernsteuerung mit Anzeige des Volumenstroms<\/li>\n<li>Druckregler<\/li>\n<li>Druckschalter f\u00fcr Sicherheit und F\u00fcllstand<\/li>\n<li>Fl\u00fcssigkeitsdetektor zum Feststellen fehlender Fl\u00fcssigkeit<\/li>\n<li>Integrierter Durchflussmesser<\/li>\n<li>Touchscreen<\/li>\n<li>Motorisiertes oder pneumatisch gesteuertes Ventil<\/li>\n<\/ul>\n<p>[\/et_pb_text][\/et_pb_column][\/et_pb_row][\/et_pb_section][et_pb_section fb_built=&#8220;1&#8243; _builder_version=&#8220;4.16&#8243; background_color=&#8220;#f7f7f7&#8243; custom_padding=&#8220;0px|||||&#8220; global_colors_info=&#8220;{}&#8220;][et_pb_row column_structure=&#8220;3_5,2_5&#8243; _builder_version=&#8220;4.16&#8243; custom_margin=&#8220;-6px|auto||auto||&#8220; global_colors_info=&#8220;{}&#8220;][et_pb_column type=&#8220;3_5&#8243; _builder_version=&#8220;4.16&#8243; custom_padding=&#8220;|||&#8220; global_colors_info=&#8220;{}&#8220; custom_padding__hover=&#8220;|||&#8220;][et_pb_text _builder_version=&#8220;4.16&#8243; _module_preset=&#8220;default&#8220; global_colors_info=&#8220;{}&#8220;]<\/p>\n<h3>Einfach (Impeller)<\/h3>\n<p>[\/et_pb_text][et_pb_text _builder_version=&#8220;4.16&#8243; custom_padding=&#8220;||0px|||&#8220; global_colors_info=&#8220;{}&#8220;]<\/p>\n<p><strong>Eigenschaften<\/strong><\/p>\n<ul>\n<li>Impellerpumpe<\/li>\n<li>Reduzierte Drehzahl<\/li>\n<li>Pumpengeh\u00e4use aus 316L Edelstahl-Feinguss<\/li>\n<li>Pumpe auf Edelstahl-Wagen<\/li>\n<li>2-Gang-Getriebemotor<\/li>\n<li>Gleitringdichtung aus Graphit\/Steatit<\/li>\n<li>Neopren-Impeller<\/li>\n<\/ul>\n<p><strong>Elektrische Ausr\u00fcstungen<\/strong><\/p>\n<ul>\n<li>Drehrichtungsumschalter<\/li>\n<li>Schutzschalter<\/li>\n<li>10-m-Kabel<\/li>\n<li>Elektroanschluss PCE oder HYPRA in CEE-Ausf\u00fchrung<\/li>\n<\/ul>\n<p>[\/et_pb_text][\/et_pb_column][et_pb_column type=&#8220;2_5&#8243; _builder_version=&#8220;4.16&#8243; custom_padding=&#8220;|||&#8220; global_colors_info=&#8220;{}&#8220; custom_padding__hover=&#8220;|||&#8220;][et_pb_text _builder_version=&#8220;4.16&#8243; custom_padding=&#8220;||0px|||&#8220; global_colors_info=&#8220;{}&#8220;]<\/p>\n<p><strong>Optionen<\/strong><\/p>\n<ul>\n<li>Drehzahlregler<\/li>\n<li>Funkfernsteuerung<\/li>\n<li>Gerade Verbinder<\/li>\n<li>DIN-Gewinde<\/li>\n<li>Druckregler<\/li>\n<li>Elektronischer Druckschalter<\/li>\n<li>Bypass-Leitung mit Ventil<\/li>\n<li>4-r\u00e4driger Wagen<\/li>\n<\/ul>\n<p>&nbsp;<\/p>\n<p><strong>Verwendung<\/strong><\/p>\n<ul>\n<li>Remontage (\u00dcberpumpen)<\/li>\n<li>Entkalken<\/li>\n<li>Filtern<\/li>\n<li>Flaschenabf\u00fcllung<\/li>\n<li>Fassabf\u00fcllung<\/li>\n<\/ul>\n<ul><\/ul>\n<p>[\/et_pb_text][\/et_pb_column][\/et_pb_row][\/et_pb_section][et_pb_section fb_built=&#8220;1&#8243; _builder_version=&#8220;4.16&#8243; background_color=&#8220;#ffffff&#8220; custom_padding=&#8220;0px|||||&#8220; global_colors_info=&#8220;{}&#8220;][et_pb_row _builder_version=&#8220;4.16&#8243; _module_preset=&#8220;default&#8220; global_colors_info=&#8220;{}&#8220;][et_pb_column type=&#8220;4_4&#8243; _builder_version=&#8220;4.16&#8243; _module_preset=&#8220;default&#8220; global_colors_info=&#8220;{}&#8220;][et_pb_text _builder_version=&#8220;4.16&#8243; _module_preset=&#8220;default&#8220; global_colors_info=&#8220;{}&#8220;]<\/p>\n<h3>Exzenter<\/h3>\n<p>[\/et_pb_text][\/et_pb_column][\/et_pb_row][et_pb_row column_structure=&#8220;1_3,1_3,1_3&#8243; _builder_version=&#8220;4.16&#8243; _module_preset=&#8220;default&#8220; global_colors_info=&#8220;{}&#8220;][et_pb_column type=&#8220;1_3&#8243; _builder_version=&#8220;4.16&#8243; _module_preset=&#8220;default&#8220; global_colors_info=&#8220;{}&#8220;][et_pb_image src=&#8220;https:\/\/mas-keltereiprodukte.de\/wp-content\/uploads\/2021\/05\/einfache-exzenter-drehkolben-ganz.jpg&#8220; title_text=&#8220;einfache-exzenter-drehkolben-ganz&#8220; _builder_version=&#8220;4.16&#8243; _module_preset=&#8220;default&#8220; global_colors_info=&#8220;{}&#8220;][\/et_pb_image][\/et_pb_column][et_pb_column type=&#8220;1_3&#8243; _builder_version=&#8220;4.16&#8243; _module_preset=&#8220;default&#8220; global_colors_info=&#8220;{}&#8220;][et_pb_image src=&#8220;https:\/\/mas-keltereiprodukte.de\/wp-content\/uploads\/2021\/05\/doppelte-exzenter-drehkolben-zu.jpg&#8220; title_text=&#8220;doppelte-exzenter-drehkolben-zu&#8220; _builder_version=&#8220;4.16&#8243; _module_preset=&#8220;default&#8220; global_colors_info=&#8220;{}&#8220;][\/et_pb_image][\/et_pb_column][et_pb_column type=&#8220;1_3&#8243; _builder_version=&#8220;4.16&#8243; _module_preset=&#8220;default&#8220; global_colors_info=&#8220;{}&#8220;][et_pb_image src=&#8220;https:\/\/mas-keltereiprodukte.de\/wp-content\/uploads\/2021\/05\/Doppelte-Exzenter-drehkolben-offen.jpg&#8220; title_text=&#8220;Doppelte-Exzenter-drehkolben-offen&#8220; _builder_version=&#8220;4.16&#8243; _module_preset=&#8220;default&#8220; global_colors_info=&#8220;{}&#8220;][\/et_pb_image][\/et_pb_column][\/et_pb_row][et_pb_row column_structure=&#8220;3_5,2_5&#8243; _builder_version=&#8220;4.16&#8243; custom_margin=&#8220;-6px|auto||auto||&#8220; global_colors_info=&#8220;{}&#8220;][et_pb_column type=&#8220;3_5&#8243; _builder_version=&#8220;4.16&#8243; custom_padding=&#8220;|||&#8220; global_colors_info=&#8220;{}&#8220; custom_padding__hover=&#8220;|||&#8220;][et_pb_text _builder_version=&#8220;4.16&#8243; custom_padding=&#8220;||0px|||&#8220; global_colors_info=&#8220;{}&#8220;]<\/p>\n<p><strong>Eigenschaften<\/strong><\/p>\n<ul>\n<li>Dank niedriger Drehzahl bleiben Kerne und Fruchtfleisch unbeschadet<\/li>\n<li>Pumpengeh\u00e4use aus Edelstahl 316L<\/li>\n<li>Sehr geringe Sauerstoffaufnahme<\/li>\n<li>Hohes Saugverm\u00f6gen (bis zu 8 Meter bei trockener Pumpe)<\/li>\n<li>Elektronischer Drehzahlregler<\/li>\n<li>Einfache Wartung und Reinigung<\/li>\n<li>Zum Pumpen dickfl\u00fcssiger Medien geeignet<\/li>\n<li>Umlagerung \u00fcber weite Entfernungen, unter Druck<\/li>\n<li>F\u00e4higkeit zum Leeren der Rohrleitungen nach dem Umlagern<\/li>\n<\/ul>\n<ul><\/ul>\n<p>[\/et_pb_text][\/et_pb_column][et_pb_column type=&#8220;2_5&#8243; _builder_version=&#8220;4.16&#8243; custom_padding=&#8220;|||&#8220; global_colors_info=&#8220;{}&#8220; custom_padding__hover=&#8220;|||&#8220;][et_pb_text _builder_version=&#8220;4.21.0&#8243; custom_padding=&#8220;||0px|||&#8220; global_colors_info=&#8220;{}&#8220;]<\/p>\n<p><strong>Optionen<\/strong><\/p>\n<ul>\n<li>Funkfernsteuerung<\/li>\n<li>Druckregler<\/li>\n<li>Druckschalter<\/li>\n<li>Fl\u00fcssigkeitsdetektor zum Feststellen fehlender Fl\u00fcssigkeit<\/li>\n<li>Bypass<\/li>\n<li>Touchscreen<\/li>\n<li>Integrierter Durchflussmesser<\/li>\n<\/ul>\n<p><strong>Verwendung<\/strong><\/p>\n<ul>\n<li>Remontage, Umlagern, Filtern, Fassabf\u00fcllung, Flaschenabf\u00fcllung (entrappte Trauben mit festen Partikeln, Hefen, Moste und Weine)<\/li>\n<\/ul>\n<ul><\/ul>\n<p>[\/et_pb_text][\/et_pb_column][\/et_pb_row][\/et_pb_section][et_pb_section fb_built=&#8220;1&#8243; _builder_version=&#8220;4.16&#8243; background_color=&#8220;#f7f7f7&#8243; global_colors_info=&#8220;{}&#8220;][et_pb_row _builder_version=&#8220;4.16&#8243; global_colors_info=&#8220;{}&#8220;][et_pb_column type=&#8220;4_4&#8243; _builder_version=&#8220;4.16&#8243; custom_padding=&#8220;|||&#8220; global_colors_info=&#8220;{}&#8220; custom_padding__hover=&#8220;|||&#8220;][et_pb_text _builder_version=&#8220;4.16&#8243; global_colors_info=&#8220;{}&#8220;]<\/p>\n<h1 style=\"text-align: center;\">Kontaktieren Sie uns<\/h1>\n<p>[\/et_pb_text][et_pb_button button_text=&#8220;Anfrage &#8220; button_alignment=&#8220;center&#8220; _builder_version=&#8220;4.27.2&#8243; custom_button=&#8220;on&#8220; button_text_size=&#8220;18px&#8220; button_text_color=&#8220;#ffffff&#8220; button_bg_color=&#8220;#ff9000&#8243; button_border_width=&#8220;1px&#8220; button_font=&#8220;||||||||&#8220; hover_enabled=&#8220;0&#8243; global_colors_info=&#8220;{}&#8220; button_url=&#8220;https:\/\/mas-keltereiprodukte.de\/kontakt\/&#8220; sticky_enabled=&#8220;0&#8243;][\/et_pb_button][\/et_pb_column][\/et_pb_row][\/et_pb_section]<\/p>\n","protected":false},"excerpt":{"rendered":"<p>SaftpumpenDrehkolbenpumpenDoppelt Eigenschaften Gro\u00dfer Durchsatzbereich, je nach Modell Volumenstr\u00f6me von 20 bis \u00fcber 1000 hl\/Stunde Drehkolbenpumpe mit Kolben aus hartem Nitril-Kautschuk, in Kontakt mit Lebensmitteln vielseitig einsetzbar Sehr niedrige Drehzahl (max.: 500 U\/min) Pumpengeh\u00e4use aus Edelstahl 316L Robust L\u00e4sst feste Bestandteile passieren Sehr geringe Sauerstoffaufnahme Selbstansaugend: 8 Meter bei trockener Pumpe Elektronischer Drehzahlregler Sehr leiser Betrieb [&hellip;]<\/p>\n","protected":false},"author":1,"featured_media":0,"parent":0,"menu_order":0,"comment_status":"closed","ping_status":"closed","template":"","meta":{"_et_pb_use_builder":"on","_et_pb_old_content":"","_et_gb_content_width":"","footnotes":""},"class_list":["post-201","page","type-page","status-publish","hentry"],"yoast_head":"<!-- This site is optimized with the Yoast SEO plugin v27.4 - https:\/\/yoast.com\/product\/yoast-seo-wordpress\/ -->\n<title>Saftpumpen - Weinpressen und Keltereianlagen - M.A.S. Keltereiprodukte GMBH<\/title>\n<meta name=\"robots\" content=\"index, follow, max-snippet:-1, max-image-preview:large, max-video-preview:-1\" \/>\n<link rel=\"canonical\" href=\"https:\/\/mas-keltereiprodukte.de\/en\/saftpumpen\/\" \/>\n<meta property=\"og:locale\" content=\"en_GB\" \/>\n<meta property=\"og:type\" content=\"article\" \/>\n<meta property=\"og:title\" content=\"Saftpumpen - Weinpressen und Keltereianlagen - M.A.S. Keltereiprodukte GMBH\" \/>\n<meta property=\"og:description\" content=\"SaftpumpenDrehkolbenpumpenDoppelt Eigenschaften Gro\u00dfer Durchsatzbereich, je nach Modell Volumenstr\u00f6me von 20 bis \u00fcber 1000 hl\/Stunde Drehkolbenpumpe mit Kolben aus hartem Nitril-Kautschuk, in Kontakt mit Lebensmitteln vielseitig einsetzbar Sehr niedrige Drehzahl (max.: 500 U\/min) Pumpengeh\u00e4use aus Edelstahl 316L Robust L\u00e4sst feste Bestandteile passieren Sehr geringe Sauerstoffaufnahme Selbstansaugend: 8 Meter bei trockener Pumpe Elektronischer Drehzahlregler Sehr leiser Betrieb [&hellip;]\" \/>\n<meta property=\"og:url\" content=\"https:\/\/mas-keltereiprodukte.de\/en\/saftpumpen\/\" \/>\n<meta property=\"og:site_name\" content=\"Weinpressen und Keltereianlagen - M.A.S. Keltereiprodukte GMBH\" \/>\n<meta property=\"article:modified_time\" content=\"2024-10-22T12:11:53+00:00\" \/>\n<meta name=\"twitter:card\" content=\"summary_large_image\" \/>\n<meta name=\"twitter:label1\" content=\"Estimated reading time\" \/>\n\t<meta name=\"twitter:data1\" content=\"2 minutes\" \/>\n<script type=\"application\/ld+json\" class=\"yoast-schema-graph\">{\"@context\":\"https:\\\/\\\/schema.org\",\"@graph\":[{\"@type\":\"WebPage\",\"@id\":\"https:\\\/\\\/mas-keltereiprodukte.de\\\/saftpumpen\\\/\",\"url\":\"https:\\\/\\\/mas-keltereiprodukte.de\\\/saftpumpen\\\/\",\"name\":\"Saftpumpen - Weinpressen und Keltereianlagen - M.A.S. Keltereiprodukte GMBH\",\"isPartOf\":{\"@id\":\"https:\\\/\\\/mas-keltereiprodukte.de\\\/#website\"},\"datePublished\":\"2019-07-08T09:11:45+00:00\",\"dateModified\":\"2024-10-22T12:11:53+00:00\",\"breadcrumb\":{\"@id\":\"https:\\\/\\\/mas-keltereiprodukte.de\\\/saftpumpen\\\/#breadcrumb\"},\"inLanguage\":\"en-GB\",\"potentialAction\":[{\"@type\":\"ReadAction\",\"target\":[\"https:\\\/\\\/mas-keltereiprodukte.de\\\/saftpumpen\\\/\"]}]},{\"@type\":\"BreadcrumbList\",\"@id\":\"https:\\\/\\\/mas-keltereiprodukte.de\\\/saftpumpen\\\/#breadcrumb\",\"itemListElement\":[{\"@type\":\"ListItem\",\"position\":1,\"name\":\"Startseite\",\"item\":\"https:\\\/\\\/mas-keltereiprodukte.de\\\/\"},{\"@type\":\"ListItem\",\"position\":2,\"name\":\"Saftpumpen\"}]},{\"@type\":\"WebSite\",\"@id\":\"https:\\\/\\\/mas-keltereiprodukte.de\\\/#website\",\"url\":\"https:\\\/\\\/mas-keltereiprodukte.de\\\/\",\"name\":\"Weinpressen und Keltereianlagen - M.A.S. Keltereiprodukte GMBH\",\"description\":\"\",\"potentialAction\":[{\"@type\":\"SearchAction\",\"target\":{\"@type\":\"EntryPoint\",\"urlTemplate\":\"https:\\\/\\\/mas-keltereiprodukte.de\\\/?s={search_term_string}\"},\"query-input\":{\"@type\":\"PropertyValueSpecification\",\"valueRequired\":true,\"valueName\":\"search_term_string\"}}],\"inLanguage\":\"en-GB\"}]}<\/script>\n<!-- \/ Yoast SEO plugin. -->","yoast_head_json":{"title":"Saftpumpen - Weinpressen und Keltereianlagen - M.A.S. Keltereiprodukte GMBH","robots":{"index":"index","follow":"follow","max-snippet":"max-snippet:-1","max-image-preview":"max-image-preview:large","max-video-preview":"max-video-preview:-1"},"canonical":"https:\/\/mas-keltereiprodukte.de\/en\/saftpumpen\/","og_locale":"en_GB","og_type":"article","og_title":"Saftpumpen - Weinpressen und Keltereianlagen - M.A.S. Keltereiprodukte GMBH","og_description":"SaftpumpenDrehkolbenpumpenDoppelt Eigenschaften Gro\u00dfer Durchsatzbereich, je nach Modell Volumenstr\u00f6me von 20 bis \u00fcber 1000 hl\/Stunde Drehkolbenpumpe mit Kolben aus hartem Nitril-Kautschuk, in Kontakt mit Lebensmitteln vielseitig einsetzbar Sehr niedrige Drehzahl (max.: 500 U\/min) Pumpengeh\u00e4use aus Edelstahl 316L Robust L\u00e4sst feste Bestandteile passieren Sehr geringe Sauerstoffaufnahme Selbstansaugend: 8 Meter bei trockener Pumpe Elektronischer Drehzahlregler Sehr leiser Betrieb [&hellip;]","og_url":"https:\/\/mas-keltereiprodukte.de\/en\/saftpumpen\/","og_site_name":"Weinpressen und Keltereianlagen - M.A.S. Keltereiprodukte GMBH","article_modified_time":"2024-10-22T12:11:53+00:00","twitter_card":"summary_large_image","twitter_misc":{"Estimated reading time":"2 minutes"},"schema":{"@context":"https:\/\/schema.org","@graph":[{"@type":"WebPage","@id":"https:\/\/mas-keltereiprodukte.de\/saftpumpen\/","url":"https:\/\/mas-keltereiprodukte.de\/saftpumpen\/","name":"Saftpumpen - Weinpressen und Keltereianlagen - M.A.S. Keltereiprodukte GMBH","isPartOf":{"@id":"https:\/\/mas-keltereiprodukte.de\/#website"},"datePublished":"2019-07-08T09:11:45+00:00","dateModified":"2024-10-22T12:11:53+00:00","breadcrumb":{"@id":"https:\/\/mas-keltereiprodukte.de\/saftpumpen\/#breadcrumb"},"inLanguage":"en-GB","potentialAction":[{"@type":"ReadAction","target":["https:\/\/mas-keltereiprodukte.de\/saftpumpen\/"]}]},{"@type":"BreadcrumbList","@id":"https:\/\/mas-keltereiprodukte.de\/saftpumpen\/#breadcrumb","itemListElement":[{"@type":"ListItem","position":1,"name":"Startseite","item":"https:\/\/mas-keltereiprodukte.de\/"},{"@type":"ListItem","position":2,"name":"Saftpumpen"}]},{"@type":"WebSite","@id":"https:\/\/mas-keltereiprodukte.de\/#website","url":"https:\/\/mas-keltereiprodukte.de\/","name":"Weinpressen und Keltereianlagen - M.A.S. Keltereiprodukte GMBH","description":"","potentialAction":[{"@type":"SearchAction","target":{"@type":"EntryPoint","urlTemplate":"https:\/\/mas-keltereiprodukte.de\/?s={search_term_string}"},"query-input":{"@type":"PropertyValueSpecification","valueRequired":true,"valueName":"search_term_string"}}],"inLanguage":"en-GB"}]}},"_links":{"self":[{"href":"https:\/\/mas-keltereiprodukte.de\/en\/wp-json\/wp\/v2\/pages\/201","targetHints":{"allow":["GET"]}}],"collection":[{"href":"https:\/\/mas-keltereiprodukte.de\/en\/wp-json\/wp\/v2\/pages"}],"about":[{"href":"https:\/\/mas-keltereiprodukte.de\/en\/wp-json\/wp\/v2\/types\/page"}],"author":[{"embeddable":true,"href":"https:\/\/mas-keltereiprodukte.de\/en\/wp-json\/wp\/v2\/users\/1"}],"replies":[{"embeddable":true,"href":"https:\/\/mas-keltereiprodukte.de\/en\/wp-json\/wp\/v2\/comments?post=201"}],"version-history":[{"count":16,"href":"https:\/\/mas-keltereiprodukte.de\/en\/wp-json\/wp\/v2\/pages\/201\/revisions"}],"predecessor-version":[{"id":2027,"href":"https:\/\/mas-keltereiprodukte.de\/en\/wp-json\/wp\/v2\/pages\/201\/revisions\/2027"}],"wp:attachment":[{"href":"https:\/\/mas-keltereiprodukte.de\/en\/wp-json\/wp\/v2\/media?parent=201"}],"curies":[{"name":"wp","href":"https:\/\/api.w.org\/{rel}","templated":true}]}}