{"id":181,"date":"2019-07-08T10:51:34","date_gmt":"2019-07-08T08:51:34","guid":{"rendered":"http:\/\/mas.visualmedia7.alfahosting.org\/?page_id=181"},"modified":"2020-01-28T14:06:35","modified_gmt":"2020-01-28T13:06:35","slug":"traubensortierung","status":"publish","type":"page","link":"https:\/\/mas-keltereiprodukte.de\/en\/traubensortierung\/","title":{"rendered":"Grape sorting"},"content":{"rendered":"<p>[et_pb_section fb_built=&#8220;1&#8243; _builder_version=&#8220;3.22.7&#8243; background_color=&#8220;#f2f2f2&#8243; custom_padding=&#8220;||34px|||&#8220;][et_pb_row _builder_version=&#8220;3.22.7&#8243;][et_pb_column type=&#8220;4_4&#8243; _builder_version=&#8220;3.22.7&#8243;][et_pb_text _builder_version=&#8220;3.22.7&#8243;]<\/p>\n<h1 style=\"text-align: center;\"><strong>Traubensortierung<\/strong><\/h1>\n<p>[\/et_pb_text][et_pb_divider color=&#8220;#ff9000&#8243; divider_weight=&#8220;2px&#8220; _builder_version=&#8220;3.22.7&#8243; width=&#8220;50%&#8220; module_alignment=&#8220;center&#8220;][\/et_pb_divider][\/et_pb_column][\/et_pb_row][\/et_pb_section][et_pb_section fb_built=&#8220;1&#8243; _builder_version=&#8220;3.22.7&#8243; custom_margin=&#8220;||34px|||&#8220; custom_padding=&#8220;||2px|||&#8220;][et_pb_row _builder_version=&#8220;3.22.7&#8243;][et_pb_column type=&#8220;1_2&#8243; _builder_version=&#8220;3.22.7&#8243;][et_pb_image src=&#8220;https:\/\/mas-keltereiprodukte.de\/wp-content\/uploads\/2019\/07\/Rollensortierer.jpg&#8220; _builder_version=&#8220;3.22.7&#8243;][\/et_pb_image][\/et_pb_column][et_pb_column type=&#8220;1_2&#8243; _builder_version=&#8220;3.22.7&#8243;][et_pb_text _builder_version=&#8220;3.22.7&#8243;]<\/p>\n<h1 style=\"text-align: center;\">M.A.S. Rollensortierer<\/h1>\n<p>[\/et_pb_text][et_pb_text _builder_version=&#8220;3.22.7&#8243; custom_padding=&#8220;||0px|||&#8220;]<\/p>\n<ul>\n<li>Produkt ganz aus Edelstahl Aisi 304\u00a0hergestellt<\/li>\n<li>Vibrierende Dosierrinne f\u00fcr gleichm\u00e4\u00dfige Verteilung des Leseguts<\/li>\n<li>Elektronisch geregelte Rollendrehzahl<\/li>\n<li>Versch. gro\u00dfe Rollenabschnitte mit regulierbarem Rollenabstand<\/li>\n<li>H\u00f6henverstellbares Gestell mit Schwenkrollen<\/li>\n<li>Auffangwanne mit Siebeinsatz<\/li>\n<li>Stundenleistung: 1 bis 25 to\/h<\/li>\n<li>Stromaufnahme: 0,75 kW<\/li>\n<li>Leergewicht: 370 kg<\/li>\n<\/ul>\n<p>[\/et_pb_text][\/et_pb_column][\/et_pb_row][\/et_pb_section][et_pb_section fb_built=&#8220;1&#8243; _builder_version=&#8220;3.22.7&#8243; background_color=&#8220;#ffffff&#8220; custom_padding=&#8220;47px|||||&#8220;][et_pb_row _builder_version=&#8220;3.22.7&#8243;][et_pb_column type=&#8220;1_2&#8243; _builder_version=&#8220;3.22.7&#8243;][et_pb_image src=&#8220;https:\/\/mas-keltereiprodukte.de\/wp-content\/uploads\/2019\/07\/traubenauswahlband.jpg&#8220; _builder_version=&#8220;3.22.7&#8243;][\/et_pb_image][\/et_pb_column][et_pb_column type=&#8220;1_2&#8243; _builder_version=&#8220;3.22.7&#8243;][et_pb_text _builder_version=&#8220;3.22.7&#8243;]<\/p>\n<h1 style=\"text-align: center;\">Auswahlband NC 3500 &#8211; 5500<\/h1>\n<p>[\/et_pb_text][et_pb_text _builder_version=&#8220;3.22.7&#8243; custom_margin=&#8220;-4px|||||&#8220; custom_padding=&#8220;19px|||||&#8220;]<\/p>\n<ul>\n<li>Produkt ganz aus Edelstahl Aisi 304\u00a0hergestellt<\/li>\n<li>Gurt aus lebensmittelechtem Kunststoff<\/li>\n<li>Elektronischer Geschwindigkeitsregler mittels FU<\/li>\n<li>Annahmetrichter mit Abtropfrost<\/li>\n<li>Tr\u00e4ger zum manuellen Ausladen der Kisten<\/li>\n<li>Trichter f\u00fcr B\u00fctten<\/li>\n<li>Schwenkrollen<\/li>\n<li>Waschleiste<\/li>\n<\/ul>\n<p>[\/et_pb_text][\/et_pb_column][\/et_pb_row][\/et_pb_section][et_pb_section fb_built=&#8220;1&#8243; _builder_version=&#8220;3.22.7&#8243; background_color=&#8220;#ffffff&#8220;][et_pb_row _builder_version=&#8220;3.22.7&#8243;][et_pb_column type=&#8220;1_2&#8243; _builder_version=&#8220;3.22.7&#8243;][et_pb_image src=&#8220;https:\/\/mas-keltereiprodukte.de\/wp-content\/uploads\/2019\/07\/ganztraubenband.jpg&#8220; align=&#8220;center&#8220; _builder_version=&#8220;3.22.7&#8243; width=&#8220;95%&#8220;][\/et_pb_image][\/et_pb_column][et_pb_column type=&#8220;1_2&#8243; _builder_version=&#8220;3.22.7&#8243;][et_pb_text _builder_version=&#8220;3.22.7&#8243;]<\/p>\n<h1 style=\"text-align: center;\">Ganztraubenband NE 2500 &#8211; 5500<\/h1>\n<p>[\/et_pb_text][et_pb_text _builder_version=&#8220;3.22.7&#8243; custom_margin=&#8220;-23px|||||&#8220;]<\/p>\n<ul>\n<li>Produkt ganz aus Edelstahl Aisi 304\u00a0hergestellt<\/li>\n<li>Gurt aus lebensmittelechtem Kunststoff<\/li>\n<li>Elektronischer Geschwindigkeitsregler mittels FU<\/li>\n<li>\u00dcberdimensionierter Trichter f\u00fcr B\u00fctten<\/li>\n<li>Niedriger Trichter<\/li>\n<li>Waschleiste<\/li>\n<li>Hydraulisch regelbare Schr\u00e4gstellung<\/li>\n<li>Verstellbare Rutsche am Auswurf<\/li>\n<li>Schwenkrollen<\/li>\n<\/ul>\n<p>[\/et_pb_text][\/et_pb_column][\/et_pb_row][\/et_pb_section][et_pb_section fb_built=&#8220;1&#8243; _builder_version=&#8220;3.22.7&#8243; background_color=&#8220;#ffffff&#8220;][et_pb_row _builder_version=&#8220;3.22.7&#8243;][et_pb_column type=&#8220;1_2&#8243; _builder_version=&#8220;3.22.7&#8243;][et_pb_image src=&#8220;https:\/\/mas-keltereiprodukte.de\/wp-content\/uploads\/2019\/07\/schwingtisch.jpg&#8220; align=&#8220;center&#8220; _builder_version=&#8220;3.22.7&#8243; width=&#8220;95%&#8220;][\/et_pb_image][\/et_pb_column][et_pb_column type=&#8220;1_2&#8243; _builder_version=&#8220;3.22.7&#8243;][et_pb_text _builder_version=&#8220;3.22.7&#8243;]<\/p>\n<h1 style=\"text-align: center;\">R\u00fctteltische &#8211; TVC 1500 &#8211; TVL 3500 &#8211; TVL 5000<\/h1>\n<p>[\/et_pb_text][et_pb_text _builder_version=&#8220;3.22.7&#8243; custom_margin=&#8220;-23px|||||&#8220;]<\/p>\n<ul>\n<li>Produkt ganz aus Edelstahl Aisi 304\u00a0hergestellt<\/li>\n<li>Austauschbare Gitterroste mit verschiedenen Lichtweiten<\/li>\n<li>Elektronischer Geschwindigkeitsregler mittels FU<\/li>\n<li>Zwei R\u00fcttelmotoren<\/li>\n<li>Tr\u00e4ger zum manuellen Ausladen der Kisten<\/li>\n<li>Abtropfrost\u00a0zum Saftsammeln<\/li>\n<li>\u00dcberdimensionierter Trichter f\u00fcr B\u00fctten<\/li>\n<li>Schwenkrollen<\/li>\n<\/ul>\n<p>[\/et_pb_text][\/et_pb_column][\/et_pb_row][\/et_pb_section][et_pb_section fb_built=&#8220;1&#8243; _builder_version=&#8220;3.22.7&#8243; background_color=&#8220;#f7f7f7&#8243;][et_pb_row _builder_version=&#8220;3.22.7&#8243;][et_pb_column type=&#8220;4_4&#8243; _builder_version=&#8220;3.22.7&#8243;][et_pb_text _builder_version=&#8220;3.22.7&#8243;]<\/p>\n<h1 style=\"text-align: center;\">Kontaktieren Sie uns<\/h1>\n<p>[\/et_pb_text][et_pb_button button_text=&#8220;Anfrage &#8220; button_alignment=&#8220;center&#8220; _builder_version=&#8220;3.22.7&#8243; custom_button=&#8220;on&#8220; button_text_size=&#8220;18px&#8220; button_text_color=&#8220;#ffffff&#8220; button_bg_color=&#8220;#ff9000&#8243; button_border_width=&#8220;1px&#8220; button_font=&#8220;||||||||&#8220;][\/et_pb_button][\/et_pb_column][\/et_pb_row][\/et_pb_section]<\/p>\n","protected":false},"excerpt":{"rendered":"<p>TraubensortierungM.A.S. Rollensortierer Produkt ganz aus Edelstahl Aisi 304\u00a0hergestellt Vibrierende Dosierrinne f\u00fcr gleichm\u00e4\u00dfige Verteilung des Leseguts Elektronisch geregelte Rollendrehzahl Versch. gro\u00dfe Rollenabschnitte mit regulierbarem Rollenabstand H\u00f6henverstellbares Gestell mit Schwenkrollen Auffangwanne mit Siebeinsatz Stundenleistung: 1 bis 25 to\/h Stromaufnahme: 0,75 kW Leergewicht: 370 kg Auswahlband NC 3500 &#8211; 5500 Produkt ganz aus Edelstahl Aisi 304\u00a0hergestellt Gurt aus [&hellip;]<\/p>\n","protected":false},"author":1,"featured_media":0,"parent":0,"menu_order":0,"comment_status":"closed","ping_status":"closed","template":"","meta":{"_et_pb_use_builder":"on","_et_pb_old_content":"","_et_gb_content_width":"","footnotes":""},"class_list":["post-181","page","type-page","status-publish","hentry"],"yoast_head":"<!-- This site is optimized with the Yoast SEO plugin v27.4 - https:\/\/yoast.com\/product\/yoast-seo-wordpress\/ -->\n<title>Traubensortierung - Weinpressen und Keltereianlagen - M.A.S. Keltereiprodukte GMBH<\/title>\n<meta name=\"robots\" content=\"index, follow, max-snippet:-1, max-image-preview:large, max-video-preview:-1\" \/>\n<link rel=\"canonical\" href=\"https:\/\/mas-keltereiprodukte.de\/en\/traubensortierung\/\" \/>\n<meta property=\"og:locale\" content=\"en_GB\" \/>\n<meta property=\"og:type\" content=\"article\" \/>\n<meta property=\"og:title\" content=\"Traubensortierung - Weinpressen und Keltereianlagen - M.A.S. Keltereiprodukte GMBH\" \/>\n<meta property=\"og:description\" content=\"TraubensortierungM.A.S. Rollensortierer Produkt ganz aus Edelstahl Aisi 304\u00a0hergestellt Vibrierende Dosierrinne f\u00fcr gleichm\u00e4\u00dfige Verteilung des Leseguts Elektronisch geregelte Rollendrehzahl Versch. gro\u00dfe Rollenabschnitte mit regulierbarem Rollenabstand H\u00f6henverstellbares Gestell mit Schwenkrollen Auffangwanne mit Siebeinsatz Stundenleistung: 1 bis 25 to\/h Stromaufnahme: 0,75 kW Leergewicht: 370 kg Auswahlband NC 3500 - 5500 Produkt ganz aus Edelstahl Aisi 304\u00a0hergestellt Gurt aus [&hellip;]\" \/>\n<meta property=\"og:url\" content=\"https:\/\/mas-keltereiprodukte.de\/en\/traubensortierung\/\" \/>\n<meta property=\"og:site_name\" content=\"Weinpressen und Keltereianlagen - M.A.S. Keltereiprodukte GMBH\" \/>\n<meta property=\"article:modified_time\" content=\"2020-01-28T13:06:35+00:00\" \/>\n<meta name=\"twitter:card\" content=\"summary_large_image\" \/>\n<meta name=\"twitter:label1\" content=\"Estimated reading time\" \/>\n\t<meta name=\"twitter:data1\" content=\"3 minutes\" \/>\n<script type=\"application\/ld+json\" class=\"yoast-schema-graph\">{\"@context\":\"https:\\\/\\\/schema.org\",\"@graph\":[{\"@type\":\"WebPage\",\"@id\":\"https:\\\/\\\/mas-keltereiprodukte.de\\\/traubensortierung\\\/\",\"url\":\"https:\\\/\\\/mas-keltereiprodukte.de\\\/traubensortierung\\\/\",\"name\":\"Traubensortierung - Weinpressen und Keltereianlagen - M.A.S. Keltereiprodukte GMBH\",\"isPartOf\":{\"@id\":\"https:\\\/\\\/mas-keltereiprodukte.de\\\/#website\"},\"datePublished\":\"2019-07-08T08:51:34+00:00\",\"dateModified\":\"2020-01-28T13:06:35+00:00\",\"breadcrumb\":{\"@id\":\"https:\\\/\\\/mas-keltereiprodukte.de\\\/traubensortierung\\\/#breadcrumb\"},\"inLanguage\":\"en-GB\",\"potentialAction\":[{\"@type\":\"ReadAction\",\"target\":[\"https:\\\/\\\/mas-keltereiprodukte.de\\\/traubensortierung\\\/\"]}]},{\"@type\":\"BreadcrumbList\",\"@id\":\"https:\\\/\\\/mas-keltereiprodukte.de\\\/traubensortierung\\\/#breadcrumb\",\"itemListElement\":[{\"@type\":\"ListItem\",\"position\":1,\"name\":\"Startseite\",\"item\":\"https:\\\/\\\/mas-keltereiprodukte.de\\\/\"},{\"@type\":\"ListItem\",\"position\":2,\"name\":\"Traubensortierung\"}]},{\"@type\":\"WebSite\",\"@id\":\"https:\\\/\\\/mas-keltereiprodukte.de\\\/#website\",\"url\":\"https:\\\/\\\/mas-keltereiprodukte.de\\\/\",\"name\":\"Weinpressen und Keltereianlagen - M.A.S. Keltereiprodukte GMBH\",\"description\":\"\",\"potentialAction\":[{\"@type\":\"SearchAction\",\"target\":{\"@type\":\"EntryPoint\",\"urlTemplate\":\"https:\\\/\\\/mas-keltereiprodukte.de\\\/?s={search_term_string}\"},\"query-input\":{\"@type\":\"PropertyValueSpecification\",\"valueRequired\":true,\"valueName\":\"search_term_string\"}}],\"inLanguage\":\"en-GB\"}]}<\/script>\n<!-- \/ Yoast SEO plugin. -->","yoast_head_json":{"title":"Traubensortierung - Weinpressen und Keltereianlagen - M.A.S. Keltereiprodukte GMBH","robots":{"index":"index","follow":"follow","max-snippet":"max-snippet:-1","max-image-preview":"max-image-preview:large","max-video-preview":"max-video-preview:-1"},"canonical":"https:\/\/mas-keltereiprodukte.de\/en\/traubensortierung\/","og_locale":"en_GB","og_type":"article","og_title":"Traubensortierung - Weinpressen und Keltereianlagen - M.A.S. Keltereiprodukte GMBH","og_description":"TraubensortierungM.A.S. Rollensortierer Produkt ganz aus Edelstahl Aisi 304\u00a0hergestellt Vibrierende Dosierrinne f\u00fcr gleichm\u00e4\u00dfige Verteilung des Leseguts Elektronisch geregelte Rollendrehzahl Versch. gro\u00dfe Rollenabschnitte mit regulierbarem Rollenabstand H\u00f6henverstellbares Gestell mit Schwenkrollen Auffangwanne mit Siebeinsatz Stundenleistung: 1 bis 25 to\/h Stromaufnahme: 0,75 kW Leergewicht: 370 kg Auswahlband NC 3500 - 5500 Produkt ganz aus Edelstahl Aisi 304\u00a0hergestellt Gurt aus [&hellip;]","og_url":"https:\/\/mas-keltereiprodukte.de\/en\/traubensortierung\/","og_site_name":"Weinpressen und Keltereianlagen - M.A.S. Keltereiprodukte GMBH","article_modified_time":"2020-01-28T13:06:35+00:00","twitter_card":"summary_large_image","twitter_misc":{"Estimated reading time":"3 minutes"},"schema":{"@context":"https:\/\/schema.org","@graph":[{"@type":"WebPage","@id":"https:\/\/mas-keltereiprodukte.de\/traubensortierung\/","url":"https:\/\/mas-keltereiprodukte.de\/traubensortierung\/","name":"Traubensortierung - Weinpressen und Keltereianlagen - M.A.S. Keltereiprodukte GMBH","isPartOf":{"@id":"https:\/\/mas-keltereiprodukte.de\/#website"},"datePublished":"2019-07-08T08:51:34+00:00","dateModified":"2020-01-28T13:06:35+00:00","breadcrumb":{"@id":"https:\/\/mas-keltereiprodukte.de\/traubensortierung\/#breadcrumb"},"inLanguage":"en-GB","potentialAction":[{"@type":"ReadAction","target":["https:\/\/mas-keltereiprodukte.de\/traubensortierung\/"]}]},{"@type":"BreadcrumbList","@id":"https:\/\/mas-keltereiprodukte.de\/traubensortierung\/#breadcrumb","itemListElement":[{"@type":"ListItem","position":1,"name":"Startseite","item":"https:\/\/mas-keltereiprodukte.de\/"},{"@type":"ListItem","position":2,"name":"Traubensortierung"}]},{"@type":"WebSite","@id":"https:\/\/mas-keltereiprodukte.de\/#website","url":"https:\/\/mas-keltereiprodukte.de\/","name":"Weinpressen und Keltereianlagen - M.A.S. Keltereiprodukte GMBH","description":"","potentialAction":[{"@type":"SearchAction","target":{"@type":"EntryPoint","urlTemplate":"https:\/\/mas-keltereiprodukte.de\/?s={search_term_string}"},"query-input":{"@type":"PropertyValueSpecification","valueRequired":true,"valueName":"search_term_string"}}],"inLanguage":"en-GB"}]}},"_links":{"self":[{"href":"https:\/\/mas-keltereiprodukte.de\/en\/wp-json\/wp\/v2\/pages\/181","targetHints":{"allow":["GET"]}}],"collection":[{"href":"https:\/\/mas-keltereiprodukte.de\/en\/wp-json\/wp\/v2\/pages"}],"about":[{"href":"https:\/\/mas-keltereiprodukte.de\/en\/wp-json\/wp\/v2\/types\/page"}],"author":[{"embeddable":true,"href":"https:\/\/mas-keltereiprodukte.de\/en\/wp-json\/wp\/v2\/users\/1"}],"replies":[{"embeddable":true,"href":"https:\/\/mas-keltereiprodukte.de\/en\/wp-json\/wp\/v2\/comments?post=181"}],"version-history":[{"count":4,"href":"https:\/\/mas-keltereiprodukte.de\/en\/wp-json\/wp\/v2\/pages\/181\/revisions"}],"predecessor-version":[{"id":350,"href":"https:\/\/mas-keltereiprodukte.de\/en\/wp-json\/wp\/v2\/pages\/181\/revisions\/350"}],"wp:attachment":[{"href":"https:\/\/mas-keltereiprodukte.de\/en\/wp-json\/wp\/v2\/media?parent=181"}],"curies":[{"name":"wp","href":"https:\/\/api.w.org\/{rel}","templated":true}]}}