{"id":171,"date":"2019-07-08T10:44:54","date_gmt":"2019-07-08T08:44:54","guid":{"rendered":"http:\/\/mas.visualmedia7.alfahosting.org\/?page_id=171"},"modified":"2024-10-22T14:07:04","modified_gmt":"2024-10-22T12:07:04","slug":"vintage-8-12-23","status":"publish","type":"page","link":"https:\/\/mas-keltereiprodukte.de\/en\/weinpressen\/vintage-8-12-23\/","title":{"rendered":"Vintage 8-12-23"},"content":{"rendered":"<p>[et_pb_section fb_built=&#8220;1&#8243; _builder_version=&#8220;4.16&#8243; background_color=&#8220;#f2f2f2&#8243; custom_padding=&#8220;||34px|||&#8220; global_colors_info=&#8220;{}&#8220;][et_pb_row _builder_version=&#8220;4.16&#8243; global_colors_info=&#8220;{}&#8220;][et_pb_column type=&#8220;4_4&#8243; _builder_version=&#8220;4.16&#8243; custom_padding=&#8220;|||&#8220; global_colors_info=&#8220;{}&#8220; custom_padding__hover=&#8220;|||&#8220;][et_pb_text _builder_version=&#8220;4.21.0&#8243; global_colors_info=&#8220;{}&#8220;]<\/p>\n<h1 style=\"text-align: center;\">Vertikalpresse Vintage 5-12-23<\/h1>\n<p>[\/et_pb_text][et_pb_divider color=&#8220;#ff9000&#8243; divider_weight=&#8220;2px&#8220; _builder_version=&#8220;4.16&#8243; width=&#8220;50%&#8220; module_alignment=&#8220;center&#8220; global_colors_info=&#8220;{}&#8220;][\/et_pb_divider][\/et_pb_column][\/et_pb_row][\/et_pb_section][et_pb_section fb_built=&#8220;1&#8243; _builder_version=&#8220;4.16&#8243; custom_margin=&#8220;||34px|||&#8220; custom_padding=&#8220;||2px|||&#8220; global_colors_info=&#8220;{}&#8220;][et_pb_row column_structure=&#8220;1_3,1_3,1_3&#8243; _builder_version=&#8220;4.16&#8243; global_colors_info=&#8220;{}&#8220;][et_pb_column type=&#8220;1_3&#8243; _builder_version=&#8220;4.16&#8243; custom_padding=&#8220;|||&#8220; global_colors_info=&#8220;{}&#8220; custom_padding__hover=&#8220;|||&#8220;][\/et_pb_column][et_pb_column type=&#8220;1_3&#8243; _builder_version=&#8220;4.16&#8243; custom_padding=&#8220;|||&#8220; global_colors_info=&#8220;{}&#8220; custom_padding__hover=&#8220;|||&#8220;][et_pb_image src=&#8220;https:\/\/mas-keltereiprodukte.de\/wp-content\/uploads\/2021\/05\/1NE_3939-Modifica.jpg&#8220; title_text=&#8220;1NE_3939-Modifica&#8220; _builder_version=&#8220;4.16&#8243; _module_preset=&#8220;default&#8220; global_colors_info=&#8220;{}&#8220;][\/et_pb_image][\/et_pb_column][et_pb_column type=&#8220;1_3&#8243; _builder_version=&#8220;4.16&#8243; custom_padding=&#8220;|||&#8220; global_colors_info=&#8220;{}&#8220; custom_padding__hover=&#8220;|||&#8220;][\/et_pb_column][\/et_pb_row][et_pb_row _builder_version=&#8220;4.16&#8243; _module_preset=&#8220;default&#8220; global_colors_info=&#8220;{}&#8220;][et_pb_column type=&#8220;4_4&#8243; _builder_version=&#8220;4.16&#8243; _module_preset=&#8220;default&#8220; global_colors_info=&#8220;{}&#8220;][et_pb_text _builder_version=&#8220;4.21.0&#8243; custom_padding=&#8220;||0px|||&#8220; global_colors_info=&#8220;{}&#8220;]<\/p>\n<p><strong>Modelle<\/strong>:\u00a0 Vintage 5, Vintage 12, Vintage 23<\/p>\n<p><strong>Technische Beschreibung<\/strong><\/p>\n<p>Hydraulische Presse bestehend aus einem tragenden Sockel und einem Kopf aus emailliertem Stahl, an dem der Presszylinder angebracht ist. Dieser Aufbau tr\u00e4gt zur Gleichm\u00e4\u00dfigkeit der Pressung bei und erlaubt, die Dimensionen w\u00e4hrend der Bewegung zu beschr\u00e4nken.<\/p>\n<p>Alle Teile in Ber\u00fchrung mit dem Produkt wie die Pressplatte, der Korb und die Mostsammelwanne sind aus Edelstahl AISI 304 oder aus lebensmittelechtem Kunststoff. Komplett geschlitzter Korb aus Edelstahl AISI 304 in verschiedenen Schlitzma\u00dfen. Mostsammelwanne aus Edelstahl AISI 304 mit geschlitzter Mitte, um die Entsaftung auch im zentralen Bereich des Kuchens zu gew\u00e4hrleisten.<\/p>\n<p>Rasche und einfache Positionierung der Wanne und des Korbs dank Zentriersystem im Sockel.<\/p>\n<p>Elektrische Schalttafel gem\u00e4\u00df der EG-Richtlinien 2006\/95\/EG (LV) und 2004\/108\/EG (EMC).<\/p>\n<p>Sicherheitsvorrichtungen gem\u00e4\u00df der EG-Richtlinie 2006\/42\/EG (Maschinen).<\/p>\n<p>Bedienterminal mit integrierter SPS-Steuerung, komplett mit Kontrolltasten und Kontrolldisplay Touch Screen und mit 30 installierten<\/p>\n<p>Programmen.<\/p>\n<p>[\/et_pb_text][\/et_pb_column][\/et_pb_row][\/et_pb_section][et_pb_section fb_built=&#8220;1&#8243; _builder_version=&#8220;4.16&#8243; background_color=&#8220;#f7f7f7&#8243; global_colors_info=&#8220;{}&#8220;][et_pb_row _builder_version=&#8220;4.16&#8243; global_colors_info=&#8220;{}&#8220;][et_pb_column type=&#8220;4_4&#8243; _builder_version=&#8220;4.16&#8243; custom_padding=&#8220;|||&#8220; global_colors_info=&#8220;{}&#8220; custom_padding__hover=&#8220;|||&#8220;][et_pb_text _builder_version=&#8220;4.16&#8243; global_colors_info=&#8220;{}&#8220;]<\/p>\n<h1 style=\"text-align: center;\">Kontaktieren Sie uns<\/h1>\n<p>[\/et_pb_text][et_pb_button button_text=&#8220;Anfrage &#8220; button_alignment=&#8220;center&#8220; _builder_version=&#8220;4.27.2&#8243; custom_button=&#8220;on&#8220; button_text_size=&#8220;18px&#8220; button_text_color=&#8220;#ffffff&#8220; button_bg_color=&#8220;#ff9000&#8243; button_border_width=&#8220;1px&#8220; button_font=&#8220;||||||||&#8220; hover_enabled=&#8220;0&#8243; global_colors_info=&#8220;{}&#8220; button_url=&#8220;https:\/\/mas-keltereiprodukte.de\/kontakt\/&#8220; sticky_enabled=&#8220;0&#8243;][\/et_pb_button][\/et_pb_column][\/et_pb_row][\/et_pb_section]<\/p>\n","protected":false},"excerpt":{"rendered":"<p>Vertikalpresse Vintage 5-12-23Modelle:\u00a0 Vintage 5, Vintage 12, Vintage 23 Technische Beschreibung Hydraulische Presse bestehend aus einem tragenden Sockel und einem Kopf aus emailliertem Stahl, an dem der Presszylinder angebracht ist. Dieser Aufbau tr\u00e4gt zur Gleichm\u00e4\u00dfigkeit der Pressung bei und erlaubt, die Dimensionen w\u00e4hrend der Bewegung zu beschr\u00e4nken. Alle Teile in Ber\u00fchrung mit dem Produkt wie [&hellip;]<\/p>\n","protected":false},"author":1,"featured_media":0,"parent":362,"menu_order":0,"comment_status":"closed","ping_status":"closed","template":"","meta":{"_et_pb_use_builder":"on","_et_pb_old_content":"","_et_gb_content_width":"","footnotes":""},"class_list":["post-171","page","type-page","status-publish","hentry"],"yoast_head":"<!-- This site is optimized with the Yoast SEO plugin v27.4 - https:\/\/yoast.com\/product\/yoast-seo-wordpress\/ -->\n<title>Vintage 8-12-23 - Weinpressen und Keltereianlagen - M.A.S. Keltereiprodukte GMBH<\/title>\n<meta name=\"robots\" content=\"index, follow, max-snippet:-1, max-image-preview:large, max-video-preview:-1\" \/>\n<link rel=\"canonical\" href=\"https:\/\/mas-keltereiprodukte.de\/en\/weinpressen\/vintage-8-12-23\/\" \/>\n<meta property=\"og:locale\" content=\"en_GB\" \/>\n<meta property=\"og:type\" content=\"article\" \/>\n<meta property=\"og:title\" content=\"Vintage 8-12-23 - Weinpressen und Keltereianlagen - M.A.S. Keltereiprodukte GMBH\" \/>\n<meta property=\"og:description\" content=\"Vertikalpresse Vintage 5-12-23Modelle:\u00a0 Vintage 5, Vintage 12, Vintage 23 Technische Beschreibung Hydraulische Presse bestehend aus einem tragenden Sockel und einem Kopf aus emailliertem Stahl, an dem der Presszylinder angebracht ist. Dieser Aufbau tr\u00e4gt zur Gleichm\u00e4\u00dfigkeit der Pressung bei und erlaubt, die Dimensionen w\u00e4hrend der Bewegung zu beschr\u00e4nken. Alle Teile in Ber\u00fchrung mit dem Produkt wie [&hellip;]\" \/>\n<meta property=\"og:url\" content=\"https:\/\/mas-keltereiprodukte.de\/en\/weinpressen\/vintage-8-12-23\/\" \/>\n<meta property=\"og:site_name\" content=\"Weinpressen und Keltereianlagen - M.A.S. Keltereiprodukte GMBH\" \/>\n<meta property=\"article:modified_time\" content=\"2024-10-22T12:07:04+00:00\" \/>\n<meta name=\"twitter:card\" content=\"summary_large_image\" \/>\n<meta name=\"twitter:label1\" content=\"Estimated reading time\" \/>\n\t<meta name=\"twitter:data1\" content=\"2 minutes\" \/>\n<script type=\"application\/ld+json\" class=\"yoast-schema-graph\">{\"@context\":\"https:\\\/\\\/schema.org\",\"@graph\":[{\"@type\":\"WebPage\",\"@id\":\"https:\\\/\\\/mas-keltereiprodukte.de\\\/weinpressen\\\/vintage-8-12-23\\\/\",\"url\":\"https:\\\/\\\/mas-keltereiprodukte.de\\\/weinpressen\\\/vintage-8-12-23\\\/\",\"name\":\"Vintage 8-12-23 - Weinpressen und Keltereianlagen - M.A.S. Keltereiprodukte GMBH\",\"isPartOf\":{\"@id\":\"https:\\\/\\\/mas-keltereiprodukte.de\\\/#website\"},\"datePublished\":\"2019-07-08T08:44:54+00:00\",\"dateModified\":\"2024-10-22T12:07:04+00:00\",\"breadcrumb\":{\"@id\":\"https:\\\/\\\/mas-keltereiprodukte.de\\\/weinpressen\\\/vintage-8-12-23\\\/#breadcrumb\"},\"inLanguage\":\"en-GB\",\"potentialAction\":[{\"@type\":\"ReadAction\",\"target\":[\"https:\\\/\\\/mas-keltereiprodukte.de\\\/weinpressen\\\/vintage-8-12-23\\\/\"]}]},{\"@type\":\"BreadcrumbList\",\"@id\":\"https:\\\/\\\/mas-keltereiprodukte.de\\\/weinpressen\\\/vintage-8-12-23\\\/#breadcrumb\",\"itemListElement\":[{\"@type\":\"ListItem\",\"position\":1,\"name\":\"Startseite\",\"item\":\"https:\\\/\\\/mas-keltereiprodukte.de\\\/\"},{\"@type\":\"ListItem\",\"position\":2,\"name\":\"Weinpressen\",\"item\":\"https:\\\/\\\/mas-keltereiprodukte.de\\\/weinpressen\\\/\"},{\"@type\":\"ListItem\",\"position\":3,\"name\":\"Vintage 8-12-23\"}]},{\"@type\":\"WebSite\",\"@id\":\"https:\\\/\\\/mas-keltereiprodukte.de\\\/#website\",\"url\":\"https:\\\/\\\/mas-keltereiprodukte.de\\\/\",\"name\":\"Weinpressen und Keltereianlagen - M.A.S. Keltereiprodukte GMBH\",\"description\":\"\",\"potentialAction\":[{\"@type\":\"SearchAction\",\"target\":{\"@type\":\"EntryPoint\",\"urlTemplate\":\"https:\\\/\\\/mas-keltereiprodukte.de\\\/?s={search_term_string}\"},\"query-input\":{\"@type\":\"PropertyValueSpecification\",\"valueRequired\":true,\"valueName\":\"search_term_string\"}}],\"inLanguage\":\"en-GB\"}]}<\/script>\n<!-- \/ Yoast SEO plugin. -->","yoast_head_json":{"title":"Vintage 8-12-23 - Weinpressen und Keltereianlagen - M.A.S. Keltereiprodukte GMBH","robots":{"index":"index","follow":"follow","max-snippet":"max-snippet:-1","max-image-preview":"max-image-preview:large","max-video-preview":"max-video-preview:-1"},"canonical":"https:\/\/mas-keltereiprodukte.de\/en\/weinpressen\/vintage-8-12-23\/","og_locale":"en_GB","og_type":"article","og_title":"Vintage 8-12-23 - Weinpressen und Keltereianlagen - M.A.S. Keltereiprodukte GMBH","og_description":"Vertikalpresse Vintage 5-12-23Modelle:\u00a0 Vintage 5, Vintage 12, Vintage 23 Technische Beschreibung Hydraulische Presse bestehend aus einem tragenden Sockel und einem Kopf aus emailliertem Stahl, an dem der Presszylinder angebracht ist. Dieser Aufbau tr\u00e4gt zur Gleichm\u00e4\u00dfigkeit der Pressung bei und erlaubt, die Dimensionen w\u00e4hrend der Bewegung zu beschr\u00e4nken. Alle Teile in Ber\u00fchrung mit dem Produkt wie [&hellip;]","og_url":"https:\/\/mas-keltereiprodukte.de\/en\/weinpressen\/vintage-8-12-23\/","og_site_name":"Weinpressen und Keltereianlagen - M.A.S. Keltereiprodukte GMBH","article_modified_time":"2024-10-22T12:07:04+00:00","twitter_card":"summary_large_image","twitter_misc":{"Estimated reading time":"2 minutes"},"schema":{"@context":"https:\/\/schema.org","@graph":[{"@type":"WebPage","@id":"https:\/\/mas-keltereiprodukte.de\/weinpressen\/vintage-8-12-23\/","url":"https:\/\/mas-keltereiprodukte.de\/weinpressen\/vintage-8-12-23\/","name":"Vintage 8-12-23 - Weinpressen und Keltereianlagen - M.A.S. Keltereiprodukte GMBH","isPartOf":{"@id":"https:\/\/mas-keltereiprodukte.de\/#website"},"datePublished":"2019-07-08T08:44:54+00:00","dateModified":"2024-10-22T12:07:04+00:00","breadcrumb":{"@id":"https:\/\/mas-keltereiprodukte.de\/weinpressen\/vintage-8-12-23\/#breadcrumb"},"inLanguage":"en-GB","potentialAction":[{"@type":"ReadAction","target":["https:\/\/mas-keltereiprodukte.de\/weinpressen\/vintage-8-12-23\/"]}]},{"@type":"BreadcrumbList","@id":"https:\/\/mas-keltereiprodukte.de\/weinpressen\/vintage-8-12-23\/#breadcrumb","itemListElement":[{"@type":"ListItem","position":1,"name":"Startseite","item":"https:\/\/mas-keltereiprodukte.de\/"},{"@type":"ListItem","position":2,"name":"Weinpressen","item":"https:\/\/mas-keltereiprodukte.de\/weinpressen\/"},{"@type":"ListItem","position":3,"name":"Vintage 8-12-23"}]},{"@type":"WebSite","@id":"https:\/\/mas-keltereiprodukte.de\/#website","url":"https:\/\/mas-keltereiprodukte.de\/","name":"Weinpressen und Keltereianlagen - M.A.S. Keltereiprodukte GMBH","description":"","potentialAction":[{"@type":"SearchAction","target":{"@type":"EntryPoint","urlTemplate":"https:\/\/mas-keltereiprodukte.de\/?s={search_term_string}"},"query-input":{"@type":"PropertyValueSpecification","valueRequired":true,"valueName":"search_term_string"}}],"inLanguage":"en-GB"}]}},"_links":{"self":[{"href":"https:\/\/mas-keltereiprodukte.de\/en\/wp-json\/wp\/v2\/pages\/171","targetHints":{"allow":["GET"]}}],"collection":[{"href":"https:\/\/mas-keltereiprodukte.de\/en\/wp-json\/wp\/v2\/pages"}],"about":[{"href":"https:\/\/mas-keltereiprodukte.de\/en\/wp-json\/wp\/v2\/types\/page"}],"author":[{"embeddable":true,"href":"https:\/\/mas-keltereiprodukte.de\/en\/wp-json\/wp\/v2\/users\/1"}],"replies":[{"embeddable":true,"href":"https:\/\/mas-keltereiprodukte.de\/en\/wp-json\/wp\/v2\/comments?post=171"}],"version-history":[{"count":13,"href":"https:\/\/mas-keltereiprodukte.de\/en\/wp-json\/wp\/v2\/pages\/171\/revisions"}],"predecessor-version":[{"id":2013,"href":"https:\/\/mas-keltereiprodukte.de\/en\/wp-json\/wp\/v2\/pages\/171\/revisions\/2013"}],"up":[{"embeddable":true,"href":"https:\/\/mas-keltereiprodukte.de\/en\/wp-json\/wp\/v2\/pages\/362"}],"wp:attachment":[{"href":"https:\/\/mas-keltereiprodukte.de\/en\/wp-json\/wp\/v2\/media?parent=171"}],"curies":[{"name":"wp","href":"https:\/\/api.w.org\/{rel}","templated":true}]}}