{"id":1630,"date":"2022-11-23T08:46:57","date_gmt":"2022-11-23T07:46:57","guid":{"rendered":"https:\/\/mas-keltereiprodukte.de\/?page_id=1630"},"modified":"2024-10-22T14:18:51","modified_gmt":"2024-10-22T12:18:51","slug":"mythosproduktion","status":"publish","type":"page","link":"https:\/\/mas-keltereiprodukte.de\/en\/mythosproduktion\/","title":{"rendered":"Mythos production"},"content":{"rendered":"<p>[et_pb_section fb_built=&#8220;1&#8243; _builder_version=&#8220;4.18.0&#8243; _module_preset=&#8220;default&#8220; global_colors_info=&#8220;{}&#8220;][et_pb_row _builder_version=&#8220;4.18.0&#8243; _module_preset=&#8220;default&#8220; global_colors_info=&#8220;{}&#8220;][et_pb_column type=&#8220;4_4&#8243; _builder_version=&#8220;4.18.0&#8243; _module_preset=&#8220;default&#8220; global_colors_info=&#8220;{}&#8220;][et_pb_text _builder_version=&#8220;4.18.0&#8243; _module_preset=&#8220;default&#8220; global_colors_info=&#8220;{}&#8220;]<\/p>\n<h2 style=\"text-align: center;\">Mythosproduktion<\/h2>\n<p>[\/et_pb_text][et_pb_divider color=&#8220;#fe4701&#8243; divider_weight=&#8220;2px&#8220; _builder_version=&#8220;4.18.0&#8243; _module_preset=&#8220;default&#8220; width=&#8220;50%&#8220; module_alignment=&#8220;center&#8220; global_colors_info=&#8220;{}&#8220;][\/et_pb_divider][\/et_pb_column][\/et_pb_row][et_pb_row _builder_version=&#8220;4.18.0&#8243; _module_preset=&#8220;default&#8220; global_colors_info=&#8220;{}&#8220;][et_pb_column type=&#8220;4_4&#8243; _builder_version=&#8220;4.18.0&#8243; _module_preset=&#8220;default&#8220; global_colors_info=&#8220;{}&#8220;][et_pb_text _builder_version=&#8220;4.18.0&#8243; _module_preset=&#8220;default&#8220; global_colors_info=&#8220;{}&#8220;]<\/p>\n<p>Die M.A.S. Keltereiprodukte GmbH mit Sitz in Bensheim ist spezialisiert auf den Bau der Mythos Weinpresse. Nach Ihren Vorgaben entwickeln und fertigen wir Ihre Mythos Weinpresse. <span>\u00a0M.A.S. greift bew\u00e4hrte Technik auf, deren vertikale Edelstahl-Saftkan\u00e4le und gro\u00dfe Deckel\u00f6ffnung (fast \u00fcber die gesamte Trommell\u00e4nge) eine un\u00fcbertroffene Vielfalt an Verarbeitungsmethoden und viele andere Vorteile bietet.<\/span><span><\/span><\/p>\n<p>[\/et_pb_text][\/et_pb_column][\/et_pb_row][et_pb_row column_structure=&#8220;1_2,1_2&#8243; _builder_version=&#8220;4.18.0&#8243; _module_preset=&#8220;default&#8220; global_colors_info=&#8220;{}&#8220;][et_pb_column type=&#8220;1_2&#8243; _builder_version=&#8220;4.18.0&#8243; _module_preset=&#8220;default&#8220; global_colors_info=&#8220;{}&#8220;][et_pb_image src=&#8220;https:\/\/mas-keltereiprodukte.de\/wp-content\/uploads\/2022\/11\/mythosfer.jpg&#8220; title_text=&#8220;mythosfer&#8220; _builder_version=&#8220;4.18.0&#8243; _module_preset=&#8220;default&#8220; global_colors_info=&#8220;{}&#8220;][\/et_pb_image][\/et_pb_column][et_pb_column type=&#8220;1_2&#8243; _builder_version=&#8220;4.18.0&#8243; _module_preset=&#8220;default&#8220; global_colors_info=&#8220;{}&#8220;][et_pb_image src=&#8220;https:\/\/mas-keltereiprodukte.de\/wp-content\/uploads\/2022\/11\/L75_7980.jpg&#8220; title_text=&#8220;L75_7980&#8243; _builder_version=&#8220;4.18.0&#8243; _module_preset=&#8220;default&#8220; global_colors_info=&#8220;{}&#8220;][\/et_pb_image][\/et_pb_column][\/et_pb_row][et_pb_row column_structure=&#8220;1_2,1_2&#8243; _builder_version=&#8220;4.18.0&#8243; _module_preset=&#8220;default&#8220; global_colors_info=&#8220;{}&#8220;][et_pb_column type=&#8220;1_2&#8243; _builder_version=&#8220;4.18.0&#8243; _module_preset=&#8220;default&#8220; global_colors_info=&#8220;{}&#8220;][et_pb_image src=&#8220;https:\/\/mas-keltereiprodukte.de\/wp-content\/uploads\/2022\/11\/mythosfert-1.jpg&#8220; title_text=&#8220;mythosfert (1)&#8220; _builder_version=&#8220;4.18.0&#8243; _module_preset=&#8220;default&#8220; global_colors_info=&#8220;{}&#8220;][\/et_pb_image][\/et_pb_column][et_pb_column type=&#8220;1_2&#8243; _builder_version=&#8220;4.18.0&#8243; _module_preset=&#8220;default&#8220; global_colors_info=&#8220;{}&#8220;][et_pb_image src=&#8220;https:\/\/mas-keltereiprodukte.de\/wp-content\/uploads\/2022\/11\/mythosfert-3.jpg&#8220; title_text=&#8220;mythosfert (3)&#8220; _builder_version=&#8220;4.18.0&#8243; _module_preset=&#8220;default&#8220; global_colors_info=&#8220;{}&#8220;][\/et_pb_image][\/et_pb_column][\/et_pb_row][\/et_pb_section][et_pb_section fb_built=&#8220;1&#8243; theme_builder_area=&#8220;post_content&#8220; _builder_version=&#8220;4.27.2&#8243; _module_preset=&#8220;default&#8220;][et_pb_row _builder_version=&#8220;4.16&#8243; global_colors_info=&#8220;{}&#8220; theme_builder_area=&#8220;post_content&#8220;][et_pb_column type=&#8220;4_4&#8243; _builder_version=&#8220;4.16&#8243; custom_padding=&#8220;|||&#8220; global_colors_info=&#8220;{}&#8220; custom_padding__hover=&#8220;|||&#8220; theme_builder_area=&#8220;post_content&#8220;][et_pb_text _builder_version=&#8220;4.16&#8243; global_colors_info=&#8220;{}&#8220; theme_builder_area=&#8220;post_content&#8220;]<\/p>\n<h1 style=\"text-align: center;\">Kontaktieren Sie uns<\/h1>\n<p>[\/et_pb_text][et_pb_button button_url=&#8220;https:\/\/mas-keltereiprodukte.de\/kontakt\/&#8220; button_text=&#8220;Anfrage &#8220; button_alignment=&#8220;center&#8220; _builder_version=&#8220;4.27.2&#8243; custom_button=&#8220;on&#8220; button_text_size=&#8220;18px&#8220; button_text_color=&#8220;#ffffff&#8220; button_bg_color=&#8220;#fe4701&#8243; button_border_width=&#8220;1px&#8220; button_font=&#8220;||||||||&#8220; global_colors_info=&#8220;{}&#8220; theme_builder_area=&#8220;post_content&#8220;][\/et_pb_button][\/et_pb_column][\/et_pb_row][\/et_pb_section]<\/p>\n","protected":false},"excerpt":{"rendered":"<p>MythosproduktionDie M.A.S. Keltereiprodukte GmbH mit Sitz in Bensheim ist spezialisiert auf den Bau der Mythos Weinpresse. Nach Ihren Vorgaben entwickeln und fertigen wir Ihre Mythos Weinpresse. \u00a0M.A.S. greift bew\u00e4hrte Technik auf, deren vertikale Edelstahl-Saftkan\u00e4le und gro\u00dfe Deckel\u00f6ffnung (fast \u00fcber die gesamte Trommell\u00e4nge) eine un\u00fcbertroffene Vielfalt an Verarbeitungsmethoden und viele andere Vorteile bietet.Kontaktieren Sie uns<\/p>","protected":false},"author":1,"featured_media":0,"parent":0,"menu_order":0,"comment_status":"closed","ping_status":"closed","template":"","meta":{"_et_pb_use_builder":"on","_et_pb_old_content":"","_et_gb_content_width":"","footnotes":""},"class_list":["post-1630","page","type-page","status-publish","hentry"],"yoast_head":"<!-- This site is optimized with the Yoast SEO plugin v27.4 - https:\/\/yoast.com\/product\/yoast-seo-wordpress\/ -->\n<title>Mythosproduktion - Weinpressen und Keltereianlagen - M.A.S. Keltereiprodukte GMBH<\/title>\n<meta name=\"robots\" content=\"index, follow, max-snippet:-1, max-image-preview:large, max-video-preview:-1\" \/>\n<link rel=\"canonical\" href=\"https:\/\/mas-keltereiprodukte.de\/en\/mythosproduktion\/\" \/>\n<meta property=\"og:locale\" content=\"en_GB\" \/>\n<meta property=\"og:type\" content=\"article\" \/>\n<meta property=\"og:title\" content=\"Mythosproduktion - Weinpressen und Keltereianlagen - M.A.S. Keltereiprodukte GMBH\" \/>\n<meta property=\"og:description\" content=\"MythosproduktionDie M.A.S. Keltereiprodukte GmbH mit Sitz in Bensheim ist spezialisiert auf den Bau der Mythos Weinpresse. Nach Ihren Vorgaben entwickeln und fertigen wir Ihre Mythos Weinpresse. \u00a0M.A.S. greift bew\u00e4hrte Technik auf, deren vertikale Edelstahl-Saftkan\u00e4le und gro\u00dfe Deckel\u00f6ffnung (fast \u00fcber die gesamte Trommell\u00e4nge) eine un\u00fcbertroffene Vielfalt an Verarbeitungsmethoden und viele andere Vorteile bietet.Kontaktieren Sie uns\" \/>\n<meta property=\"og:url\" content=\"https:\/\/mas-keltereiprodukte.de\/en\/mythosproduktion\/\" \/>\n<meta property=\"og:site_name\" content=\"Weinpressen und Keltereianlagen - M.A.S. Keltereiprodukte GMBH\" \/>\n<meta property=\"article:modified_time\" content=\"2024-10-22T12:18:51+00:00\" \/>\n<meta name=\"twitter:card\" content=\"summary_large_image\" \/>\n<script type=\"application\/ld+json\" class=\"yoast-schema-graph\">{\"@context\":\"https:\\\/\\\/schema.org\",\"@graph\":[{\"@type\":\"WebPage\",\"@id\":\"https:\\\/\\\/mas-keltereiprodukte.de\\\/mythosproduktion\\\/\",\"url\":\"https:\\\/\\\/mas-keltereiprodukte.de\\\/mythosproduktion\\\/\",\"name\":\"Mythosproduktion - Weinpressen und Keltereianlagen - M.A.S. Keltereiprodukte GMBH\",\"isPartOf\":{\"@id\":\"https:\\\/\\\/mas-keltereiprodukte.de\\\/#website\"},\"datePublished\":\"2022-11-23T07:46:57+00:00\",\"dateModified\":\"2024-10-22T12:18:51+00:00\",\"breadcrumb\":{\"@id\":\"https:\\\/\\\/mas-keltereiprodukte.de\\\/mythosproduktion\\\/#breadcrumb\"},\"inLanguage\":\"en-GB\",\"potentialAction\":[{\"@type\":\"ReadAction\",\"target\":[\"https:\\\/\\\/mas-keltereiprodukte.de\\\/mythosproduktion\\\/\"]}]},{\"@type\":\"BreadcrumbList\",\"@id\":\"https:\\\/\\\/mas-keltereiprodukte.de\\\/mythosproduktion\\\/#breadcrumb\",\"itemListElement\":[{\"@type\":\"ListItem\",\"position\":1,\"name\":\"Startseite\",\"item\":\"https:\\\/\\\/mas-keltereiprodukte.de\\\/\"},{\"@type\":\"ListItem\",\"position\":2,\"name\":\"Mythosproduktion\"}]},{\"@type\":\"WebSite\",\"@id\":\"https:\\\/\\\/mas-keltereiprodukte.de\\\/#website\",\"url\":\"https:\\\/\\\/mas-keltereiprodukte.de\\\/\",\"name\":\"Weinpressen und Keltereianlagen - M.A.S. Keltereiprodukte GMBH\",\"description\":\"\",\"potentialAction\":[{\"@type\":\"SearchAction\",\"target\":{\"@type\":\"EntryPoint\",\"urlTemplate\":\"https:\\\/\\\/mas-keltereiprodukte.de\\\/?s={search_term_string}\"},\"query-input\":{\"@type\":\"PropertyValueSpecification\",\"valueRequired\":true,\"valueName\":\"search_term_string\"}}],\"inLanguage\":\"en-GB\"}]}<\/script>\n<!-- \/ Yoast SEO plugin. -->","yoast_head_json":{"title":"Mythosproduktion - Weinpressen und Keltereianlagen - M.A.S. Keltereiprodukte GMBH","robots":{"index":"index","follow":"follow","max-snippet":"max-snippet:-1","max-image-preview":"max-image-preview:large","max-video-preview":"max-video-preview:-1"},"canonical":"https:\/\/mas-keltereiprodukte.de\/en\/mythosproduktion\/","og_locale":"en_GB","og_type":"article","og_title":"Mythosproduktion - Weinpressen und Keltereianlagen - M.A.S. Keltereiprodukte GMBH","og_description":"MythosproduktionDie M.A.S. Keltereiprodukte GmbH mit Sitz in Bensheim ist spezialisiert auf den Bau der Mythos Weinpresse. Nach Ihren Vorgaben entwickeln und fertigen wir Ihre Mythos Weinpresse. \u00a0M.A.S. greift bew\u00e4hrte Technik auf, deren vertikale Edelstahl-Saftkan\u00e4le und gro\u00dfe Deckel\u00f6ffnung (fast \u00fcber die gesamte Trommell\u00e4nge) eine un\u00fcbertroffene Vielfalt an Verarbeitungsmethoden und viele andere Vorteile bietet.Kontaktieren Sie uns","og_url":"https:\/\/mas-keltereiprodukte.de\/en\/mythosproduktion\/","og_site_name":"Weinpressen und Keltereianlagen - M.A.S. Keltereiprodukte GMBH","article_modified_time":"2024-10-22T12:18:51+00:00","twitter_card":"summary_large_image","schema":{"@context":"https:\/\/schema.org","@graph":[{"@type":"WebPage","@id":"https:\/\/mas-keltereiprodukte.de\/mythosproduktion\/","url":"https:\/\/mas-keltereiprodukte.de\/mythosproduktion\/","name":"Mythosproduktion - Weinpressen und Keltereianlagen - M.A.S. Keltereiprodukte GMBH","isPartOf":{"@id":"https:\/\/mas-keltereiprodukte.de\/#website"},"datePublished":"2022-11-23T07:46:57+00:00","dateModified":"2024-10-22T12:18:51+00:00","breadcrumb":{"@id":"https:\/\/mas-keltereiprodukte.de\/mythosproduktion\/#breadcrumb"},"inLanguage":"en-GB","potentialAction":[{"@type":"ReadAction","target":["https:\/\/mas-keltereiprodukte.de\/mythosproduktion\/"]}]},{"@type":"BreadcrumbList","@id":"https:\/\/mas-keltereiprodukte.de\/mythosproduktion\/#breadcrumb","itemListElement":[{"@type":"ListItem","position":1,"name":"Startseite","item":"https:\/\/mas-keltereiprodukte.de\/"},{"@type":"ListItem","position":2,"name":"Mythosproduktion"}]},{"@type":"WebSite","@id":"https:\/\/mas-keltereiprodukte.de\/#website","url":"https:\/\/mas-keltereiprodukte.de\/","name":"Weinpressen und Keltereianlagen - M.A.S. Keltereiprodukte GMBH","description":"","potentialAction":[{"@type":"SearchAction","target":{"@type":"EntryPoint","urlTemplate":"https:\/\/mas-keltereiprodukte.de\/?s={search_term_string}"},"query-input":{"@type":"PropertyValueSpecification","valueRequired":true,"valueName":"search_term_string"}}],"inLanguage":"en-GB"}]}},"_links":{"self":[{"href":"https:\/\/mas-keltereiprodukte.de\/en\/wp-json\/wp\/v2\/pages\/1630","targetHints":{"allow":["GET"]}}],"collection":[{"href":"https:\/\/mas-keltereiprodukte.de\/en\/wp-json\/wp\/v2\/pages"}],"about":[{"href":"https:\/\/mas-keltereiprodukte.de\/en\/wp-json\/wp\/v2\/types\/page"}],"author":[{"embeddable":true,"href":"https:\/\/mas-keltereiprodukte.de\/en\/wp-json\/wp\/v2\/users\/1"}],"replies":[{"embeddable":true,"href":"https:\/\/mas-keltereiprodukte.de\/en\/wp-json\/wp\/v2\/comments?post=1630"}],"version-history":[{"count":9,"href":"https:\/\/mas-keltereiprodukte.de\/en\/wp-json\/wp\/v2\/pages\/1630\/revisions"}],"predecessor-version":[{"id":2033,"href":"https:\/\/mas-keltereiprodukte.de\/en\/wp-json\/wp\/v2\/pages\/1630\/revisions\/2033"}],"wp:attachment":[{"href":"https:\/\/mas-keltereiprodukte.de\/en\/wp-json\/wp\/v2\/media?parent=1630"}],"curies":[{"name":"wp","href":"https:\/\/api.w.org\/{rel}","templated":true}]}}