{"id":114,"date":"2019-07-05T09:50:25","date_gmt":"2019-07-05T07:50:25","guid":{"rendered":"http:\/\/mas.visualmedia7.alfahosting.org\/?page_id=114"},"modified":"2024-10-22T14:05:29","modified_gmt":"2024-10-22T12:05:29","slug":"membranpresse-velvet-halboffenes-system","status":"publish","type":"page","link":"https:\/\/mas-keltereiprodukte.de\/en\/weinpressen\/membranpresse-velvet-halboffenes-system\/","title":{"rendered":"Tecnova"},"content":{"rendered":"<p>[et_pb_section fb_built=&#8220;1&#8243; _builder_version=&#8220;4.16&#8243; background_color=&#8220;#f2f2f2&#8243; custom_padding=&#8220;||34px|||&#8220; global_colors_info=&#8220;{}&#8220;][et_pb_row _builder_version=&#8220;4.16&#8243; global_colors_info=&#8220;{}&#8220;][et_pb_column type=&#8220;4_4&#8243; _builder_version=&#8220;4.16&#8243; custom_padding=&#8220;|||&#8220; global_colors_info=&#8220;{}&#8220; custom_padding__hover=&#8220;|||&#8220;][et_pb_text _builder_version=&#8220;4.16&#8243; global_colors_info=&#8220;{}&#8220;]<\/p>\n<h1 style=\"text-align: center;\">Membranpressen Tecnova &#8211; halboffenes System<\/h1>\n<p>[\/et_pb_text][et_pb_divider color=&#8220;#ff9000&#8243; divider_weight=&#8220;2px&#8220; _builder_version=&#8220;4.16&#8243; width=&#8220;50%&#8220; module_alignment=&#8220;center&#8220; global_colors_info=&#8220;{}&#8220;][\/et_pb_divider][\/et_pb_column][\/et_pb_row][\/et_pb_section][et_pb_section fb_built=&#8220;1&#8243; _builder_version=&#8220;4.16&#8243; background_color=&#8220;#ffffff&#8220; custom_padding=&#8220;30px||28px|||&#8220; global_colors_info=&#8220;{}&#8220;][et_pb_row column_structure=&#8220;1_2,1_2&#8243; _builder_version=&#8220;4.16&#8243; _module_preset=&#8220;default&#8220; custom_padding=&#8220;||11px|||&#8220; global_colors_info=&#8220;{}&#8220;][et_pb_column type=&#8220;1_2&#8243; _builder_version=&#8220;4.16&#8243; _module_preset=&#8220;default&#8220; global_colors_info=&#8220;{}&#8220;][et_pb_image src=&#8220;https:\/\/mas-keltereiprodukte.de\/wp-content\/uploads\/2021\/04\/TECNOVAT26.png&#8220; title_text=&#8220;TECNOVAT26&#8243; align_tablet=&#8220;center&#8220; align_phone=&#8220;&#8220; align_last_edited=&#8220;on|desktop&#8220; _builder_version=&#8220;4.16&#8243; global_colors_info=&#8220;{}&#8220;][\/et_pb_image][\/et_pb_column][et_pb_column type=&#8220;1_2&#8243; _builder_version=&#8220;4.16&#8243; _module_preset=&#8220;default&#8220; global_colors_info=&#8220;{}&#8220;][et_pb_image src=&#8220;https:\/\/mas-keltereiprodukte.de\/wp-content\/uploads\/2021\/04\/TECNOVAT26_frontweb.jpg&#8220; title_text=&#8220;TECNOVAT26_frontweb&#8220; align_tablet=&#8220;center&#8220; align_phone=&#8220;&#8220; align_last_edited=&#8220;on|desktop&#8220; _builder_version=&#8220;4.16&#8243; global_colors_info=&#8220;{}&#8220;][\/et_pb_image][\/et_pb_column][\/et_pb_row][et_pb_row _builder_version=&#8220;4.16&#8243; global_colors_info=&#8220;{}&#8220;][et_pb_column type=&#8220;4_4&#8243; _builder_version=&#8220;4.16&#8243; custom_padding=&#8220;|||&#8220; global_colors_info=&#8220;{}&#8220; custom_padding__hover=&#8220;|||&#8220;][et_pb_text _builder_version=&#8220;4.16&#8243; global_colors_info=&#8220;{}&#8220;]<\/p>\n<h3>Tecnova T26<\/h3>\n<p>[\/et_pb_text][\/et_pb_column][\/et_pb_row][et_pb_row _builder_version=&#8220;4.16&#8243; min_height=&#8220;93px&#8220; custom_padding=&#8220;5px|||||&#8220; global_colors_info=&#8220;{}&#8220;][et_pb_column type=&#8220;4_4&#8243; _builder_version=&#8220;4.16&#8243; custom_padding=&#8220;|||&#8220; global_colors_info=&#8220;{}&#8220; custom_padding__hover=&#8220;|||&#8220;][et_pb_text _builder_version=&#8220;4.21.0&#8243; _module_preset=&#8220;default&#8220; global_colors_info=&#8220;{}&#8220;]<\/p>\n<p><strong>Modelle:<\/strong> Tecnova T11.5, Tecnova T15, Tecnova T26<\/p>\n<p><span style=\"font-size: 14px;\"><strong>Technische Beschreibung:<\/strong><br \/><\/span><span style=\"font-size: 14px;\">Horizontale pneumatische Membranpresse mit halbseitig geschlitzter Edelstahltrommel AISI 304.\u00a0<\/span><span style=\"font-size: 14px;\">Pressmembrane aus lebensmittelechtem Kunststoff, komplett aufblasbar auch ohne Produkt.\u00a0<\/span><span style=\"font-size: 14px;\">Schnelles Klemmsystem, kein Durchl\u00f6chern der Membran n\u00f6tig. <\/span><span style=\"font-size: 14px;\">Maschine versehen mit automatischer Zentralbef\u00fcllung mit Druckw\u00e4chter und Sicherheitsberstscheibe.\u00a0<\/span><span style=\"font-size: 14px;\">Gestell aus lackiertem Stahl mit gro\u00dfer Mostsammelwanne und Schaltkasten aus Edelstahl entsprechend den aktuellen europ\u00e4ischen Richtlinien.\u00a0<\/span><span style=\"font-size: 14px;\">F\u00fcr Modelle TECNOVA T11.5\/ T15 ist ein Kompressor zum Aufblasen der Membrane und ein Hilfskompressor als Option verf\u00fcgbar. Gebl\u00e4se, zur schnelleren Absaugung der Membrane und zweiter Kompressor f\u00fcr die Steuerluft sind immer integriert. <\/span><span style=\"font-size: 14px;\">Seitliche Sicherheitsschranke und Not-Halt zur Sicherheit des Bedieners. Die Maschine entspricht der EG-Richtlinie.<\/span><span style=\"font-size: 14px;\">\u00a0<\/span><\/p>\n<p><strong>Handhabung:<\/strong><br \/><span style=\"font-size: 14px;\">Die Bedienerschnittstelle E-panel \u201eTouch Screen\u201c zeigt einfache und intuitive Graphiken, f\u00fcr leichte Handhabung.\u00a0<\/span><span style=\"font-size: 14px;\">Dies erlaubt die Bedienung und die Programmierung aller Arbeitszyklen der Maschine, sowie die \u00dcberwachung des laufenden Prozesses und des Maschinenzustands.\u00a0<\/span><span style=\"font-size: 14px;\">In dem Bedienfeld sind 30 Pressprogramme, die Funktion \u201eRocking\u201c zum Schwenken der Trommel und das intelligente Programm M.I.P. vorinstalliert. <\/span><span style=\"font-size: 14px;\">Die Bedientafel mit Touch Screen ist auf einem Edelstahlgeh\u00e4use mit verstellbarer Neigung montiert. Au\u00dferdem ist sie zur \u00dcberwinterung, falls gew\u00fcnscht, einfach von der Maschine abnehmbar.<\/span><\/p>\n<p>&nbsp;<\/p>\n<p>[\/et_pb_text][\/et_pb_column][\/et_pb_row][\/et_pb_section][et_pb_section fb_built=&#8220;1&#8243; _builder_version=&#8220;4.16&#8243; background_color=&#8220;#ffffff&#8220; custom_padding=&#8220;30px||29px|||&#8220; global_colors_info=&#8220;{}&#8220;][et_pb_row column_structure=&#8220;1_2,1_2&#8243; _builder_version=&#8220;4.16&#8243; _module_preset=&#8220;default&#8220; global_colors_info=&#8220;{}&#8220;][et_pb_column type=&#8220;1_2&#8243; _builder_version=&#8220;4.16&#8243; _module_preset=&#8220;default&#8220; global_colors_info=&#8220;{}&#8220;][et_pb_image src=&#8220;https:\/\/mas-keltereiprodukte.de\/wp-content\/uploads\/2019\/07\/tecnova-80_foto-macchina4.jpg&#8220; align_tablet=&#8220;center&#8220; align_phone=&#8220;&#8220; align_last_edited=&#8220;on|desktop&#8220; _builder_version=&#8220;4.16&#8243; global_colors_info=&#8220;{}&#8220;][\/et_pb_image][\/et_pb_column][et_pb_column type=&#8220;1_2&#8243; _builder_version=&#8220;4.16&#8243; _module_preset=&#8220;default&#8220; global_colors_info=&#8220;{}&#8220;][et_pb_image src=&#8220;https:\/\/mas-keltereiprodukte.de\/wp-content\/uploads\/2019\/07\/tecnova-80_portella-aperta5.jpg&#8220; align_tablet=&#8220;center&#8220; align_phone=&#8220;&#8220; align_last_edited=&#8220;on|desktop&#8220; _builder_version=&#8220;4.16&#8243; global_colors_info=&#8220;{}&#8220;][\/et_pb_image][\/et_pb_column][\/et_pb_row][et_pb_row _builder_version=&#8220;4.16&#8243; global_colors_info=&#8220;{}&#8220;][et_pb_column type=&#8220;4_4&#8243; _builder_version=&#8220;4.16&#8243; custom_padding=&#8220;|||&#8220; global_colors_info=&#8220;{}&#8220; custom_padding__hover=&#8220;|||&#8220;][et_pb_text _builder_version=&#8220;4.16&#8243; global_colors_info=&#8220;{}&#8220;]<\/p>\n<h3>Tecnova 80<\/h3>\n<p>[\/et_pb_text][\/et_pb_column][\/et_pb_row][et_pb_row column_structure=&#8220;3_5,2_5&#8243; _builder_version=&#8220;4.16&#8243; _module_preset=&#8220;default&#8220; global_colors_info=&#8220;{}&#8220;][et_pb_column type=&#8220;3_5&#8243; _builder_version=&#8220;4.16&#8243; _module_preset=&#8220;default&#8220; global_colors_info=&#8220;{}&#8220;][et_pb_text _builder_version=&#8220;4.21.0&#8243; _module_preset=&#8220;default&#8220; global_colors_info=&#8220;{}&#8220;]<\/p>\n<p><strong>Modelle<\/strong>: Tecnova 40, Tecnova 50, Tecnova 65, Tecnova 80<\/p>\n<p><strong>Technische Beschreibung:<\/strong><br \/>Horizontale pneumatische Membranpresse mit halbseitig geschlitzter Edelstahltrommel AISI 304. Pressmembrane aus lebensmittelechtem Kunststoff, komplett aufblasbar auch ohne Produkt. Schnelles Klemmsystem, kein durchl\u00f6chern der Membran n\u00f6tig.<br \/>Maschine versehen mit automatischer Zentralbef\u00fcllung mit Druckw\u00e4chter und Sicherheitsberstscheibe. Gestell komplett aus Edelstahl AISI 304 mit gro\u00dfer Mostsammelwanne und Schaltkasten aus Edelstahl, entsprechend den aktuellen europ\u00e4ischen Richtlinien.<br \/>Maschine mit integriertem Kompressor zum Aufblasen der Membran und Gebl\u00e4se zur schnelleren Absaugung der Membrane; ein zweiter Kompressor ist f\u00fcr die Steuerluft integriert.<br \/>Seitliche Sicherheitsschranke und Not-Halt zur Sicherheit des Bedieners. Die Maschine entspricht der EG-Richtlinie.<\/p>\n<p><strong>Handhabung<\/strong>:<br \/>Die Bedienerschnittstelle E-panel \u201eTouch Screen\u201c zeigt einfache und intuitive Graphiken, f\u00fcr leichte Handhabung.<br \/>Dies erlaubt die Bedienung und die Programmierung aller Arbeitszyklen der Maschine, sowie die \u00dcberwachung des laufenden Prozesses und des Maschinenzustands.<br \/>In dem Bedienfeld sind 30 Pressprogramme, die Funktion \u201eRocking\u201c zum Schwenken der Trommel und das intelligente Programm M.I.P. vorinstalliert.<br \/>Die Bedientafel mit Touch Screen ist auf einem Edelstahlgeh\u00e4use mit verstellbarer Neigung montiert. Au\u00dferdem ist sie zur \u00dcberwinterung, falls gew\u00fcnscht, einfach von der Maschine abnehmbar.<\/p>\n<p>[\/et_pb_text][\/et_pb_column][et_pb_column type=&#8220;2_5&#8243; _builder_version=&#8220;4.16&#8243; _module_preset=&#8220;default&#8220; global_colors_info=&#8220;{}&#8220;][\/et_pb_column][\/et_pb_row][et_pb_row column_structure=&#8220;1_2,1_2&#8243; _builder_version=&#8220;4.16&#8243; _module_preset=&#8220;default&#8220; global_colors_info=&#8220;{}&#8220;][et_pb_column type=&#8220;1_2&#8243; _builder_version=&#8220;4.16&#8243; _module_preset=&#8220;default&#8220; global_colors_info=&#8220;{}&#8220;][et_pb_image src=&#8220;https:\/\/mas-keltereiprodukte.de\/wp-content\/uploads\/2021\/04\/TECNOVA-XZ-34web.jpg&#8220; title_text=&#8220;TECNOVA-XZ-34web&#8220; align_tablet=&#8220;center&#8220; align_phone=&#8220;&#8220; align_last_edited=&#8220;on|desktop&#8220; _builder_version=&#8220;4.16&#8243; global_colors_info=&#8220;{}&#8220;][\/et_pb_image][\/et_pb_column][et_pb_column type=&#8220;1_2&#8243; _builder_version=&#8220;4.16&#8243; _module_preset=&#8220;default&#8220; global_colors_info=&#8220;{}&#8220;][et_pb_image src=&#8220;https:\/\/mas-keltereiprodukte.de\/wp-content\/uploads\/2021\/04\/dm-003120web.jpg&#8220; title_text=&#8220;dm-003120web&#8220; align_tablet=&#8220;center&#8220; align_phone=&#8220;&#8220; align_last_edited=&#8220;on|desktop&#8220; _builder_version=&#8220;4.16&#8243; global_colors_info=&#8220;{}&#8220;][\/et_pb_image][\/et_pb_column][\/et_pb_row][\/et_pb_section][et_pb_section fb_built=&#8220;1&#8243; _builder_version=&#8220;4.16&#8243; background_color=&#8220;#ffffff&#8220; custom_padding=&#8220;13px|||||&#8220; global_colors_info=&#8220;{}&#8220;][et_pb_row _builder_version=&#8220;4.16&#8243; global_colors_info=&#8220;{}&#8220;][et_pb_column type=&#8220;4_4&#8243; _builder_version=&#8220;4.16&#8243; custom_padding=&#8220;|||&#8220; global_colors_info=&#8220;{}&#8220; custom_padding__hover=&#8220;|||&#8220;][et_pb_text _builder_version=&#8220;4.16&#8243; global_colors_info=&#8220;{}&#8220;]<\/p>\n<h3>Tecnova XZ34<\/h3>\n<p>[\/et_pb_text][\/et_pb_column][\/et_pb_row][et_pb_row column_structure=&#8220;3_5,2_5&#8243; _builder_version=&#8220;4.16&#8243; min_height=&#8220;93px&#8220; custom_padding=&#8220;4px|||||&#8220; global_colors_info=&#8220;{}&#8220;][et_pb_column type=&#8220;3_5&#8243; _builder_version=&#8220;4.16&#8243; custom_padding=&#8220;|||&#8220; global_colors_info=&#8220;{}&#8220; custom_padding__hover=&#8220;|||&#8220;][et_pb_text _builder_version=&#8220;4.21.0&#8243; _module_preset=&#8220;default&#8220; global_colors_info=&#8220;{}&#8220;]<\/p>\n<p><strong>Modelle<\/strong>: Tecnova XZ 15, Tecnova XZ 23, Tecnova XZ 34<\/p>\n<p><span style=\"font-size: 14px;\">Technische Beschreibung:<br \/><\/span><span style=\"font-size: 14px;\">Horizontale pneumatische Membranpresse mit halbseitig geschlitzter Edelstahltrommel AISI 304.\u00a0<\/span><span style=\"font-size: 14px;\">Gro\u00dfe doppelte T\u00fcr zur manuellen Bet\u00e4tigung, mit mechanischer Sicherheitsverriegelung.\u00a0<\/span><span style=\"font-size: 14px;\">Pressmembrane aus lebensmittelechtem Kunststoff, komplett aufblasbar auch ohne Produkt.\u00a0<\/span><span style=\"font-size: 14px;\">Schnelles Klemmsystem, kein Durchl\u00f6chern der Membran n\u00f6tig.<\/span><\/p>\n<p>Gestell komplett aus Edelstahl AISI 304 mit gro\u00dfer Mostsammelwanne und Schaltkasten aus Edelstahl, entsprechend den aktuellen europ\u00e4ischen Richtlinien.<\/p>\n<p>Maschine mit integriertem Kompressor zum Aufblasen der Membran und Gebl\u00e4se zur schnelleren Absaugung der Membrane; ein zweiter Kompressor ist f\u00fcr die Steuerluft integriert.<\/p>\n<p>Seitliche Sicherheitsschranke und Not-Halt zur Sicherheit des Bedieners. Die Maschine entspricht der EG-Richtlinie.<\/p>\n<p><span style=\"font-size: 14px;\"><strong>Handhabung<\/strong>:<br \/><\/span><span style=\"font-size: 14px;\">Die Bedienerschnittstelle E-panel \u201eTouch Screen\u201c zeigt einfache und intuitive Graphiken, f\u00fcr leichte Handhabung.<\/span><\/p>\n<p>Dies erlaubt die Bedienung und die Programmierung aller Arbeitszyklen der Maschine, sowie die \u00dcberwachung des laufenden Prozesses und des Maschinenzustands.<\/p>\n<p>In dem Bedienfeld sind 30 Pressprogramme, die Funktion \u201eRocking\u201c zum Schwenken der Trommel und das intelligente Programm M.I.P. vorinstalliert.<\/p>\n<p>Die Bedientafel mit Touch Screen ist auf einem Edelstahlgeh\u00e4use mit verstellbarer Neigung montiert. Au\u00dferdem ist sie zur \u00dcberwinterung, falls gew\u00fcnscht, einfach von der Maschine abnehmbar.<\/p>\n<p>&nbsp;<\/p>\n<p>[\/et_pb_text][\/et_pb_column][et_pb_column type=&#8220;2_5&#8243; _builder_version=&#8220;4.16&#8243; custom_padding=&#8220;|||&#8220; global_colors_info=&#8220;{}&#8220; custom_padding__hover=&#8220;|||&#8220;][\/et_pb_column][\/et_pb_row][\/et_pb_section][et_pb_section fb_built=&#8220;1&#8243; _builder_version=&#8220;4.16&#8243; background_color=&#8220;#f7f7f7&#8243; global_colors_info=&#8220;{}&#8220;][et_pb_row _builder_version=&#8220;4.16&#8243; global_colors_info=&#8220;{}&#8220;][et_pb_column type=&#8220;4_4&#8243; _builder_version=&#8220;4.16&#8243; custom_padding=&#8220;|||&#8220; global_colors_info=&#8220;{}&#8220; custom_padding__hover=&#8220;|||&#8220;][et_pb_text _builder_version=&#8220;4.16&#8243; global_colors_info=&#8220;{}&#8220;]<\/p>\n<h1 style=\"text-align: center;\">Kontaktieren Sie uns<\/h1>\n<p>[\/et_pb_text][et_pb_button button_text=&#8220;Anfrage &#8220; button_alignment=&#8220;center&#8220; _builder_version=&#8220;4.27.2&#8243; custom_button=&#8220;on&#8220; button_text_size=&#8220;18px&#8220; button_text_color=&#8220;#ffffff&#8220; button_bg_color=&#8220;#ff9000&#8243; button_border_width=&#8220;1px&#8220; button_font=&#8220;||||||||&#8220; hover_enabled=&#8220;0&#8243; global_colors_info=&#8220;{}&#8220; button_url=&#8220;https:\/\/mas-keltereiprodukte.de\/kontakt\/&#8220; sticky_enabled=&#8220;0&#8243;][\/et_pb_button][\/et_pb_column][\/et_pb_row][\/et_pb_section]<\/p>\n","protected":false},"excerpt":{"rendered":"<p>Membranpressen Tecnova &#8211; halboffenes SystemTecnova T26Modelle: Tecnova T11.5, Tecnova T15, Tecnova T26 Technische Beschreibung:Horizontale pneumatische Membranpresse mit halbseitig geschlitzter Edelstahltrommel AISI 304.\u00a0Pressmembrane aus lebensmittelechtem Kunststoff, komplett aufblasbar auch ohne Produkt.\u00a0Schnelles Klemmsystem, kein Durchl\u00f6chern der Membran n\u00f6tig. Maschine versehen mit automatischer Zentralbef\u00fcllung mit Druckw\u00e4chter und Sicherheitsberstscheibe.\u00a0Gestell aus lackiertem Stahl mit gro\u00dfer Mostsammelwanne und Schaltkasten aus Edelstahl [&hellip;]<\/p>\n","protected":false},"author":1,"featured_media":0,"parent":362,"menu_order":0,"comment_status":"closed","ping_status":"closed","template":"","meta":{"_et_pb_use_builder":"on","_et_pb_old_content":"","_et_gb_content_width":"","footnotes":""},"class_list":["post-114","page","type-page","status-publish","hentry"],"yoast_head":"<!-- This site is optimized with the Yoast SEO plugin v27.4 - https:\/\/yoast.com\/product\/yoast-seo-wordpress\/ -->\n<title>Tecnova - Weinpressen und Keltereianlagen - M.A.S. Keltereiprodukte GMBH<\/title>\n<meta name=\"robots\" content=\"index, follow, max-snippet:-1, max-image-preview:large, max-video-preview:-1\" \/>\n<link rel=\"canonical\" href=\"https:\/\/mas-keltereiprodukte.de\/en\/weinpressen\/membranpresse-velvet-halboffenes-system\/\" \/>\n<meta property=\"og:locale\" content=\"en_GB\" \/>\n<meta property=\"og:type\" content=\"article\" \/>\n<meta property=\"og:title\" content=\"Tecnova - Weinpressen und Keltereianlagen - M.A.S. Keltereiprodukte GMBH\" \/>\n<meta property=\"og:description\" content=\"Membranpressen Tecnova - halboffenes SystemTecnova T26Modelle: Tecnova T11.5, Tecnova T15, Tecnova T26 Technische Beschreibung:Horizontale pneumatische Membranpresse mit halbseitig geschlitzter Edelstahltrommel AISI 304.\u00a0Pressmembrane aus lebensmittelechtem Kunststoff, komplett aufblasbar auch ohne Produkt.\u00a0Schnelles Klemmsystem, kein Durchl\u00f6chern der Membran n\u00f6tig. Maschine versehen mit automatischer Zentralbef\u00fcllung mit Druckw\u00e4chter und Sicherheitsberstscheibe.\u00a0Gestell aus lackiertem Stahl mit gro\u00dfer Mostsammelwanne und Schaltkasten aus Edelstahl [&hellip;]\" \/>\n<meta property=\"og:url\" content=\"https:\/\/mas-keltereiprodukte.de\/en\/weinpressen\/membranpresse-velvet-halboffenes-system\/\" \/>\n<meta property=\"og:site_name\" content=\"Weinpressen und Keltereianlagen - M.A.S. Keltereiprodukte GMBH\" \/>\n<meta property=\"article:modified_time\" content=\"2024-10-22T12:05:29+00:00\" \/>\n<meta name=\"twitter:card\" content=\"summary_large_image\" \/>\n<meta name=\"twitter:label1\" content=\"Estimated reading time\" \/>\n\t<meta name=\"twitter:data1\" content=\"4 minutes\" \/>\n<script type=\"application\/ld+json\" class=\"yoast-schema-graph\">{\"@context\":\"https:\\\/\\\/schema.org\",\"@graph\":[{\"@type\":\"WebPage\",\"@id\":\"https:\\\/\\\/mas-keltereiprodukte.de\\\/weinpressen\\\/membranpresse-velvet-halboffenes-system\\\/\",\"url\":\"https:\\\/\\\/mas-keltereiprodukte.de\\\/weinpressen\\\/membranpresse-velvet-halboffenes-system\\\/\",\"name\":\"Tecnova - Weinpressen und Keltereianlagen - M.A.S. Keltereiprodukte GMBH\",\"isPartOf\":{\"@id\":\"https:\\\/\\\/mas-keltereiprodukte.de\\\/#website\"},\"datePublished\":\"2019-07-05T07:50:25+00:00\",\"dateModified\":\"2024-10-22T12:05:29+00:00\",\"breadcrumb\":{\"@id\":\"https:\\\/\\\/mas-keltereiprodukte.de\\\/weinpressen\\\/membranpresse-velvet-halboffenes-system\\\/#breadcrumb\"},\"inLanguage\":\"en-GB\",\"potentialAction\":[{\"@type\":\"ReadAction\",\"target\":[\"https:\\\/\\\/mas-keltereiprodukte.de\\\/weinpressen\\\/membranpresse-velvet-halboffenes-system\\\/\"]}]},{\"@type\":\"BreadcrumbList\",\"@id\":\"https:\\\/\\\/mas-keltereiprodukte.de\\\/weinpressen\\\/membranpresse-velvet-halboffenes-system\\\/#breadcrumb\",\"itemListElement\":[{\"@type\":\"ListItem\",\"position\":1,\"name\":\"Startseite\",\"item\":\"https:\\\/\\\/mas-keltereiprodukte.de\\\/\"},{\"@type\":\"ListItem\",\"position\":2,\"name\":\"Weinpressen\",\"item\":\"https:\\\/\\\/mas-keltereiprodukte.de\\\/weinpressen\\\/\"},{\"@type\":\"ListItem\",\"position\":3,\"name\":\"Tecnova\"}]},{\"@type\":\"WebSite\",\"@id\":\"https:\\\/\\\/mas-keltereiprodukte.de\\\/#website\",\"url\":\"https:\\\/\\\/mas-keltereiprodukte.de\\\/\",\"name\":\"Weinpressen und Keltereianlagen - M.A.S. Keltereiprodukte GMBH\",\"description\":\"\",\"potentialAction\":[{\"@type\":\"SearchAction\",\"target\":{\"@type\":\"EntryPoint\",\"urlTemplate\":\"https:\\\/\\\/mas-keltereiprodukte.de\\\/?s={search_term_string}\"},\"query-input\":{\"@type\":\"PropertyValueSpecification\",\"valueRequired\":true,\"valueName\":\"search_term_string\"}}],\"inLanguage\":\"en-GB\"}]}<\/script>\n<!-- \/ Yoast SEO plugin. -->","yoast_head_json":{"title":"Tecnova - Weinpressen und Keltereianlagen - M.A.S. Keltereiprodukte GMBH","robots":{"index":"index","follow":"follow","max-snippet":"max-snippet:-1","max-image-preview":"max-image-preview:large","max-video-preview":"max-video-preview:-1"},"canonical":"https:\/\/mas-keltereiprodukte.de\/en\/weinpressen\/membranpresse-velvet-halboffenes-system\/","og_locale":"en_GB","og_type":"article","og_title":"Tecnova - Weinpressen und Keltereianlagen - M.A.S. Keltereiprodukte GMBH","og_description":"Membranpressen Tecnova - halboffenes SystemTecnova T26Modelle: Tecnova T11.5, Tecnova T15, Tecnova T26 Technische Beschreibung:Horizontale pneumatische Membranpresse mit halbseitig geschlitzter Edelstahltrommel AISI 304.\u00a0Pressmembrane aus lebensmittelechtem Kunststoff, komplett aufblasbar auch ohne Produkt.\u00a0Schnelles Klemmsystem, kein Durchl\u00f6chern der Membran n\u00f6tig. Maschine versehen mit automatischer Zentralbef\u00fcllung mit Druckw\u00e4chter und Sicherheitsberstscheibe.\u00a0Gestell aus lackiertem Stahl mit gro\u00dfer Mostsammelwanne und Schaltkasten aus Edelstahl [&hellip;]","og_url":"https:\/\/mas-keltereiprodukte.de\/en\/weinpressen\/membranpresse-velvet-halboffenes-system\/","og_site_name":"Weinpressen und Keltereianlagen - M.A.S. Keltereiprodukte GMBH","article_modified_time":"2024-10-22T12:05:29+00:00","twitter_card":"summary_large_image","twitter_misc":{"Estimated reading time":"4 minutes"},"schema":{"@context":"https:\/\/schema.org","@graph":[{"@type":"WebPage","@id":"https:\/\/mas-keltereiprodukte.de\/weinpressen\/membranpresse-velvet-halboffenes-system\/","url":"https:\/\/mas-keltereiprodukte.de\/weinpressen\/membranpresse-velvet-halboffenes-system\/","name":"Tecnova - Weinpressen und Keltereianlagen - M.A.S. Keltereiprodukte GMBH","isPartOf":{"@id":"https:\/\/mas-keltereiprodukte.de\/#website"},"datePublished":"2019-07-05T07:50:25+00:00","dateModified":"2024-10-22T12:05:29+00:00","breadcrumb":{"@id":"https:\/\/mas-keltereiprodukte.de\/weinpressen\/membranpresse-velvet-halboffenes-system\/#breadcrumb"},"inLanguage":"en-GB","potentialAction":[{"@type":"ReadAction","target":["https:\/\/mas-keltereiprodukte.de\/weinpressen\/membranpresse-velvet-halboffenes-system\/"]}]},{"@type":"BreadcrumbList","@id":"https:\/\/mas-keltereiprodukte.de\/weinpressen\/membranpresse-velvet-halboffenes-system\/#breadcrumb","itemListElement":[{"@type":"ListItem","position":1,"name":"Startseite","item":"https:\/\/mas-keltereiprodukte.de\/"},{"@type":"ListItem","position":2,"name":"Weinpressen","item":"https:\/\/mas-keltereiprodukte.de\/weinpressen\/"},{"@type":"ListItem","position":3,"name":"Tecnova"}]},{"@type":"WebSite","@id":"https:\/\/mas-keltereiprodukte.de\/#website","url":"https:\/\/mas-keltereiprodukte.de\/","name":"Weinpressen und Keltereianlagen - M.A.S. Keltereiprodukte GMBH","description":"","potentialAction":[{"@type":"SearchAction","target":{"@type":"EntryPoint","urlTemplate":"https:\/\/mas-keltereiprodukte.de\/?s={search_term_string}"},"query-input":{"@type":"PropertyValueSpecification","valueRequired":true,"valueName":"search_term_string"}}],"inLanguage":"en-GB"}]}},"_links":{"self":[{"href":"https:\/\/mas-keltereiprodukte.de\/en\/wp-json\/wp\/v2\/pages\/114","targetHints":{"allow":["GET"]}}],"collection":[{"href":"https:\/\/mas-keltereiprodukte.de\/en\/wp-json\/wp\/v2\/pages"}],"about":[{"href":"https:\/\/mas-keltereiprodukte.de\/en\/wp-json\/wp\/v2\/types\/page"}],"author":[{"embeddable":true,"href":"https:\/\/mas-keltereiprodukte.de\/en\/wp-json\/wp\/v2\/users\/1"}],"replies":[{"embeddable":true,"href":"https:\/\/mas-keltereiprodukte.de\/en\/wp-json\/wp\/v2\/comments?post=114"}],"version-history":[{"count":16,"href":"https:\/\/mas-keltereiprodukte.de\/en\/wp-json\/wp\/v2\/pages\/114\/revisions"}],"predecessor-version":[{"id":2009,"href":"https:\/\/mas-keltereiprodukte.de\/en\/wp-json\/wp\/v2\/pages\/114\/revisions\/2009"}],"up":[{"embeddable":true,"href":"https:\/\/mas-keltereiprodukte.de\/en\/wp-json\/wp\/v2\/pages\/362"}],"wp:attachment":[{"href":"https:\/\/mas-keltereiprodukte.de\/en\/wp-json\/wp\/v2\/media?parent=114"}],"curies":[{"name":"wp","href":"https:\/\/api.w.org\/{rel}","templated":true}]}}